{"id":37202,"date":"2023-12-22T19:27:55","date_gmt":"2023-12-22T19:27:55","guid":{"rendered":"https:\/\/e.kosmolat.eu\/product\/cz-atsvaidzinoss-toniks-visiem-adas-tipiem-200-ml\/"},"modified":"2025-09-19T22:30:48","modified_gmt":"2025-09-19T22:30:48","slug":"cz-atsvaidzinoss-toniks-visiem-adas-tipiem-200-ml","status":"publish","type":"product","link":"https:\/\/e.kosmolat.eu\/lt\/produktas\/cz-atsvaidzinoss-toniks-visiem-adas-tipiem-200-ml\/","title":{"rendered":"\u010cIORNYJ \u017dEM\u010cIUG Gaivinantis tonikas  visiems odos tipams, 200 ml"},"content":{"rendered":"<p>Valymas + prie\u017ei\u016bra yra naujas valymo standartas. Unikali technologija: formul\u0117 su 20% aktyvaus serumo dr\u0117kina, maitina ir gerina odos elastingum\u0105 jau valymo stadijoje.<\/p>\n<p><strong>Naudojimas: <\/strong><\/p>\n<p>ryte ir vakare tepkite veid\u0105 vatos diskelio pagalba. D\u0117l nat\u016brali\u0173 ingredient\u0173 kiekio gali atsirasti nedideli\u0173 nuos\u0117d\u0173. Neturi \u012ftakos gaminio kokybei ir saugai.<\/p>\n","protected":false},"excerpt":{"rendered":"<p>Valymas + prie\u017ei\u016bra yra naujas valymo standartas. Unikali technologija: formul\u0117 su 20% aktyvaus serumo dr\u0117kina, maitina ir gerina odos elastingum\u0105 jau valymo stadijoje. Naudojimas: ryte ir vakare tepkite veid\u0105 vatos diskelio pagalba. D\u0117l nat\u016brali\u0173 ingredient\u0173 kiekio gali atsirasti nedideli\u0173 nuos\u0117d\u0173. Neturi \u012ftakos gaminio kokybei ir saugai.<\/p>\n","protected":false},"featured_media":86186,"template":"","meta":[],"product_cat":[1580],"product_tag":[],"class_list":{"0":"post-37202","1":"product","2":"type-product","3":"status-publish","4":"has-post-thumbnail","6":"product_brand-unilever-rus-lt","7":"product_cat-losjonai-ir-tonikai","9":"first","10":"outofstock","11":"taxable","12":"shipping-taxable","13":"product-type-simple"},"_links":{"self":[{"href":"https:\/\/e.kosmolat.eu\/lt\/wp-json\/wp\/v2\/product\/37202","targetHints":{"allow":["GET"]}}],"collection":[{"href":"https:\/\/e.kosmolat.eu\/lt\/wp-json\/wp\/v2\/product"}],"about":[{"href":"https:\/\/e.kosmolat.eu\/lt\/wp-json\/wp\/v2\/types\/product"}],"wp:featuredmedia":[{"embeddable":true,"href":"https:\/\/e.kosmolat.eu\/lt\/wp-json\/wp\/v2\/media\/86186"}],"wp:attachment":[{"href":"https:\/\/e.kosmolat.eu\/lt\/wp-json\/wp\/v2\/media?parent=37202"}],"wp:term":[{"taxonomy":"product_cat","embeddable":true,"href":"https:\/\/e.kosmolat.eu\/lt\/wp-json\/wp\/v2\/product_cat?post=37202"},{"taxonomy":"product_tag","embeddable":true,"href":"https:\/\/e.kosmolat.eu\/lt\/wp-json\/wp\/v2\/product_tag?post=37202"}],"curies":[{"name":"wp","href":"https:\/\/api.w.org\/{rel}","templated":true}]}}