{"id":37190,"date":"2023-12-22T19:26:46","date_gmt":"2023-12-22T19:26:46","guid":{"rendered":"https:\/\/e.kosmolat.eu\/product\/b-zone-pasta-sejas-attirisanai-80-g\/"},"modified":"2025-09-19T22:29:21","modified_gmt":"2025-09-19T22:29:21","slug":"b-zone-pasta-sejas-attirisanai-80-g","status":"publish","type":"product","link":"https:\/\/e.kosmolat.eu\/lt\/produktas\/b-zone-pasta-sejas-attirisanai-80-g\/","title":{"rendered":"BELKOSMEX B-ZONE  Veido valymo pasta  80 g"},"content":{"rendered":"<p>&Scaron;velni pasta \u0161velniai, bei efektyviai nuvalo problemin\u0119, \u012f paraudimus &nbsp;ir u\u017edegimus &nbsp;linkusi\u0105 od\u0105. Aktyvuota anglis + vulkaninio dirvo\u017eemio ekstraktas = detoksikuojantis poveikis aktyviai sugeria toksinus ir riebal\u0173 pertekli\u0173. MAT-XS&trade; klinikinis, revoliucinis klini\u0161kai \u012frodytas aktyvus ingredientas, skirtas riebiai, \u012f spuogus linkusiai odai, kovoja su odos b\u0117rimais ir ink\u0161tirais, sutraukia poras ir i\u0161laiko matin\u012f pavir\u0161i\u0173.<br \/>\n<strong>Nudojimo b\u016bdas:<\/strong><br \/>\n1 b\u016bdas: nedidel\u012f kiek\u012f put\u0173 suplakite delnuose \u0161iltu vandeniu, \u0161velniai masa\u017euokite veido od\u0105, gerai nuplaukite.<br \/>\n2 b\u016bdas: vakare u\u017etepkite lokaliai ant u\u017edegimo vietos. Palikite per nakt\u012f. Ryte nuplaukite.<\/p>\n","protected":false},"excerpt":{"rendered":"<p>&Scaron;velni pasta \u0161velniai, bei efektyviai nuvalo problemin\u0119, \u012f paraudimus &nbsp;ir u\u017edegimus &nbsp;linkusi\u0105 od\u0105. Aktyvuota anglis + vulkaninio dirvo\u017eemio ekstraktas = detoksikuojantis poveikis aktyviai sugeria toksinus ir riebal\u0173 pertekli\u0173. MAT-XS&trade; klinikinis, revoliucinis klini\u0161kai \u012frodytas aktyvus ingredientas, skirtas riebiai, \u012f spuogus linkusiai odai, kovoja su odos b\u0117rimais ir ink\u0161tirais, sutraukia poras ir i\u0161laiko matin\u012f pavir\u0161i\u0173. Nudojimo b\u016bdas: [&#8230;]\n","protected":false},"featured_media":86162,"template":"","meta":[],"product_cat":[1577],"product_tag":[],"class_list":{"0":"post-37190","1":"product","2":"type-product","3":"status-publish","4":"has-post-thumbnail","6":"product_brand-belkosmex_by-lt","7":"product_cat-gelis","9":"first","10":"outofstock","11":"taxable","12":"shipping-taxable","13":"product-type-simple"},"_links":{"self":[{"href":"https:\/\/e.kosmolat.eu\/lt\/wp-json\/wp\/v2\/product\/37190","targetHints":{"allow":["GET"]}}],"collection":[{"href":"https:\/\/e.kosmolat.eu\/lt\/wp-json\/wp\/v2\/product"}],"about":[{"href":"https:\/\/e.kosmolat.eu\/lt\/wp-json\/wp\/v2\/types\/product"}],"wp:featuredmedia":[{"embeddable":true,"href":"https:\/\/e.kosmolat.eu\/lt\/wp-json\/wp\/v2\/media\/86162"}],"wp:attachment":[{"href":"https:\/\/e.kosmolat.eu\/lt\/wp-json\/wp\/v2\/media?parent=37190"}],"wp:term":[{"taxonomy":"product_cat","embeddable":true,"href":"https:\/\/e.kosmolat.eu\/lt\/wp-json\/wp\/v2\/product_cat?post=37190"},{"taxonomy":"product_tag","embeddable":true,"href":"https:\/\/e.kosmolat.eu\/lt\/wp-json\/wp\/v2\/product_tag?post=37190"}],"curies":[{"name":"wp","href":"https:\/\/api.w.org\/{rel}","templated":true}]}}