{"id":37182,"date":"2023-12-22T19:25:59","date_gmt":"2023-12-22T19:25:59","guid":{"rendered":"https:\/\/e.kosmolat.eu\/product\/acu-enu-palete-intellect\/"},"modified":"2025-09-19T22:26:49","modified_gmt":"2025-09-19T22:26:49","slug":"acu-enu-palete-intellect","status":"publish","type":"product","link":"https:\/\/e.kosmolat.eu\/lt\/produktas\/acu-enu-palete-intellect\/","title":{"rendered":"BELOR DESIGN Intellect Aki\u0173 \u0161e\u0161\u0117li\u0173  palet\u0117, 9 g"},"content":{"rendered":"<p><strong>Naudojimas: <\/strong>Mink\u0161tu \u0161epet\u0117liu arba pir\u0161to galiuku u\u017etepkite pasirinktus atspalvius ant voko. Kruop\u0161\u010diai sumai\u0161ykite link smilkini\u0173, sukurdami skland\u0173 spalv\u0173 per\u0117jim\u0105.<\/p>\n","protected":false},"excerpt":{"rendered":"<p>Naudojimas: Mink\u0161tu \u0161epet\u0117liu arba pir\u0161to galiuku u\u017etepkite pasirinktus atspalvius ant voko. Kruop\u0161\u010diai sumai\u0161ykite link smilkini\u0173, sukurdami skland\u0173 spalv\u0173 per\u0117jim\u0105.<\/p>\n","protected":false},"featured_media":86118,"template":"","meta":[],"product_cat":[1295],"product_tag":[],"class_list":{"0":"post-37182","1":"product","2":"type-product","3":"status-publish","4":"has-post-thumbnail","6":"product_brand-belordizain_by-lt","7":"product_cat-akiu-seseliai","9":"first","10":"outofstock","11":"taxable","12":"shipping-taxable","13":"product-type-simple"},"_links":{"self":[{"href":"https:\/\/e.kosmolat.eu\/lt\/wp-json\/wp\/v2\/product\/37182","targetHints":{"allow":["GET"]}}],"collection":[{"href":"https:\/\/e.kosmolat.eu\/lt\/wp-json\/wp\/v2\/product"}],"about":[{"href":"https:\/\/e.kosmolat.eu\/lt\/wp-json\/wp\/v2\/types\/product"}],"wp:featuredmedia":[{"embeddable":true,"href":"https:\/\/e.kosmolat.eu\/lt\/wp-json\/wp\/v2\/media\/86118"}],"wp:attachment":[{"href":"https:\/\/e.kosmolat.eu\/lt\/wp-json\/wp\/v2\/media?parent=37182"}],"wp:term":[{"taxonomy":"product_cat","embeddable":true,"href":"https:\/\/e.kosmolat.eu\/lt\/wp-json\/wp\/v2\/product_cat?post=37182"},{"taxonomy":"product_tag","embeddable":true,"href":"https:\/\/e.kosmolat.eu\/lt\/wp-json\/wp\/v2\/product_tag?post=37182"}],"curies":[{"name":"wp","href":"https:\/\/api.w.org\/{rel}","templated":true}]}}