{"id":37174,"date":"2023-12-22T19:25:09","date_gmt":"2023-12-22T19:25:09","guid":{"rendered":"https:\/\/e.kosmolat.eu\/product\/claire-collagen-active-pro-mitrinoss-micel-udens-400-ml\/"},"modified":"2025-09-19T22:26:20","modified_gmt":"2025-09-19T22:26:20","slug":"claire-collagen-active-pro-mitrinoss-micel-udens-400-ml","status":"publish","type":"product","link":"https:\/\/e.kosmolat.eu\/lt\/produktas\/claire-collagen-active-pro-mitrinoss-micel-udens-400-ml\/","title":{"rendered":"CLAIRE Collagen Active Pro Dr\u0117kinantis micelinis vanduo, 400 ml"},"content":{"rendered":"<p>Vis\u0173 tip\u0173 odai, \u012fskaitant jautri\u0105. Dr\u0117kinamajame miceliniame vandenyje yra veikli\u0173j\u0173 med\u017eiag\u0173 kompleksas, gerinantis odos valymo proces\u0105. Priemon\u0117 \u0161velniai ir kruop\u0161\u010diai nuvalo makia\u017e\u0105, prisotina od\u0105 dr\u0117gme, gr\u0105\u017eina jai gaivi\u0105, spindin\u010di\u0105 i\u0161vaizd\u0105. Nesausina ir nedirgina. Tinka jautriai odai. Hidrolizuotas j\u016brinis kolagenas saugo od\u0105 nuo i\u0161saus\u0117jimo, pa\u0161alina sausumo ir tempimo jausm\u0105. Turi tonizuojant\u012f poveik\u012f. Skatina odos reljefo i\u0161lyginim\u0105. Hialurono r\u016bg\u0161tis aktyviai dr\u0117kina od\u0105, didina jos stangrum\u0105 ir elastingum\u0105. Palaiko hidrolipid\u0173 balans\u0105 ir apsaugo nuo dr\u0117gm\u0117s praradimo.<br \/>\nAminor\u016bg\u0161\u010di\u0173 kompleksas PRODEW 600 normalizuoja dr\u0117gm\u0117s &nbsp;balans\u0105, atkuria odos barjerines funkcijas. Pagreitina nat\u016bralius audini\u0173 regeneracijos procesus.<br \/>\nNaudojimo b\u016bdas: Nedidel\u012f kiek\u012f micelinio vandens u\u017etepkite ant vatos diskelio, nuvalykite veido ir kaklo od\u0105. Likusi\u0105 produkto dal\u012f nuplaukite \u0161iltu vandeniu.<br \/>\n&nbsp;<\/p>\n","protected":false},"excerpt":{"rendered":"<p>Vis\u0173 tip\u0173 odai, \u012fskaitant jautri\u0105. Dr\u0117kinamajame miceliniame vandenyje yra veikli\u0173j\u0173 med\u017eiag\u0173 kompleksas, gerinantis odos valymo proces\u0105. Priemon\u0117 \u0161velniai ir kruop\u0161\u010diai nuvalo makia\u017e\u0105, prisotina od\u0105 dr\u0117gme, gr\u0105\u017eina jai gaivi\u0105, spindin\u010di\u0105 i\u0161vaizd\u0105. Nesausina ir nedirgina. Tinka jautriai odai. Hidrolizuotas j\u016brinis kolagenas saugo od\u0105 nuo i\u0161saus\u0117jimo, pa\u0161alina sausumo ir tempimo jausm\u0105. Turi tonizuojant\u012f poveik\u012f. Skatina odos reljefo i\u0161lyginim\u0105. [&#8230;]\n","protected":false},"featured_media":86110,"template":"","meta":[],"product_cat":[1570],"product_tag":[],"class_list":{"0":"post-37174","1":"product","2":"type-product","3":"status-publish","4":"has-post-thumbnail","6":"product_brand-dilis-kosmetik_by-lt","7":"product_cat-micelinis-vanduo","9":"first","10":"outofstock","11":"taxable","12":"shipping-taxable","13":"product-type-simple"},"_links":{"self":[{"href":"https:\/\/e.kosmolat.eu\/lt\/wp-json\/wp\/v2\/product\/37174","targetHints":{"allow":["GET"]}}],"collection":[{"href":"https:\/\/e.kosmolat.eu\/lt\/wp-json\/wp\/v2\/product"}],"about":[{"href":"https:\/\/e.kosmolat.eu\/lt\/wp-json\/wp\/v2\/types\/product"}],"wp:featuredmedia":[{"embeddable":true,"href":"https:\/\/e.kosmolat.eu\/lt\/wp-json\/wp\/v2\/media\/86110"}],"wp:attachment":[{"href":"https:\/\/e.kosmolat.eu\/lt\/wp-json\/wp\/v2\/media?parent=37174"}],"wp:term":[{"taxonomy":"product_cat","embeddable":true,"href":"https:\/\/e.kosmolat.eu\/lt\/wp-json\/wp\/v2\/product_cat?post=37174"},{"taxonomy":"product_tag","embeddable":true,"href":"https:\/\/e.kosmolat.eu\/lt\/wp-json\/wp\/v2\/product_tag?post=37174"}],"curies":[{"name":"wp","href":"https:\/\/api.w.org\/{rel}","templated":true}]}}