{"id":37154,"date":"2023-12-22T19:23:16","date_gmt":"2023-12-22T19:23:16","guid":{"rendered":"https:\/\/e.kosmolat.eu\/product\/lv-lupu-spidums-hot-vanilla-301-tonis\/"},"modified":"2025-09-19T22:25:02","modified_gmt":"2025-09-19T22:25:02","slug":"lv-lupu-spidums-hot-vanilla-301-tonis-2-9-ml","status":"publish","type":"product","link":"https:\/\/e.kosmolat.eu\/lt\/produktas\/lv-lupu-spidums-hot-vanilla-301-tonis-2-9-ml\/","title":{"rendered":"\u012e\u0117\u0435\u0441\u043a-\u043f\u0117\u0105\u043c\u043f\u0435\u0161 \u00e4\u0117\u044f n\u0443\u012f LUXVISAGE LIP volumizer hot vanilla, 301 \u0442\u043e\u043d 4811329036450"},"content":{"rendered":"<\/p>\n","protected":false},"excerpt":{"rendered":"","protected":false},"featured_media":86090,"template":"","meta":[],"product_cat":[1273],"product_tag":[],"class_list":{"0":"post-37154","1":"product","2":"type-product","3":"status-publish","4":"has-post-thumbnail","6":"product_brand-lux-visage_by-lt","7":"product_cat-lupu-blizgesys","9":"first","10":"outofstock","11":"taxable","12":"shipping-taxable","13":"product-type-simple"},"_links":{"self":[{"href":"https:\/\/e.kosmolat.eu\/lt\/wp-json\/wp\/v2\/product\/37154","targetHints":{"allow":["GET"]}}],"collection":[{"href":"https:\/\/e.kosmolat.eu\/lt\/wp-json\/wp\/v2\/product"}],"about":[{"href":"https:\/\/e.kosmolat.eu\/lt\/wp-json\/wp\/v2\/types\/product"}],"wp:featuredmedia":[{"embeddable":true,"href":"https:\/\/e.kosmolat.eu\/lt\/wp-json\/wp\/v2\/media\/86090"}],"wp:attachment":[{"href":"https:\/\/e.kosmolat.eu\/lt\/wp-json\/wp\/v2\/media?parent=37154"}],"wp:term":[{"taxonomy":"product_cat","embeddable":true,"href":"https:\/\/e.kosmolat.eu\/lt\/wp-json\/wp\/v2\/product_cat?post=37154"},{"taxonomy":"product_tag","embeddable":true,"href":"https:\/\/e.kosmolat.eu\/lt\/wp-json\/wp\/v2\/product_tag?post=37154"}],"curies":[{"name":"wp","href":"https:\/\/api.w.org\/{rel}","templated":true}]}}