{"id":37150,"date":"2023-12-22T19:22:47","date_gmt":"2023-12-22T19:22:47","guid":{"rendered":"https:\/\/e.kosmolat.eu\/product\/claire-collagen-active-pro-mitrinosa-sejas-maska-100-ml\/"},"modified":"2025-09-19T22:23:53","modified_gmt":"2025-09-19T22:23:53","slug":"claire-collagen-active-pro-mitrinosa-sejas-maska-100-ml","status":"publish","type":"product","link":"https:\/\/e.kosmolat.eu\/lt\/produktas\/claire-collagen-active-pro-mitrinosa-sejas-maska-100-ml\/","title":{"rendered":"CLAIRE Collagen Active Pro dr\u0117kinanti veido kauk\u0117, 100 ml"},"content":{"rendered":"<p>Vis\u0173 tip\u0173 odai. Pagerina odos tonus\u0105. Giliai dr\u0117kina. Ramina ir atkuria. Skirtas giliai dr\u0117kinti vis\u0173 tip\u0173 od\u0105, ypa\u010d rekomenduojamas dehidratuotos, sausos ir praradusios spindes\u012f odos prie\u017ei\u016brai. Hidrolizuotas kolagenas skatina nuosavo kolageno sintez\u0119, gerina odos tonus\u0105, lygina smulkias rauk\u0161leles.<br \/>\nSkirtingos molekulin\u0117s mas\u0117s hialurono r\u016bg\u0161tis turi ry\u0161k\u0173 dr\u0117kinam\u0105j\u012f poveik\u012f. Skatina odos prisotinim\u0105 deguonimi ir pa\u0161alina &bdquo;pavargusio veido&ldquo; simptomus. Novatori\u0161kas dr\u0117kinamasis kompleksas HYDROMANIL apsaugo nuo dr\u0117gm\u0117s praradimo ir turi ilgalaik\u012f dr\u0117kinam\u0105j\u012f poveik\u012f.&nbsp;<br \/>\nNaudojimas: tolygiai u\u017etepkite kauk\u0119 ant nuvalytos veido ir kaklo odos, ne\u012fskaitant srities aplink akis. Po 15-20 minu\u010di\u0173 nuplaukite \u0161iltu vandeniu. Norint pasiekti maksimal\u0173 efekt\u0105, proced\u016br\u0105 kartokite 1-2 kartus per savait\u0119.<br \/>\n&nbsp;<\/p>\n","protected":false},"excerpt":{"rendered":"<p>Vis\u0173 tip\u0173 odai. Pagerina odos tonus\u0105. Giliai dr\u0117kina. Ramina ir atkuria. Skirtas giliai dr\u0117kinti vis\u0173 tip\u0173 od\u0105, ypa\u010d rekomenduojamas dehidratuotos, sausos ir praradusios spindes\u012f odos prie\u017ei\u016brai. Hidrolizuotas kolagenas skatina nuosavo kolageno sintez\u0119, gerina odos tonus\u0105, lygina smulkias rauk\u0161leles. Skirtingos molekulin\u0117s mas\u0117s hialurono r\u016bg\u0161tis turi ry\u0161k\u0173 dr\u0117kinam\u0105j\u012f poveik\u012f. Skatina odos prisotinim\u0105 deguonimi ir pa\u0161alina &bdquo;pavargusio veido&ldquo; [&#8230;]\n","protected":false},"featured_media":86070,"template":"","meta":[],"product_cat":[1369],"product_tag":[],"class_list":{"0":"post-37150","1":"product","2":"type-product","3":"status-publish","4":"has-post-thumbnail","6":"product_brand-dilis-kosmetik_by-lt","7":"product_cat-veido-kaukes","9":"first","10":"outofstock","11":"taxable","12":"shipping-taxable","13":"product-type-simple"},"_links":{"self":[{"href":"https:\/\/e.kosmolat.eu\/lt\/wp-json\/wp\/v2\/product\/37150","targetHints":{"allow":["GET"]}}],"collection":[{"href":"https:\/\/e.kosmolat.eu\/lt\/wp-json\/wp\/v2\/product"}],"about":[{"href":"https:\/\/e.kosmolat.eu\/lt\/wp-json\/wp\/v2\/types\/product"}],"wp:featuredmedia":[{"embeddable":true,"href":"https:\/\/e.kosmolat.eu\/lt\/wp-json\/wp\/v2\/media\/86070"}],"wp:attachment":[{"href":"https:\/\/e.kosmolat.eu\/lt\/wp-json\/wp\/v2\/media?parent=37150"}],"wp:term":[{"taxonomy":"product_cat","embeddable":true,"href":"https:\/\/e.kosmolat.eu\/lt\/wp-json\/wp\/v2\/product_cat?post=37150"},{"taxonomy":"product_tag","embeddable":true,"href":"https:\/\/e.kosmolat.eu\/lt\/wp-json\/wp\/v2\/product_tag?post=37150"}],"curies":[{"name":"wp","href":"https:\/\/api.w.org\/{rel}","templated":true}]}}