{"id":37142,"date":"2023-12-22T19:21:46","date_gmt":"2023-12-22T19:21:46","guid":{"rendered":"https:\/\/e.kosmolat.eu\/product\/claire-nakts-krems-45-50-ml\/"},"modified":"2025-09-19T22:15:38","modified_gmt":"2025-09-19T22:15:38","slug":"claire-collagen-active-pro-nakts-krems-45-50-ml","status":"publish","type":"product","link":"https:\/\/e.kosmolat.eu\/lt\/produktas\/claire-collagen-active-pro-nakts-krems-45-50-ml\/","title":{"rendered":"CLAIRE Collagen Active Pro Naktinis kremas 45+, 50 ml"},"content":{"rendered":"<p>Vis\u0173 tip\u0173 odai. Suma\u017eina rauk\u0161li\u0173 atsiradim\u0105. Aktyviai dr\u0117kina. Modeliuoja veido kont\u016br\u0105. Colasurge, hidrolizuotas j\u016brinis kolagenas, pagreitina l\u0105steli\u0173 atsinaujinim\u0105, kad b\u016bt\u0173 kovojama su sen\u0117jimo po\u017eymiais. Dr\u0117kina, praturtina od\u0105 nepakei\u010diamomis amino r\u016bg\u0161timis. I\u0161lygina ir pagerina jo elastingum\u0105. Didel\u0117s molekulin\u0117s mas\u0117s hialurono r\u016bg\u0161tis u\u017etikrina pavir\u0161iaus dr\u0117kinim\u0105, apsaugo nuo dr\u0117gm\u0117s praradimo. Suteikia odai gaivi\u0105 ir pails\u0117jusi\u0105 i\u0161vaizd\u0105, atkuria elastingum\u0105. Atkuria odos barjerin\u0119 funkcij\u0105. Ma\u017eos molekulin\u0117s mas\u0117s hialurono r\u016bg\u0161tis prasiskverbia \u012f giliuosius odos sluoksnius, prisotindama j\u0105 dr\u0117gme, deguonimi, maistin\u0117mis med\u017eiagomis. I\u0161laiko optimal\u0173 dr\u0117gm\u0117s balans\u0105, aktyvina nuosavoss hialurono r\u016bg\u0161ties sintez\u0119. Aktyvus SUBLISKIN kompleksas susideda i\u0161 oligosacharid\u0173, kurie skatina ekstral\u0105stelin\u0117s matricos komponent\u0173 gamyb\u0105. D\u0117l to padid\u0117ja odos tankis ir elastingumas, suma\u017e\u0117ja rauk\u0161li\u0173 skai\u010dius, atkuriamas veido ovalas.<br \/>\nNaudojimas: vakare tepkite krem\u0105 ant nuvalyto veido i\u0161ilgai masa\u017eo linij\u0173. Norint pasiekti maksimal\u0173 efekt\u0105, od\u0105 rekomenduojama i\u0161 anksto sudr\u0117kinti COLLAGEN ACTIVE PRO toniku.<br \/>\n&nbsp;<\/p>\n","protected":false},"excerpt":{"rendered":"<p>Vis\u0173 tip\u0173 odai. Suma\u017eina rauk\u0161li\u0173 atsiradim\u0105. Aktyviai dr\u0117kina. Modeliuoja veido kont\u016br\u0105. Colasurge, hidrolizuotas j\u016brinis kolagenas, pagreitina l\u0105steli\u0173 atsinaujinim\u0105, kad b\u016bt\u0173 kovojama su sen\u0117jimo po\u017eymiais. Dr\u0117kina, praturtina od\u0105 nepakei\u010diamomis amino r\u016bg\u0161timis. I\u0161lygina ir pagerina jo elastingum\u0105. Didel\u0117s molekulin\u0117s mas\u0117s hialurono r\u016bg\u0161tis u\u017etikrina pavir\u0161iaus dr\u0117kinim\u0105, apsaugo nuo dr\u0117gm\u0117s praradimo. Suteikia odai gaivi\u0105 ir pails\u0117jusi\u0105 i\u0161vaizd\u0105, atkuria elastingum\u0105. [&#8230;]\n","protected":false},"featured_media":85930,"template":"","meta":[],"product_cat":[1322],"product_tag":[],"class_list":{"0":"post-37142","1":"product","2":"type-product","3":"status-publish","4":"has-post-thumbnail","6":"product_brand-dilis-kosmetik_by-lt","7":"product_cat-veido-kremai","9":"first","10":"outofstock","11":"taxable","12":"shipping-taxable","13":"product-type-simple"},"_links":{"self":[{"href":"https:\/\/e.kosmolat.eu\/lt\/wp-json\/wp\/v2\/product\/37142","targetHints":{"allow":["GET"]}}],"collection":[{"href":"https:\/\/e.kosmolat.eu\/lt\/wp-json\/wp\/v2\/product"}],"about":[{"href":"https:\/\/e.kosmolat.eu\/lt\/wp-json\/wp\/v2\/types\/product"}],"wp:featuredmedia":[{"embeddable":true,"href":"https:\/\/e.kosmolat.eu\/lt\/wp-json\/wp\/v2\/media\/85930"}],"wp:attachment":[{"href":"https:\/\/e.kosmolat.eu\/lt\/wp-json\/wp\/v2\/media?parent=37142"}],"wp:term":[{"taxonomy":"product_cat","embeddable":true,"href":"https:\/\/e.kosmolat.eu\/lt\/wp-json\/wp\/v2\/product_cat?post=37142"},{"taxonomy":"product_tag","embeddable":true,"href":"https:\/\/e.kosmolat.eu\/lt\/wp-json\/wp\/v2\/product_tag?post=37142"}],"curies":[{"name":"wp","href":"https:\/\/api.w.org\/{rel}","templated":true}]}}