{"id":37138,"date":"2023-12-22T19:21:13","date_gmt":"2023-12-22T19:21:13","guid":{"rendered":"https:\/\/e.kosmolat.eu\/product\/claire-dienas-krems-45-50-ml\/"},"modified":"2025-09-19T22:15:16","modified_gmt":"2025-09-19T22:15:16","slug":"claire-collagen-active-pro-dienas-krems-45-50-ml","status":"publish","type":"product","link":"https:\/\/e.kosmolat.eu\/lt\/produktas\/claire-collagen-active-pro-dienas-krems-45-50-ml\/","title":{"rendered":"CLAIRE Collagen Active Pro Dieninis kremas 45+, 50 ml"},"content":{"rendered":"<p>I\u0161lygina odos mikroreljef\u0105. Atkuria stangrum\u0105. I\u0161lygina rauk\u0161les.<br \/>\nHidrolizuotas j\u016brinis kolagenas Collasurge i\u0161lygina epidermio mikroreljef\u0105. Skatina nuosavo kolageno sintez\u0119 ir aktyvina l\u0105steli\u0173 regeneracij\u0105. Dr\u0117kina od\u0105, i\u0161lygina smulkias rauk\u0161leles ir ma\u017eina gili\u0173 rauk\u0161li\u0173 atsiradim\u0105.<br \/>\nDidel\u0117s molekulin\u0117s mas\u0117s hialurono r\u016bg\u0161tis u\u017etikrina pavir\u0161iaus dr\u0117kinim\u0105, apsaugo nuo dr\u0117gm\u0117s praradimo. Suteikia odai \u0161vytin\u010di\u0105, tonizuot\u0105 i\u0161vaizd\u0105, atkuria elastingum\u0105. Atkuria odos barjerin\u0119 funkcij\u0105. Ma\u017eos molekulin\u0117s mas\u0117s hialurono r\u016bg\u0161tis prasiskverbia \u012f giliuosius odos sluoksnius, prisotindama j\u0105 dr\u0117gme, deguonimi, maistin\u0117mis med\u017eiagomis. I\u0161laiko optimal\u0173 dr\u0117gm\u0117s balans\u0105, aktyvina nuovos hialurono r\u016bg\u0161ties sintez\u0119. Trij\u0173 pakop\u0173 dr\u0117kinimo sistema Trimoist KMF reguliuoja dr\u0117gm\u0117s balans\u0105, u\u017etikrina momentin\u012f epidermio raginio sluoksnio dr\u0117kinim\u0105. I\u0161lygina gilias rauk\u0161les ir l\u0117tina sen\u0117jimo proces\u0105. Stiprina odos barjerin\u0119 funkcij\u0105.<br \/>\nNaudojimo instrukcija: ryte tepkite ant nuvalyto veido i\u0161ilgai masa\u017eo linij\u0173. Norint pasiekti maksimal\u0173 efekt\u0105, od\u0105 rekomenduojama i\u0161 anksto sudr\u0117kinti toniku. Kremas gali b\u016bti naudojamas kaip makia\u017eo pagrindas.<br \/>\n&nbsp;<\/p>\n","protected":false},"excerpt":{"rendered":"<p>I\u0161lygina odos mikroreljef\u0105. Atkuria stangrum\u0105. I\u0161lygina rauk\u0161les. Hidrolizuotas j\u016brinis kolagenas Collasurge i\u0161lygina epidermio mikroreljef\u0105. Skatina nuosavo kolageno sintez\u0119 ir aktyvina l\u0105steli\u0173 regeneracij\u0105. Dr\u0117kina od\u0105, i\u0161lygina smulkias rauk\u0161leles ir ma\u017eina gili\u0173 rauk\u0161li\u0173 atsiradim\u0105. Didel\u0117s molekulin\u0117s mas\u0117s hialurono r\u016bg\u0161tis u\u017etikrina pavir\u0161iaus dr\u0117kinim\u0105, apsaugo nuo dr\u0117gm\u0117s praradimo. Suteikia odai \u0161vytin\u010di\u0105, tonizuot\u0105 i\u0161vaizd\u0105, atkuria elastingum\u0105. Atkuria odos barjerin\u0119 funkcij\u0105. [&#8230;]\n","protected":false},"featured_media":85926,"template":"","meta":[],"product_cat":[1322],"product_tag":[],"class_list":{"0":"post-37138","1":"product","2":"type-product","3":"status-publish","4":"has-post-thumbnail","6":"product_brand-dilis-kosmetik_by-lt","7":"product_cat-veido-kremai","9":"first","10":"outofstock","11":"taxable","12":"shipping-taxable","13":"product-type-simple"},"_links":{"self":[{"href":"https:\/\/e.kosmolat.eu\/lt\/wp-json\/wp\/v2\/product\/37138","targetHints":{"allow":["GET"]}}],"collection":[{"href":"https:\/\/e.kosmolat.eu\/lt\/wp-json\/wp\/v2\/product"}],"about":[{"href":"https:\/\/e.kosmolat.eu\/lt\/wp-json\/wp\/v2\/types\/product"}],"wp:featuredmedia":[{"embeddable":true,"href":"https:\/\/e.kosmolat.eu\/lt\/wp-json\/wp\/v2\/media\/85926"}],"wp:attachment":[{"href":"https:\/\/e.kosmolat.eu\/lt\/wp-json\/wp\/v2\/media?parent=37138"}],"wp:term":[{"taxonomy":"product_cat","embeddable":true,"href":"https:\/\/e.kosmolat.eu\/lt\/wp-json\/wp\/v2\/product_cat?post=37138"},{"taxonomy":"product_tag","embeddable":true,"href":"https:\/\/e.kosmolat.eu\/lt\/wp-json\/wp\/v2\/product_tag?post=37138"}],"curies":[{"name":"wp","href":"https:\/\/api.w.org\/{rel}","templated":true}]}}