{"id":37126,"date":"2023-12-22T19:19:42","date_gmt":"2023-12-22T19:19:42","guid":{"rendered":"https:\/\/e.kosmolat.eu\/product\/claire-nakts-krems-35\/"},"modified":"2025-09-19T22:14:32","modified_gmt":"2025-09-19T22:14:32","slug":"claire-collagen-active-pro-nakts-krems-35","status":"publish","type":"product","link":"https:\/\/e.kosmolat.eu\/lt\/produktas\/claire-collagen-active-pro-nakts-krems-35\/","title":{"rendered":"CLAIRE Collagen Active Pro Naktinis kremas 35+, 50 ml"},"content":{"rendered":"<p>Padidina tank\u012f ir elastingum\u0105. Palaiko optimal\u0173 dr\u0117gm\u0117s &nbsp;balans\u0105. Pa&scaron;alina nuovargio po\u017eymius. Vis\u0173 tip\u0173 odai.&nbsp;<\/p>\n<ul>\n<li>Hidrolizuotas j\u016brinis kolagenas Crotein M padidina odos turgor\u0105, tankum\u0105 ir elastingum\u0105. Praturtina j\u012f esminiais antioksidantais. I&scaron;lygina odos reljef\u0105, pagreitina epidermio atsinaujinim\u0105. L\u0117tina su am\u017eiumi susijusius poky\u010dius.<\/li>\n<li>Didel\u0117s molekulin\u0117s mas\u0117s hialurono r\u016bg&scaron;tis u\u017etikrina pavir&scaron;iaus dr\u0117kinim\u0105, apsaugo nuo dr\u0117gm\u0117s praradimo. Suteikia odai &scaron;vytin\u010di\u0105, tonuot\u0105 i&scaron;vaizd\u0105, atkuria stangrum\u0105. Atkuria odos barjerin\u0119 funkcij\u0105.<\/li>\n<li>Ma\u017eos molekulin\u0117s mas\u0117s hialurono r\u016bg&scaron;tis aktyviai dr\u0117kina od\u0105 i&scaron; vidaus. Stimuliuoja kolageno ir elastino skaidul\u0173 sintez\u0119, taip pat skatina j\u0173 fiksavim\u0105 teisingoje pad\u0117tyje. D\u0117l to oda tampa stangresn\u0117 ir stipresn\u0117.<\/li>\n<li>DermCom aktyvus kompleksas &ndash; turintis &scaron;afrano svog\u016bn\u0117li\u0173 ekstrakto, greitina med\u017eiag\u0173 apykait\u0105, atkuria tarpl\u0105stelin\u0119 matric\u0105. Skatina gil\u0173 dr\u0117kinim\u0105 ir i&scaron;lygina rauk&scaron;les. Jis turi antioksidacini\u0173 ir prie&scaron;u\u017edegimini\u0173 savybi\u0173.<\/li>\n<\/ul>\n<p><strong>Naudojimas: <\/strong>vakare tepkite krem\u0105 ant nuvalyto veido i&scaron;ilgai masa\u017eo linij\u0173. Norint pasiekti maksimal\u0173 efekt\u0105, od\u0105 rekomenduojama i&scaron; anksto sudr\u0117kinti COLLAGEN ACTIVE PRO toniku.<br \/>\n&nbsp;<\/p>\n","protected":false},"excerpt":{"rendered":"<p>Padidina tank\u012f ir elastingum\u0105. Palaiko optimal\u0173 dr\u0117gm\u0117s &nbsp;balans\u0105. Pa&scaron;alina nuovargio po\u017eymius. Vis\u0173 tip\u0173 odai.&nbsp; Hidrolizuotas j\u016brinis kolagenas Crotein M padidina odos turgor\u0105, tankum\u0105 ir elastingum\u0105. Praturtina j\u012f esminiais antioksidantais. I&scaron;lygina odos reljef\u0105, pagreitina epidermio atsinaujinim\u0105. L\u0117tina su am\u017eiumi susijusius poky\u010dius. Didel\u0117s molekulin\u0117s mas\u0117s hialurono r\u016bg&scaron;tis u\u017etikrina pavir&scaron;iaus dr\u0117kinim\u0105, apsaugo nuo dr\u0117gm\u0117s praradimo. Suteikia odai &scaron;vytin\u010di\u0105, [&#8230;]\n","protected":false},"featured_media":85914,"template":"","meta":[],"product_cat":[1322],"product_tag":[],"class_list":{"0":"post-37126","1":"product","2":"type-product","3":"status-publish","4":"has-post-thumbnail","6":"product_brand-dilis-kosmetik_by-lt","7":"product_cat-veido-kremai","9":"first","10":"outofstock","11":"taxable","12":"shipping-taxable","13":"product-type-simple"},"_links":{"self":[{"href":"https:\/\/e.kosmolat.eu\/lt\/wp-json\/wp\/v2\/product\/37126","targetHints":{"allow":["GET"]}}],"collection":[{"href":"https:\/\/e.kosmolat.eu\/lt\/wp-json\/wp\/v2\/product"}],"about":[{"href":"https:\/\/e.kosmolat.eu\/lt\/wp-json\/wp\/v2\/types\/product"}],"wp:featuredmedia":[{"embeddable":true,"href":"https:\/\/e.kosmolat.eu\/lt\/wp-json\/wp\/v2\/media\/85914"}],"wp:attachment":[{"href":"https:\/\/e.kosmolat.eu\/lt\/wp-json\/wp\/v2\/media?parent=37126"}],"wp:term":[{"taxonomy":"product_cat","embeddable":true,"href":"https:\/\/e.kosmolat.eu\/lt\/wp-json\/wp\/v2\/product_cat?post=37126"},{"taxonomy":"product_tag","embeddable":true,"href":"https:\/\/e.kosmolat.eu\/lt\/wp-json\/wp\/v2\/product_tag?post=37126"}],"curies":[{"name":"wp","href":"https:\/\/api.w.org\/{rel}","templated":true}]}}