{"id":37114,"date":"2023-12-22T19:18:25","date_gmt":"2023-12-22T19:18:25","guid":{"rendered":"https:\/\/e.kosmolat.eu\/product\/claire-collagen-active-pro-roku-krems-mitrinoss-50-ml\/"},"modified":"2025-09-19T22:13:46","modified_gmt":"2025-09-19T22:13:46","slug":"claire-collagen-active-pro-roku-krems-mitrinoss-50-ml","status":"publish","type":"product","link":"https:\/\/e.kosmolat.eu\/lt\/produktas\/claire-collagen-active-pro-roku-krems-mitrinoss-50-ml\/","title":{"rendered":"CLAIRE Collagen Active Pro Dr\u0117kinantis rank\u0173 kremas"},"content":{"rendered":"<p>Giliai dr\u0117kina, gerina stangrum\u0105 ir elastingum\u0105, atkuria apsaugin\u012f odos barjer\u0105.<br \/>\nSuteikia momentin\u012f dr\u0117kinam\u0105j\u012f poveik\u012f. Hidrolizuotas j\u016brinis kolagenas saugo od\u0105 nuo i\u0161saus\u0117jimo. Pa\u0161alina sausum\u0105, rank\u0173 od\u0105 padaro ypa\u010d \u0161velni\u0105. \u012evairios molekulin\u0117s mas\u0117so hialurono r\u016bg\u0161tis u\u017etikrina ilgalaik\u012f odos dr\u0117kinim\u0105 visais lygmenimis. Inovatyvus Hydromanil kompleksas atkuria ir palaiko odos barjerines funkcijas.<br \/>\nKokos\u0173 aliejus ramina ir maitina od\u0105, gerina jos stangrum\u0105 ir elastingum\u0105. Stiprina nag\u0173 plok\u0161teles ir skatina j\u0173 augim\u0105. Suteikia rankoms akimirksniu \u0161velnumo, \u0161velnumo ir aksomo.<br \/>\nNaudojimas: nedidel\u012f kiek\u012f kremo u\u017etepkite ant \u0161varios, sausos rank\u0173 odos, \u0161velniai masa\u017euokite, kol visi\u0161kai \u012fsigers. Naudokite pagal poreik\u012f.<br \/>\n&nbsp;<\/p>\n","protected":false},"excerpt":{"rendered":"<p>Giliai dr\u0117kina, gerina stangrum\u0105 ir elastingum\u0105, atkuria apsaugin\u012f odos barjer\u0105. Suteikia momentin\u012f dr\u0117kinam\u0105j\u012f poveik\u012f. Hidrolizuotas j\u016brinis kolagenas saugo od\u0105 nuo i\u0161saus\u0117jimo. Pa\u0161alina sausum\u0105, rank\u0173 od\u0105 padaro ypa\u010d \u0161velni\u0105. \u012evairios molekulin\u0117s mas\u0117so hialurono r\u016bg\u0161tis u\u017etikrina ilgalaik\u012f odos dr\u0117kinim\u0105 visais lygmenimis. Inovatyvus Hydromanil kompleksas atkuria ir palaiko odos barjerines funkcijas. Kokos\u0173 aliejus ramina ir maitina od\u0105, gerina [&#8230;]\n","protected":false},"featured_media":85902,"template":"","meta":[],"product_cat":[1304],"product_tag":[],"class_list":{"0":"post-37114","1":"product","2":"type-product","3":"status-publish","4":"has-post-thumbnail","6":"product_brand-dilis-kosmetik_by-lt","7":"product_cat-ranku-prieziuros-kosmetika","9":"first","10":"outofstock","11":"taxable","12":"shipping-taxable","13":"product-type-simple"},"_links":{"self":[{"href":"https:\/\/e.kosmolat.eu\/lt\/wp-json\/wp\/v2\/product\/37114","targetHints":{"allow":["GET"]}}],"collection":[{"href":"https:\/\/e.kosmolat.eu\/lt\/wp-json\/wp\/v2\/product"}],"about":[{"href":"https:\/\/e.kosmolat.eu\/lt\/wp-json\/wp\/v2\/types\/product"}],"wp:featuredmedia":[{"embeddable":true,"href":"https:\/\/e.kosmolat.eu\/lt\/wp-json\/wp\/v2\/media\/85902"}],"wp:attachment":[{"href":"https:\/\/e.kosmolat.eu\/lt\/wp-json\/wp\/v2\/media?parent=37114"}],"wp:term":[{"taxonomy":"product_cat","embeddable":true,"href":"https:\/\/e.kosmolat.eu\/lt\/wp-json\/wp\/v2\/product_cat?post=37114"},{"taxonomy":"product_tag","embeddable":true,"href":"https:\/\/e.kosmolat.eu\/lt\/wp-json\/wp\/v2\/product_tag?post=37114"}],"curies":[{"name":"wp","href":"https:\/\/api.w.org\/{rel}","templated":true}]}}