{"id":37062,"date":"2023-12-22T19:14:21","date_gmt":"2023-12-22T19:14:21","guid":{"rendered":"https:\/\/e.kosmolat.eu\/product\/putzi-zobu-birste-ipasi-miksta\/"},"modified":"2025-09-19T22:48:29","modified_gmt":"2025-09-19T22:48:29","slug":"putzi-zobu-birste-ipasi-miksta","status":"publish","type":"product","link":"https:\/\/e.kosmolat.eu\/lt\/produktas\/putzi-zobu-birste-ipasi-miksta\/","title":{"rendered":"Putzi Dant\u0173 \u0161epet\u0117lis, itin mink\u0161tas"},"content":{"rendered":"<p>Itin mink\u0161ti \u0161ereliai.Sukurta naudoti nuo 2 met\u0173 am\u017eiaus.<\/p>\n","protected":false},"excerpt":{"rendered":"<p>Itin mink\u0161ti \u0161ereliai.Sukurta naudoti nuo 2 met\u0173 am\u017eiaus.<\/p>\n","protected":false},"featured_media":86462,"template":"","meta":[],"product_cat":[1337],"product_tag":[],"class_list":{"0":"post-37062","1":"product","2":"type-product","3":"status-publish","4":"has-post-thumbnail","6":"product_brand-dental_de-lt","7":"product_cat-burnos-higiena","9":"first","10":"outofstock","11":"taxable","12":"shipping-taxable","13":"product-type-simple"},"_links":{"self":[{"href":"https:\/\/e.kosmolat.eu\/lt\/wp-json\/wp\/v2\/product\/37062","targetHints":{"allow":["GET"]}}],"collection":[{"href":"https:\/\/e.kosmolat.eu\/lt\/wp-json\/wp\/v2\/product"}],"about":[{"href":"https:\/\/e.kosmolat.eu\/lt\/wp-json\/wp\/v2\/types\/product"}],"wp:featuredmedia":[{"embeddable":true,"href":"https:\/\/e.kosmolat.eu\/lt\/wp-json\/wp\/v2\/media\/86462"}],"wp:attachment":[{"href":"https:\/\/e.kosmolat.eu\/lt\/wp-json\/wp\/v2\/media?parent=37062"}],"wp:term":[{"taxonomy":"product_cat","embeddable":true,"href":"https:\/\/e.kosmolat.eu\/lt\/wp-json\/wp\/v2\/product_cat?post=37062"},{"taxonomy":"product_tag","embeddable":true,"href":"https:\/\/e.kosmolat.eu\/lt\/wp-json\/wp\/v2\/product_tag?post=37062"}],"curies":[{"name":"wp","href":"https:\/\/api.w.org\/{rel}","templated":true}]}}