{"id":37026,"date":"2023-12-22T19:11:41","date_gmt":"2023-12-22T19:11:41","guid":{"rendered":"https:\/\/e.kosmolat.eu\/product\/dr-s-hyaluron-hair-deep-hydration-aqua-krems-100-ml\/"},"modified":"2025-09-19T22:07:35","modified_gmt":"2025-09-19T22:07:35","slug":"i_dr-s-hyaluron-hair-deep-hydration-aqua-krems-100-ml","status":"publish","type":"product","link":"https:\/\/e.kosmolat.eu\/lt\/produktas\/i_dr-s-hyaluron-hair-deep-hydration-aqua-krems-100-ml\/","title":{"rendered":"I_Dr. Sante HyaluronHair Aqua kremas, 100 ml"},"content":{"rendered":"<p>Hyaluron Hair serija yra plauk\u0173 dr\u0117kinimo programa. Hialurono r\u016bg\u0161ties molekuli\u0173 sinergija ir augalinis dr\u0117kinamasis kompleksas suteikia 3D efekt\u0105: blizges\u012f, glotnum\u0105, elastingum\u0105.<br \/>\nDr\u0117gm\u0117s kompleksas 4 viename &ndash; skirtingo molekulinio svorio augalini\u0173 dr\u0117kinam\u0173j\u0173 priemoni\u0173 ir hialurono r\u016bg\u0161\u010di\u0173 mi\u0161inys, sukuriantis optimizuot\u0105 vietin\u0119 buferin\u0119 vandens pl\u0117vel\u0119 ant plauk\u0173 stiebo.<\/p>\n<ul>\n<li>Turtingas hidrokremas suteikia glotnumo ir \u0161velnumo, i\u0161saugo da\u017eyt\u0173 plauk\u0173 spalv\u0105.<\/li>\n<li>Hialurono r\u016bg\u0161tis suteikia galvos odai reikiamos dr\u0117gm\u0117s, gerina nat\u016bral\u0173 plauk\u0173 vandens balans\u0105.<\/li>\n<li>Alavij\u0173 gelis palaiko tinkam\u0105 dr\u0117gm\u0117s lyg\u012f ir apsaugo nuo plauk\u0173 l\u016b\u017ein\u0117jimo.<\/li>\n<\/ul>\n<p><strong>Naudojimo b\u016bdas: <\/strong>&nbsp;Tepkite ant dr\u0117gn\u0173 arba saus\u0173 plauk\u0173. Nenuplaukite.<\/p>\n<p><strong>Atsargumo priemon\u0117s: <\/strong>&nbsp;Patekus \u012f akis, praplauti vandeniu. Galimas padid\u0117j\u0119s individualus jautrumas atskiriems komponentams.&nbsp;<\/p>\n","protected":false},"excerpt":{"rendered":"<p>Hyaluron Hair serija yra plauk\u0173 dr\u0117kinimo programa. Hialurono r\u016bg\u0161ties molekuli\u0173 sinergija ir augalinis dr\u0117kinamasis kompleksas suteikia 3D efekt\u0105: blizges\u012f, glotnum\u0105, elastingum\u0105. Dr\u0117gm\u0117s kompleksas 4 viename &ndash; skirtingo molekulinio svorio augalini\u0173 dr\u0117kinam\u0173j\u0173 priemoni\u0173 ir hialurono r\u016bg\u0161\u010di\u0173 mi\u0161inys, sukuriantis optimizuot\u0105 vietin\u0119 buferin\u0119 vandens pl\u0117vel\u0119 ant plauk\u0173 stiebo. Turtingas hidrokremas suteikia glotnumo ir \u0161velnumo, i\u0161saugo da\u017eyt\u0173 plauk\u0173 spalv\u0105. [&#8230;]\n","protected":false},"featured_media":85794,"template":"","meta":[],"product_cat":[1345],"product_tag":[],"class_list":{"0":"post-37026","1":"product","2":"type-product","3":"status-publish","4":"has-post-thumbnail","6":"product_brand-elfa_ua-lt","7":"product_cat-kitos-plauku-prieziuros-priemones","9":"first","10":"outofstock","11":"taxable","12":"shipping-taxable","13":"product-type-simple"},"_links":{"self":[{"href":"https:\/\/e.kosmolat.eu\/lt\/wp-json\/wp\/v2\/product\/37026","targetHints":{"allow":["GET"]}}],"collection":[{"href":"https:\/\/e.kosmolat.eu\/lt\/wp-json\/wp\/v2\/product"}],"about":[{"href":"https:\/\/e.kosmolat.eu\/lt\/wp-json\/wp\/v2\/types\/product"}],"wp:featuredmedia":[{"embeddable":true,"href":"https:\/\/e.kosmolat.eu\/lt\/wp-json\/wp\/v2\/media\/85794"}],"wp:attachment":[{"href":"https:\/\/e.kosmolat.eu\/lt\/wp-json\/wp\/v2\/media?parent=37026"}],"wp:term":[{"taxonomy":"product_cat","embeddable":true,"href":"https:\/\/e.kosmolat.eu\/lt\/wp-json\/wp\/v2\/product_cat?post=37026"},{"taxonomy":"product_tag","embeddable":true,"href":"https:\/\/e.kosmolat.eu\/lt\/wp-json\/wp\/v2\/product_tag?post=37026"}],"curies":[{"name":"wp","href":"https:\/\/api.w.org\/{rel}","templated":true}]}}