{"id":37010,"date":"2023-12-22T19:10:46","date_gmt":"2023-12-22T19:10:46","guid":{"rendered":"https:\/\/e.kosmolat.eu\/product\/i_lv-skidra-lupu-krasa-121-matt-tattoo-no-transfer\/"},"modified":"2025-09-19T22:05:06","modified_gmt":"2025-09-19T22:05:06","slug":"i_lv-skidra-lupu-krasa-121-matt-tattoo-no-transfer","status":"publish","type":"product","link":"https:\/\/e.kosmolat.eu\/lt\/produktas\/i_lv-skidra-lupu-krasa-121-matt-tattoo-no-transfer\/","title":{"rendered":"LUXVISAGE MATT Skysti l\u016bp\u0173 da\u017eai TATTOO No transfer 12H, 121 tonas"},"content":{"rendered":"<p>NULL<\/p>\n","protected":false},"excerpt":{"rendered":"<p>NULL<\/p>\n","protected":false},"featured_media":85746,"template":"","meta":[],"product_cat":[1269],"product_tag":[],"class_list":{"0":"post-37010","1":"product","2":"type-product","3":"status-publish","4":"has-post-thumbnail","6":"product_brand-lux-visage_by-lt","7":"product_cat-lupu-dazai","9":"first","10":"outofstock","11":"taxable","12":"shipping-taxable","13":"product-type-simple"},"_links":{"self":[{"href":"https:\/\/e.kosmolat.eu\/lt\/wp-json\/wp\/v2\/product\/37010","targetHints":{"allow":["GET"]}}],"collection":[{"href":"https:\/\/e.kosmolat.eu\/lt\/wp-json\/wp\/v2\/product"}],"about":[{"href":"https:\/\/e.kosmolat.eu\/lt\/wp-json\/wp\/v2\/types\/product"}],"wp:featuredmedia":[{"embeddable":true,"href":"https:\/\/e.kosmolat.eu\/lt\/wp-json\/wp\/v2\/media\/85746"}],"wp:attachment":[{"href":"https:\/\/e.kosmolat.eu\/lt\/wp-json\/wp\/v2\/media?parent=37010"}],"wp:term":[{"taxonomy":"product_cat","embeddable":true,"href":"https:\/\/e.kosmolat.eu\/lt\/wp-json\/wp\/v2\/product_cat?post=37010"},{"taxonomy":"product_tag","embeddable":true,"href":"https:\/\/e.kosmolat.eu\/lt\/wp-json\/wp\/v2\/product_tag?post=37010"}],"curies":[{"name":"wp","href":"https:\/\/api.w.org\/{rel}","templated":true}]}}