{"id":36974,"date":"2023-12-22T19:08:02","date_gmt":"2023-12-22T19:08:02","guid":{"rendered":"https:\/\/e.kosmolat.eu\/product\/skinlite-mitrinosa-sejas-maska-hialuronskabe-5-gab\/"},"modified":"2025-09-19T22:02:36","modified_gmt":"2025-09-19T22:02:36","slug":"skinlite-mitrinosa-sejas-maska-hialuronskabe-5-gab","status":"publish","type":"product","link":"https:\/\/e.kosmolat.eu\/lt\/produktas\/skinlite-mitrinosa-sejas-maska-hialuronskabe-5-gab\/","title":{"rendered":"SKINLITE Dr\u0117kinamoji veido kauk\u0117 &#8220;Hialurono r\u016bg\u0161tis&#8221;  5 vnt."},"content":{"rendered":"<p>Dr\u0117kinamoji veido kauk\u0117 &quot;Hialurono r\u016bg\u0161tis&quot; suteikia intensyv\u0173 ir ilgalaik\u012f dr\u0117kinim\u0105, vir\u0161utiniame epidermio sluoksnyje sukuria speciali\u0105 apsaugin\u0119 pl\u0117vel\u0119, kuri neleid\u017eia agresyviems aplinkos veiksniams neigiamai paveikti gle\u017enos veido odos b\u016bkl\u0117s.<br \/>\nHialurono r\u016bg\u0161tis leid\u017eia normalizuoti vandens balans\u0105, pa\u0161alinti i\u0161saus\u0117jim\u0105 ir pleiskanojim\u0105, atkurti odos glotnum\u0105, u\u017ekirsti keli\u0105 dehidratacijai, &bdquo;u\u017erakinti&ldquo; dr\u0117gm\u0119 ir i\u0161laikyti j\u0105 reikiamu kiekiu. Aktyv\u016bs kauk\u0117s komponentai apsaugo nuo prie\u0161laikinio sen\u0117jimo, ramina ir mink\u0161tina od\u0105.<br \/>\nKauk\u0117s tepimo metu epidermio l\u0105stel\u0117s gauna reikiam\u0105 dr\u0117gm\u0117s ir vitamin\u0173 kiek\u012f. Oda prisotinama nauding\u0173 komponent\u0173, tampa sudr\u0117kinta, pri\u017ei\u016br\u0117ta ir elastinga, \u012fgauna spindesio ir gyvybingumo.<\/p>\n<p>* Kauk\u0117s veikim\u0105 lemia kompozicijos komponent\u0173 veikimas.<\/p>\n<p>Naudojimas:<\/p>\n<p>U\u017ed\u0117kite kauk\u0119 ant nuvalytos, sausos odos, palikite 15-20 minu\u010di\u0173, tada nuimkite. Likusi\u0105 aktyvaus serumo dal\u012f \u0161velniai \u012fmasa\u017euokite \u012f od\u0105. Neplaukite. Sandariai u\u017edarykite pakuot\u0119. Atidaryt\u0105 pakuot\u0119 laikykite \u0161aldytuve.<\/p>\n<p>Atsargumo priemon\u0117s:<br \/>\n\u2460 Venkite naudoti ant pa\u017eeistos, sudirgusios ar saul\u0117s nudegusios odos, nenaudokite spuogams gydyti.<\/p>\n<p>\u2461 Nenaudokite produkto, jei yra jautrumas bet kuriai formul\u0117s sudedamajai daliai. Jei naudojimo metu oda parausta arba sudirgsta, nutraukite naudojim\u0105 ir kreipkit\u0117s \u012f gydytoj\u0105.<\/p>\n<p>\u2462 Venkite patekimo \u012f akis. Patekus, kruop\u0161\u010diai nuplaukite vandeniu.<\/p>\n<p>\u2463Tik i\u0161oriniam naudojimui. Nenuryti!<\/p>\n<p>\u2464Laikyti vaikams nepasiekiamoje vietoje nuo 0 iki 25C temperat\u016broje.<\/p>\n<p>\u2465 Venkite tiesiogini\u0173 saul\u0117s spinduli\u0173<br \/>\n&nbsp;<\/p>\n","protected":false},"excerpt":{"rendered":"<p>Dr\u0117kinamoji veido kauk\u0117 &quot;Hialurono r\u016bg\u0161tis&quot; suteikia intensyv\u0173 ir ilgalaik\u012f dr\u0117kinim\u0105, vir\u0161utiniame epidermio sluoksnyje sukuria speciali\u0105 apsaugin\u0119 pl\u0117vel\u0119, kuri neleid\u017eia agresyviems aplinkos veiksniams neigiamai paveikti gle\u017enos veido odos b\u016bkl\u0117s. Hialurono r\u016bg\u0161tis leid\u017eia normalizuoti vandens balans\u0105, pa\u0161alinti i\u0161saus\u0117jim\u0105 ir pleiskanojim\u0105, atkurti odos glotnum\u0105, u\u017ekirsti keli\u0105 dehidratacijai, &bdquo;u\u017erakinti&ldquo; dr\u0117gm\u0119 ir i\u0161laikyti j\u0105 reikiamu kiekiu. Aktyv\u016bs kauk\u0117s komponentai apsaugo [&#8230;]\n","protected":false},"featured_media":85706,"template":"","meta":[],"product_cat":[1369],"product_tag":[],"class_list":{"0":"post-36974","1":"product","2":"type-product","3":"status-publish","4":"has-post-thumbnail","6":"product_brand-skinlite-lt","7":"product_cat-veido-kaukes","9":"first","10":"outofstock","11":"taxable","12":"shipping-taxable","13":"product-type-simple"},"_links":{"self":[{"href":"https:\/\/e.kosmolat.eu\/lt\/wp-json\/wp\/v2\/product\/36974","targetHints":{"allow":["GET"]}}],"collection":[{"href":"https:\/\/e.kosmolat.eu\/lt\/wp-json\/wp\/v2\/product"}],"about":[{"href":"https:\/\/e.kosmolat.eu\/lt\/wp-json\/wp\/v2\/types\/product"}],"wp:featuredmedia":[{"embeddable":true,"href":"https:\/\/e.kosmolat.eu\/lt\/wp-json\/wp\/v2\/media\/85706"}],"wp:attachment":[{"href":"https:\/\/e.kosmolat.eu\/lt\/wp-json\/wp\/v2\/media?parent=36974"}],"wp:term":[{"taxonomy":"product_cat","embeddable":true,"href":"https:\/\/e.kosmolat.eu\/lt\/wp-json\/wp\/v2\/product_cat?post=36974"},{"taxonomy":"product_tag","embeddable":true,"href":"https:\/\/e.kosmolat.eu\/lt\/wp-json\/wp\/v2\/product_tag?post=36974"}],"curies":[{"name":"wp","href":"https:\/\/api.w.org\/{rel}","templated":true}]}}