{"id":36970,"date":"2023-12-22T19:07:41","date_gmt":"2023-12-22T19:07:41","guid":{"rendered":"https:\/\/e.kosmolat.eu\/product\/skinlite-atjauninosa-sejas-maska-kolagens-5-gab\/"},"modified":"2026-04-04T05:39:11","modified_gmt":"2026-04-04T05:39:11","slug":"skinlite-atjauninosa-sejas-maska-kolagens-5-gab","status":"publish","type":"product","link":"https:\/\/e.kosmolat.eu\/lt\/produktas\/skinlite-atjauninosa-sejas-maska-kolagens-5-gab\/","title":{"rendered":"SKINLITE Jauninanti veido kauk\u0117 &#8220;KOLLAGENAS&#8221; 5 vnt"},"content":{"rendered":"<p>Jauninanti veido kauk\u0117 &quot;KOLLAGENAS&quot; kompleksi\u0161kai veikia od\u0105, suteikdama ger\u0105 mityb\u0105 ir dr\u0117kinim\u0105, per trump\u0105 laik\u0105 j\u0105 transformuodama. Aktyv\u016bs kauk\u0117s komponentai padeda u\u017epildyti nuosavo kolageno tr\u016bkum\u0105, didina tonus\u0105, stangrina, lygina rauk\u0161les, gerina elastingum\u0105 ir stangrum\u0105, dr\u0117kina ir palaiko skys\u010di\u0173 balans\u0105 odos sluoksniuose, taip prisidedant prie intensyvaus atjaun\u0117jimo.<br \/>\nKolagenas stangrina, ma\u017eina suglebim\u0105, palaiko optimal\u0173 dr\u0117kinim\u0105, apsaugo nuo odos suglebimo, koreguoja veido oval\u0105, suteikia liftingo efekt\u0105.<br \/>\nKauk\u0117s naudojimo &nbsp;metu epidermio l\u0105stel\u0117s gauna reikiam\u0105 dr\u0117gm\u0117s ir vitamin\u0173 kiek\u012f. Oda stangr\u0117ja, tampa sudr\u0117kinta, pri\u017ei\u016br\u0117ta ir elastinga, \u012fgauna spindesio ir gyvybingumo.<\/p>\n<p>*Kauk\u0117s veikim\u0105 lemia veikliosios med\u017eiagos.<\/p>\n<p>Naudojimas:<\/p>\n<p>U\u017ed\u0117kite kauk\u0119 ant nuvalytos, sausos odos, palikite 15-20 minu\u010di\u0173, tada nuimkite. Likusi\u0105 aktyvaus serumo dal\u012f \u0161velniai \u012fmasa\u017euokite \u012f od\u0105. Neplaukite. Sandariai u\u017edarykite pakuot\u0119. Atidaryt\u0105 pakuot\u0119 laikykite \u0161aldytuve.<\/p>\n<p>Atsargumo priemon\u0117s:<br \/>\n\u2460 Venkite naudoti ant pa\u017eeistos, sudirgusios ar saul\u0117s nudegusios odos, nenaudokite spuogams gydyti.<\/p>\n<p>\u2461 Nenaudokite produkto, jei yra jautrumas bet kuriai formul\u0117s sudedamajai daliai. Jei naudojimo metu oda parausta arba sudirgsta, nutraukite naudojim\u0105 ir kreipkit\u0117s \u012f gydytoj\u0105.<\/p>\n<p>\u2462 Venkite patekimo \u012f akis. Patekus, kruop\u0161\u010diai nuplaukite vandeniu.<\/p>\n<p>\u2463Tik i\u0161oriniam naudojimui. Nenuryti!<\/p>\n<p>\u2464Laikyti vaikams nepasiekiamoje vietoje nuo 0 iki 25C temperat\u016broje.<\/p>\n<p>\u2465 Venkite tiesiogini\u0173 saul\u0117s spinduli\u0173<br \/>\n&nbsp;<\/p>\n","protected":false},"excerpt":{"rendered":"<p>Jauninanti veido kauk\u0117 &quot;KOLLAGENAS&quot; kompleksi\u0161kai veikia od\u0105, suteikdama ger\u0105 mityb\u0105 ir dr\u0117kinim\u0105, per trump\u0105 laik\u0105 j\u0105 transformuodama. Aktyv\u016bs kauk\u0117s komponentai padeda u\u017epildyti nuosavo kolageno tr\u016bkum\u0105, didina tonus\u0105, stangrina, lygina rauk\u0161les, gerina elastingum\u0105 ir stangrum\u0105, dr\u0117kina ir palaiko skys\u010di\u0173 balans\u0105 odos sluoksniuose, taip prisidedant prie intensyvaus atjaun\u0117jimo. Kolagenas stangrina, ma\u017eina suglebim\u0105, palaiko optimal\u0173 dr\u0117kinim\u0105, apsaugo nuo [&#8230;]\n","protected":false},"featured_media":85702,"template":"","meta":[],"product_cat":[2181],"product_tag":[],"class_list":{"0":"post-36970","1":"product","2":"type-product","3":"status-publish","4":"has-post-thumbnail","6":"product_brand-skinlite-lt","7":"product_cat-bez-kategorijas-lt","9":"first","10":"outofstock","11":"taxable","12":"shipping-taxable","13":"product-type-simple"},"_links":{"self":[{"href":"https:\/\/e.kosmolat.eu\/lt\/wp-json\/wp\/v2\/product\/36970","targetHints":{"allow":["GET"]}}],"collection":[{"href":"https:\/\/e.kosmolat.eu\/lt\/wp-json\/wp\/v2\/product"}],"about":[{"href":"https:\/\/e.kosmolat.eu\/lt\/wp-json\/wp\/v2\/types\/product"}],"wp:featuredmedia":[{"embeddable":true,"href":"https:\/\/e.kosmolat.eu\/lt\/wp-json\/wp\/v2\/media\/85702"}],"wp:attachment":[{"href":"https:\/\/e.kosmolat.eu\/lt\/wp-json\/wp\/v2\/media?parent=36970"}],"wp:term":[{"taxonomy":"product_cat","embeddable":true,"href":"https:\/\/e.kosmolat.eu\/lt\/wp-json\/wp\/v2\/product_cat?post=36970"},{"taxonomy":"product_tag","embeddable":true,"href":"https:\/\/e.kosmolat.eu\/lt\/wp-json\/wp\/v2\/product_tag?post=36970"}],"curies":[{"name":"wp","href":"https:\/\/api.w.org\/{rel}","templated":true}]}}