{"id":36966,"date":"2023-12-22T19:07:22","date_gmt":"2023-12-22T19:07:22","guid":{"rendered":"https:\/\/e.kosmolat.eu\/product\/skinlite-ekspress-pilings-pedam-1-paris\/"},"modified":"2026-04-22T09:29:09","modified_gmt":"2026-04-22T09:29:09","slug":"skinlite-ekspress-pilings-pedam-1-paris","status":"publish","type":"product","link":"https:\/\/e.kosmolat.eu\/lt\/produktas\/skinlite-ekspress-pilings-pedam-1-paris\/","title":{"rendered":"SKINLITE  Express Heel Peeling"},"content":{"rendered":"<p>Greitas p\u0117d\u0173 pilingas &ndash; tai naujas efektyvus lokali\u0173 problem\u0173 sprendimo b\u016bdas.&nbsp;<br \/>\nP\u0117d\u0173 problemos, b\u016btent kulnai, nes jie labiausiai i\u0161saus\u0117ja, tr\u016bkin\u0117ja,<br \/>\nAtsiranda pritrynimai ir nuospaudos.<br \/>\nPatogi kauk\u0117s forma daro proced\u016br\u0105 paprast\u0105 ir maloni\u0105. Kauk\u0117 suteikia tr\u012bs poveikius vienu metu:<br \/>\nGilus \u0161veitimas &#8211; glikolio, pieno, obuoli\u0173 ir citrusini\u0173 vaisi\u0173 (laim\u0173, citrin\u0173, apelsin\u0173)<br \/>\nr\u016bg\u0161tys prisideda prie neskausmingo ir nat\u016bralaus negyv\u0173 l\u0105steli\u0173 pa\u0161alinimo.<br \/>\nAntibakterinis poveikis &ndash; salicilo r\u016bg\u0161tis ir pipirm\u0117t\u0117 suteikia prie\u0161grybelin\u012f ir antibakterin\u012f poveik\u012f.<br \/>\nDr\u0117kinant\u012f &nbsp;ir mink\u0161tinant\u012f poveik\u012f suteikia nat\u016bral\u016bs cukranendri\u0173, ir cukrini\u0173 &nbsp;klev\u0173 &nbsp;ekstraktai &nbsp;ir m\u0117lyn\u0117s. &Scaron;lapalas ir betainas skatina med\u017eiag\u0173 apykaitos procesus, gerina elastingum\u0105<br \/>\nir odos stangrum\u0105.<br \/>\nNaudojimas<br \/>\n1.&nbsp;&nbsp; &nbsp;Prie\u0161 naudojim\u0105 nuplaukite kojas \u0161iltu vandeniu ir nusausinkite. 2. Atidarykite pakuot\u0119, i\u0161imkite padukus ir pad\u0117kite ant kulno, kaip parodyta paveiksl\u0117lyje. 3. I\u0161skleiskite apsaugin\u012f tvarst\u012f &nbsp;u\u017emaukite ant p\u0117dos. Pritvirtinkite tvarst\u012f lipduku aplink kulk\u0161n\u012f. *po naudojimo: &nbsp;rankas b\u016btinai nusiplaukite \u0161iltu vandeniu. Patogumui vis\u0105 proced\u016bros laik\u0105 galite m\u016bv\u0117ti medvilnines kojines. 4. Po 60 minu\u010di\u0173 nuimkite tvarst\u012f ir \u0161vei\u010diam\u0105j\u012f paduk\u0105, nuplaukite kojas \u0161iltu vandeniu. Oda prad\u0117s luptis pra\u0117jus 3-5 dienoms po naudojimo. Beveik visa \u0161iurk\u0161ti oda ir nuospaudos bus pa\u0161alintos per artimiausias 3&ndash;5 dienas. Nenaudokite papildom\u0173 \u0161iurk\u0161\u010di\u0173 mechanini\u0173 priemoni\u0173, kad pa\u0161alintum\u0117te negyv\u0105 od\u0105, kai ji pradeda pleiskanoti. *Nor\u0117dami pagreitinti proces\u0105, nuo 4 dienos darykite \u0161iltas p\u0117d\u0173 voneles, o po 4-6 dien\u0173 p\u0117d\u0173 oda taps mink\u0161ta ir \u0161velni, o rezultatas i\u0161liks ilgai!<\/p>\n<p>Atsargumo priemon\u0117s:<\/p>\n<p>\u2460 Venkite naudoti ant pa\u017eeistos, sudirgusios ar saul\u0117je nudegusios odos.<\/p>\n<p>\u2461 Nenaudokite produkto, jei yra jautrumas bet kuriai formul\u0117s sudedamajai daliai. Jei naudojimo metu oda parausta arba sudirgsta, nutraukite naudojim\u0105 ir kreipkit\u0117s \u012f gydytoj\u0105.<\/p>\n<p>\u2462 Venkite patekimo \u012f akis. Patekus, kruop\u0161\u010diai nuplaukite vandeniu.<\/p>\n<p>\u2463Laikyti vaikams nepasiekiamoje vietoje nuo 0 iki 25C temperat\u016broje. Venkite tiesiogini\u0173 saul\u0117s spinduli\u0173.<\/p>\n<p>\u2464 Tik i\u0161oriniam naudojimui. Nenuryti!<br \/>\n&nbsp;<\/p>\n","protected":false},"excerpt":{"rendered":"<p>Greitas p\u0117d\u0173 pilingas &ndash; tai naujas efektyvus lokali\u0173 problem\u0173 sprendimo b\u016bdas.&nbsp; P\u0117d\u0173 problemos, b\u016btent kulnai, nes jie labiausiai i\u0161saus\u0117ja, tr\u016bkin\u0117ja, Atsiranda pritrynimai ir nuospaudos. Patogi kauk\u0117s forma daro proced\u016br\u0105 paprast\u0105 ir maloni\u0105. Kauk\u0117 suteikia tr\u012bs poveikius vienu metu: Gilus \u0161veitimas &#8211; glikolio, pieno, obuoli\u0173 ir citrusini\u0173 vaisi\u0173 (laim\u0173, citrin\u0173, apelsin\u0173) r\u016bg\u0161tys prisideda prie neskausmingo ir [&#8230;]\n","protected":false},"featured_media":85698,"template":"","meta":[],"product_cat":[2181],"product_tag":[],"class_list":{"0":"post-36966","1":"product","2":"type-product","3":"status-publish","4":"has-post-thumbnail","6":"product_brand-skinlite-lt","7":"product_cat-bez-kategorijas-lt","9":"first","10":"outofstock","11":"taxable","12":"shipping-taxable","13":"product-type-simple"},"_links":{"self":[{"href":"https:\/\/e.kosmolat.eu\/lt\/wp-json\/wp\/v2\/product\/36966","targetHints":{"allow":["GET"]}}],"collection":[{"href":"https:\/\/e.kosmolat.eu\/lt\/wp-json\/wp\/v2\/product"}],"about":[{"href":"https:\/\/e.kosmolat.eu\/lt\/wp-json\/wp\/v2\/types\/product"}],"wp:featuredmedia":[{"embeddable":true,"href":"https:\/\/e.kosmolat.eu\/lt\/wp-json\/wp\/v2\/media\/85698"}],"wp:attachment":[{"href":"https:\/\/e.kosmolat.eu\/lt\/wp-json\/wp\/v2\/media?parent=36966"}],"wp:term":[{"taxonomy":"product_cat","embeddable":true,"href":"https:\/\/e.kosmolat.eu\/lt\/wp-json\/wp\/v2\/product_cat?post=36966"},{"taxonomy":"product_tag","embeddable":true,"href":"https:\/\/e.kosmolat.eu\/lt\/wp-json\/wp\/v2\/product_tag?post=36966"}],"curies":[{"name":"wp","href":"https:\/\/api.w.org\/{rel}","templated":true}]}}