{"id":36918,"date":"2023-12-22T19:01:56","date_gmt":"2023-12-22T19:01:56","guid":{"rendered":"https:\/\/e.kosmolat.eu\/product\/skinlite-veldzejosi-patci-acu-zonai-kryo-mezo-complex-30-gab\/"},"modified":"2026-03-31T06:54:49","modified_gmt":"2026-03-31T06:54:49","slug":"skinlite-veldzejosi-patci-acu-zonai-kryo-mezo-complex-30-gab","status":"publish","type":"product","link":"https:\/\/e.kosmolat.eu\/lt\/produktas\/skinlite-veldzejosi-patci-acu-zonai-kryo-mezo-complex-30-gab\/","title":{"rendered":"SKINLITE  V\u0117sinanti kauk\u0117 aki\u0173 zonai Kryo-Mezo Complex, 30 vnt"},"content":{"rendered":"<p>V\u0117sinanti kauk\u0117 sri\u010diai po akimis &bdquo;CRYO-MEZO COMPLEX&ldquo; akimirksniu v\u0117sina, gaivina ir maitina j\u016bs\u0173 od\u0105! Tur\u0117s tonizuojant\u012f, edem\u0105 ma\u017einant\u012f, stangrinant\u012f poveik\u012f, padeda pa\u0161viesinti tamsius ratilus po akimis, suteiks gaivumo ir spindesio. Idealiai tinka subtiliai vok\u0173 odai, kauk\u0117 yra optimalios formos ir padidintus matmenis, tod\u0117l ji puikiai dengia didesn\u012f plot\u0105 ir skatina efektyvesn\u012f paburkim\u0173 pa\u0161alinim\u0105 nei paprastos pagalv\u0117l\u0117s po akimis.<br \/>\nNiacinamidas skatina kolageno ir elastino sintez\u0119 odoje, taip padidindamas jos elastingum\u0105 ir suma\u017eindamas rauk\u0161li\u0173 gyl\u012f, taip pat apsaugo nuo sen\u0117jimo. Kolagenas turi atjauninant\u012f ir dr\u0117kinam\u0105j\u012f poveik\u012f, atkuria odos mink\u0161tum\u0105 ir elastingum\u0105.<br \/>\nPipirm\u0117\u010di\u0173 aliejus ramina, pa\u0161alina pleiskanojim\u0105, lygina smulkias rauk\u0161leles, gaivina veido spalv\u0105. Imbiero \u0161aknis gerina odos ir veido spalv\u0105, ma\u017eina paburkim\u0105, turi \u0161viesinant\u012f ir tonizuojant\u012f poveik\u012f.<br \/>\nArbutinas ma\u017eina pigmentacij\u0105, i\u0161lygina ton\u0105, tod\u0117l puikiai kovoja su tamsiais ratilais po akimis.<br \/>\n* Naudojimo &nbsp;metu leid\u017eiamas nedidelis deginimo poj\u016btis ir paraudimas nuo \u0161al\u010dio, kuris tur\u0117t\u0173 i\u0161nykti per kelias minutes po proced\u016bros. Jausmo intensyvumas priklauso nuo odos jautrumo.<br \/>\n* Kauk\u0117s veikim\u0105 lemia veikliosios med\u017eiagos.<br \/>\nNaudojimas: nuvalykite ir nusausinkite veid\u0105. U\u017ed\u0117kite kauk\u0119 po akimis arba nasolabialini\u0173 rauk\u0161li\u0173 srityje. Palikite 15-20 minu\u010di\u0173, tada nuimkite. Nenuplaukite. \u012esitikinkite, kad pakuot\u0117 sandariai u\u017edaryta.<br \/>\n* Nor\u0117dami gauti geriausi\u0105 efekt\u0105, prie\u0161 naudojim\u0105 kauk\u0119 \u012fd\u0117kite \u012f \u0161aldytuv\u0105 15 minu\u010di\u0173.<br \/>\nAtsargumo priemon\u0117s: 1. Venkite naudoti pa\u017eeist\u0105, sudirgusi\u0105 ar saul\u0117s nudegint\u0105 od\u0105, nenaudokite spuog\u0173 gydymui. 2. Nenaudokite produkto, jei yra jautrumas bet kuriai kompozicijos sudedamajai daliai. Jei naudojimo metu ant odos atsiranda paraudimas ar sudirginimas, nutraukite naudojim\u0105 ir kreipkit\u0117s \u012f gydytoj\u0105. 3. Venkite s\u0105ly\u010dio su aki\u0173 gleivine. Patekus \u012f akis, kruop\u0161\u010diai nuplaukite vandeniu. 4. Tik i\u0161oriniam naudojimui. Nenuryti! 5. Laikyti vaikams nepasiekiamoje temperat\u016broje nuo 0 iki 25C. 6. Venkite tiesiogini\u0173 saul\u0117s spinduli\u0173.<br \/>\n&nbsp;<\/p>\n","protected":false},"excerpt":{"rendered":"<p>V\u0117sinanti kauk\u0117 sri\u010diai po akimis &bdquo;CRYO-MEZO COMPLEX&ldquo; akimirksniu v\u0117sina, gaivina ir maitina j\u016bs\u0173 od\u0105! Tur\u0117s tonizuojant\u012f, edem\u0105 ma\u017einant\u012f, stangrinant\u012f poveik\u012f, padeda pa\u0161viesinti tamsius ratilus po akimis, suteiks gaivumo ir spindesio. Idealiai tinka subtiliai vok\u0173 odai, kauk\u0117 yra optimalios formos ir padidintus matmenis, tod\u0117l ji puikiai dengia didesn\u012f plot\u0105 ir skatina efektyvesn\u012f paburkim\u0173 pa\u0161alinim\u0105 nei paprastos [&#8230;]\n","protected":false},"featured_media":86382,"template":"","meta":[],"product_cat":[1369],"product_tag":[],"class_list":{"0":"post-36918","1":"product","2":"type-product","3":"status-publish","4":"has-post-thumbnail","6":"product_brand-skinlite-lt","7":"product_cat-veido-kaukes","9":"first","10":"outofstock","11":"taxable","12":"shipping-taxable","13":"product-type-simple"},"_links":{"self":[{"href":"https:\/\/e.kosmolat.eu\/lt\/wp-json\/wp\/v2\/product\/36918","targetHints":{"allow":["GET"]}}],"collection":[{"href":"https:\/\/e.kosmolat.eu\/lt\/wp-json\/wp\/v2\/product"}],"about":[{"href":"https:\/\/e.kosmolat.eu\/lt\/wp-json\/wp\/v2\/types\/product"}],"wp:featuredmedia":[{"embeddable":true,"href":"https:\/\/e.kosmolat.eu\/lt\/wp-json\/wp\/v2\/media\/86382"}],"wp:attachment":[{"href":"https:\/\/e.kosmolat.eu\/lt\/wp-json\/wp\/v2\/media?parent=36918"}],"wp:term":[{"taxonomy":"product_cat","embeddable":true,"href":"https:\/\/e.kosmolat.eu\/lt\/wp-json\/wp\/v2\/product_cat?post=36918"},{"taxonomy":"product_tag","embeddable":true,"href":"https:\/\/e.kosmolat.eu\/lt\/wp-json\/wp\/v2\/product_tag?post=36918"}],"curies":[{"name":"wp","href":"https:\/\/api.w.org\/{rel}","templated":true}]}}