{"id":36914,"date":"2023-12-22T19:01:30","date_gmt":"2023-12-22T19:01:30","guid":{"rendered":"https:\/\/e.kosmolat.eu\/product\/skinlite-atjaunojosi-patci-acu-zonai-anti-age-complex-30-gab\/"},"modified":"2025-09-22T09:13:49","modified_gmt":"2025-09-22T09:13:49","slug":"skinlite-atjaunojosi-patci-acu-zonai-anti-age-complex-30-gab","status":"publish","type":"product","link":"https:\/\/e.kosmolat.eu\/lt\/produktas\/skinlite-atjaunojosi-patci-acu-zonai-anti-age-complex-30-gab\/","title":{"rendered":"SKINLITE  Jauninanti kauk\u0117 aki\u0173 zonai Anti-Age Complex, 30 vnt"},"content":{"rendered":"<p>&bdquo;Skinlite&ldquo; &bdquo;Anti age complex&ldquo; atjauninanti kauk\u0117 paakiams skirta intensyviai atkurti ir pri\u017ei\u016br\u0117ti jautri\u0105 od\u0105 po akimis, pagerina odos dr\u0117gm\u0117s balans\u0105, padidina stangrum\u0105 ir elastingum\u0105, padeda i\u0161lyginti smulkias rauk\u0161leles, pa\u0161alina sausum\u0105 ir pleiskanojim\u0105, pa\u0161viesina tamsius ratilus po akimis &#8230; kauk\u0117 yra optimalios formos ir padidintus matmenis, tod\u0117l ji puikiai dengia didesn\u012f plot\u0105 ir skatina efektyvesn\u012f paburkim\u0173 pa\u0161alinim\u0105 nei paprastos pagalv\u0117l\u0117s po akimis.&nbsp;<br \/>\nKolagenas turi atjauninant\u012f ir dr\u0117kinam\u0105j\u012f poveik\u012f, atkuria veido odos mink\u0161tum\u0105 ir elastingum\u0105.<br \/>\nKofermentas Q10 pagreitina kolageno sintez\u0119, neleid\u017eia sunaikinti elasting\u0173 skaidul\u0173, i\u0161lygina smulkias rauk\u0161leles, pasi\u017eymi ry\u0161kiomis antioksidacin\u0117mis savyb\u0117mis ir \u0161viesina pigmentacij\u0105.<br \/>\nPeptidai turi intensyv\u0173 atjauninant\u012f ir stangrinant\u012f poveik\u012f, padeda padidinti tonus\u0105 ir pagreitina odos atsinaujinimo proces\u0105.<br \/>\nArbutinas ma\u017eina pigmentacij\u0105, i\u0161lygina ton\u0105, tod\u0117l puikiai kovoja su tamsiais ratilais po akimis.. Poveik\u012f lemia veikliosios med\u017eiagos.<br \/>\n* Rekomenduojama naudoti skrendant l\u0117ktuvu.<br \/>\nNaudojimas: nuvalykite ir nusausinkite veid\u0105. U\u017etepkite kauk\u0119 po akimis arba nasolabialini\u0173 rauk\u0161li\u0173 srityje. Palikite 15-20 minu\u010di\u0173, tada nuimkite. Negalima skalauti. \u012esitikinkite, kad pakuot\u0117 sandariai u\u017edaryta.<br \/>\n* Nor\u0117dami gauti geriausi\u0105 efekt\u0105, prie\u0161 naudojim\u0105 kauk\u0119 \u012fd\u0117kite \u012f \u0161aldytuv\u0105 15 minu\u010di\u0173. Atsargumo priemon\u0117s: 1. Venkite naudoti ant pa\u017eeistos, sudirgusios ar saul\u0117je nudegusios odos, nenaudokite spuog\u0173 gydymui. 2. Nenaudokite produkto, jei yra jautrumas bet kuriai kompozicijos sudedamajai daliai. Jei naudojimo metu ant odos atsiranda paraudimas ar sudirginimas, nutraukite naudojim\u0105 ir kreipkit\u0117s \u012f gydytoj\u0105. 3. Venkite s\u0105ly\u010dio su aki\u0173 gleivine. Patekus \u012f akis, kruop\u0161\u010diai nuplaukite vandeniu. 4. Tik i\u0161oriniam naudojimui. Nenuryti! 5. Laikyti vaikams nepasiekiamoje temperat\u016broje nuo 0 iki 25C. 6. Venkite tiesiogini\u0173 saul\u0117s spinduli\u0173.<br \/>\n&nbsp;<\/p>\n","protected":false},"excerpt":{"rendered":"<p>&bdquo;Skinlite&ldquo; &bdquo;Anti age complex&ldquo; atjauninanti kauk\u0117 paakiams skirta intensyviai atkurti ir pri\u017ei\u016br\u0117ti jautri\u0105 od\u0105 po akimis, pagerina odos dr\u0117gm\u0117s balans\u0105, padidina stangrum\u0105 ir elastingum\u0105, padeda i\u0161lyginti smulkias rauk\u0161leles, pa\u0161alina sausum\u0105 ir pleiskanojim\u0105, pa\u0161viesina tamsius ratilus po akimis &#8230; kauk\u0117 yra optimalios formos ir padidintus matmenis, tod\u0117l ji puikiai dengia didesn\u012f plot\u0105 ir skatina efektyvesn\u012f paburkim\u0173 [&#8230;]\n","protected":false},"featured_media":78437,"template":"","meta":[],"product_cat":[1369],"product_tag":[],"class_list":{"0":"post-36914","1":"product","2":"type-product","3":"status-publish","4":"has-post-thumbnail","6":"product_brand-skinlite-lt","7":"product_cat-veido-kaukes","9":"first","10":"outofstock","11":"taxable","12":"shipping-taxable","13":"product-type-simple"},"_links":{"self":[{"href":"https:\/\/e.kosmolat.eu\/lt\/wp-json\/wp\/v2\/product\/36914","targetHints":{"allow":["GET"]}}],"collection":[{"href":"https:\/\/e.kosmolat.eu\/lt\/wp-json\/wp\/v2\/product"}],"about":[{"href":"https:\/\/e.kosmolat.eu\/lt\/wp-json\/wp\/v2\/types\/product"}],"wp:featuredmedia":[{"embeddable":true,"href":"https:\/\/e.kosmolat.eu\/lt\/wp-json\/wp\/v2\/media\/78437"}],"wp:attachment":[{"href":"https:\/\/e.kosmolat.eu\/lt\/wp-json\/wp\/v2\/media?parent=36914"}],"wp:term":[{"taxonomy":"product_cat","embeddable":true,"href":"https:\/\/e.kosmolat.eu\/lt\/wp-json\/wp\/v2\/product_cat?post=36914"},{"taxonomy":"product_tag","embeddable":true,"href":"https:\/\/e.kosmolat.eu\/lt\/wp-json\/wp\/v2\/product_tag?post=36914"}],"curies":[{"name":"wp","href":"https:\/\/api.w.org\/{rel}","templated":true}]}}