{"id":36910,"date":"2023-12-22T19:01:12","date_gmt":"2023-12-22T19:01:12","guid":{"rendered":"https:\/\/e.kosmolat.eu\/product\/911-sipolu-balzams-pret-matu-izkrisanu-150-ml\/"},"modified":"2025-09-19T22:41:39","modified_gmt":"2025-09-19T22:41:39","slug":"911-sipolu-balzams-pret-matu-izkrisanu-150-ml","status":"publish","type":"product","link":"https:\/\/e.kosmolat.eu\/lt\/produktas\/911-sipolu-balzams-pret-matu-izkrisanu-150-ml\/","title":{"rendered":"911 Ekstra pagalba  Balzamas Svog\u016bninis, 150 ml"},"content":{"rendered":"<p>Svog\u016bninis balzamas maitina plauk\u0173 folikulus, skatina plauk\u0173 augim\u0105 ir stiprinim\u0105. Balzamas regeneruoja pa\u017eeist\u0105 strukt\u016br\u0105, tod\u0117l plaukai tampa \u0161veln\u016bs ir sveiki.<br \/>\nStiprina plauk\u0173 folikulus;<br \/>\nNormalizuoja med\u017eiag\u0173 apykaitos procesus;<br \/>\nStimuliuoja plauk\u0173 augim\u0105.<br \/>\nAtsargumo priemon\u0117s: vengti patekimo \u012f akis. Patekus \u012f akis, kruop\u0161\u010diai nuplaukite \u0161iltu vandeniu. Galimas individualus komponent\u0173 netoleravimas.<br \/>\nGaliojimo laikas: 3 metai.<br \/>\nNaudojimas: masa\u017eo judesiais tepkite balzam\u0105 \u012f \u0161varius, dr\u0117gnus plaukus, \u012fskaitant plauk\u0173 \u0161aknis. Palikite 3-4 minutes, nuplaukite \u0161iltu vandeniu. Norint sustiprinti efekt\u0105, rekomenduojama j\u012f naudoti kartu su svog\u016bn\u0173 \u0161amp\u016bnu &bdquo;911 Ekstra pagalba &nbsp;&ldquo;.<br \/>\n&nbsp;<\/p>\n","protected":false},"excerpt":{"rendered":"<p>Svog\u016bninis balzamas maitina plauk\u0173 folikulus, skatina plauk\u0173 augim\u0105 ir stiprinim\u0105. Balzamas regeneruoja pa\u017eeist\u0105 strukt\u016br\u0105, tod\u0117l plaukai tampa \u0161veln\u016bs ir sveiki. Stiprina plauk\u0173 folikulus; Normalizuoja med\u017eiag\u0173 apykaitos procesus; Stimuliuoja plauk\u0173 augim\u0105. Atsargumo priemon\u0117s: vengti patekimo \u012f akis. Patekus \u012f akis, kruop\u0161\u010diai nuplaukite \u0161iltu vandeniu. Galimas individualus komponent\u0173 netoleravimas. Galiojimo laikas: 3 metai. Naudojimas: masa\u017eo judesiais tepkite [&#8230;]\n","protected":false},"featured_media":86366,"template":"","meta":[],"product_cat":[1345],"product_tag":[],"class_list":{"0":"post-36910","1":"product","2":"type-product","3":"status-publish","4":"has-post-thumbnail","6":"product_brand-malina-akcija-lt","7":"product_cat-kitos-plauku-prieziuros-priemones","9":"first","10":"outofstock","11":"taxable","12":"shipping-taxable","13":"product-type-simple"},"_links":{"self":[{"href":"https:\/\/e.kosmolat.eu\/lt\/wp-json\/wp\/v2\/product\/36910","targetHints":{"allow":["GET"]}}],"collection":[{"href":"https:\/\/e.kosmolat.eu\/lt\/wp-json\/wp\/v2\/product"}],"about":[{"href":"https:\/\/e.kosmolat.eu\/lt\/wp-json\/wp\/v2\/types\/product"}],"wp:featuredmedia":[{"embeddable":true,"href":"https:\/\/e.kosmolat.eu\/lt\/wp-json\/wp\/v2\/media\/86366"}],"wp:attachment":[{"href":"https:\/\/e.kosmolat.eu\/lt\/wp-json\/wp\/v2\/media?parent=36910"}],"wp:term":[{"taxonomy":"product_cat","embeddable":true,"href":"https:\/\/e.kosmolat.eu\/lt\/wp-json\/wp\/v2\/product_cat?post=36910"},{"taxonomy":"product_tag","embeddable":true,"href":"https:\/\/e.kosmolat.eu\/lt\/wp-json\/wp\/v2\/product_tag?post=36910"}],"curies":[{"name":"wp","href":"https:\/\/api.w.org\/{rel}","templated":true}]}}