{"id":36870,"date":"2023-12-22T18:58:43","date_gmt":"2023-12-22T18:58:43","guid":{"rendered":"https:\/\/e.kosmolat.eu\/product\/christian-dubois-tualetes-udens-viriesiem-absolute-100-ml\/"},"modified":"2025-09-19T22:40:36","modified_gmt":"2025-09-19T22:40:36","slug":"christian-dubois-tualetes-udens-viriesiem-absolute-100-ml","status":"publish","type":"product","link":"https:\/\/e.kosmolat.eu\/lt\/produktas\/christian-dubois-tualetes-udens-viriesiem-absolute-100-ml\/","title":{"rendered":"DILIS Christian Dubois Absolute Eau tualetinis vanduo vyrams, 100 ml"},"content":{"rendered":"<p>\u0160eima: medienos, fu\u017eerinis.<br \/>\nVir\u0161utin\u0117s natos: bergamot\u0117, juodieji serbentai.<br \/>\n\u0160irdies natos: pelargonija, levanda, rozmarinas.<br \/>\nPagrindin\u0117s natos: pa\u010diuliai, tonka pupel\u0117s, kaln\u0173 ro\u017e\u0117.<\/p>\n","protected":false},"excerpt":{"rendered":"<p>\u0160eima: medienos, fu\u017eerinis. Vir\u0161utin\u0117s natos: bergamot\u0117, juodieji serbentai. \u0160irdies natos: pelargonija, levanda, rozmarinas. Pagrindin\u0117s natos: pa\u010diuliai, tonka pupel\u0117s, kaln\u0173 ro\u017e\u0117.<\/p>\n","protected":false},"featured_media":86346,"template":"","meta":[],"product_cat":[1438],"product_tag":[],"class_list":{"0":"post-36870","1":"product","2":"type-product","3":"status-publish","4":"has-post-thumbnail","6":"product_brand-dilis-kosmetik_by-lt","7":"product_cat-kvepalai-ir-tualetinis-vanduo-vyrams","9":"first","10":"outofstock","11":"taxable","12":"shipping-taxable","13":"product-type-simple"},"_links":{"self":[{"href":"https:\/\/e.kosmolat.eu\/lt\/wp-json\/wp\/v2\/product\/36870","targetHints":{"allow":["GET"]}}],"collection":[{"href":"https:\/\/e.kosmolat.eu\/lt\/wp-json\/wp\/v2\/product"}],"about":[{"href":"https:\/\/e.kosmolat.eu\/lt\/wp-json\/wp\/v2\/types\/product"}],"wp:featuredmedia":[{"embeddable":true,"href":"https:\/\/e.kosmolat.eu\/lt\/wp-json\/wp\/v2\/media\/86346"}],"wp:attachment":[{"href":"https:\/\/e.kosmolat.eu\/lt\/wp-json\/wp\/v2\/media?parent=36870"}],"wp:term":[{"taxonomy":"product_cat","embeddable":true,"href":"https:\/\/e.kosmolat.eu\/lt\/wp-json\/wp\/v2\/product_cat?post=36870"},{"taxonomy":"product_tag","embeddable":true,"href":"https:\/\/e.kosmolat.eu\/lt\/wp-json\/wp\/v2\/product_tag?post=36870"}],"curies":[{"name":"wp","href":"https:\/\/api.w.org\/{rel}","templated":true}]}}