{"id":36842,"date":"2023-12-22T18:56:58","date_gmt":"2023-12-22T18:56:58","guid":{"rendered":"https:\/\/e.kosmolat.eu\/product\/dr-s-collagen-hair-matu-maska-volume-boost-300-ml\/"},"modified":"2025-09-19T22:40:06","modified_gmt":"2025-09-19T22:40:06","slug":"i_dr-s-collagen-hair-matu-maska-volume-boost-300-ml","status":"publish","type":"product","link":"https:\/\/e.kosmolat.eu\/lt\/produktas\/i_dr-s-collagen-hair-matu-maska-volume-boost-300-ml\/","title":{"rendered":"I_DR.SANTE Collagen Hair Volume Boost Plauk\u0173 kauk\u0117, 300 ml"},"content":{"rendered":"<p>Dr.Sante Collagen Hair Volume Boost &ndash; gro\u017eio fenomenas stipriems ir gra\u017eiems plaukams nuo &scaron;akn\u0173 iki galiuk\u0173. Dr\u0117kinanti, itin didel\u0117s apimties energija neapsunkinanti, apsauga nuo l\u016b\u017ei\u0173 per vis\u0105 ilg\u012f.&nbsp;<\/p>\n<p><strong>Naudojimas:&nbsp;<\/strong>tepti ant &scaron;vari\u0173, dr\u0117gn\u0173 plauk\u0173. Palikite 5-10 minu\u010di\u0173, tada kruop&scaron;\u010diai nuplaukite vandeniu.<\/p>\n<p><strong>Atsargumo priemon\u0117s:<\/strong>&nbsp;padid\u0117j\u0119s individualus jautrumas atskiriems komponentams.<\/p>\n","protected":false},"excerpt":{"rendered":"<p>Dr.Sante Collagen Hair Volume Boost &ndash; gro\u017eio fenomenas stipriems ir gra\u017eiems plaukams nuo &scaron;akn\u0173 iki galiuk\u0173. Dr\u0117kinanti, itin didel\u0117s apimties energija neapsunkinanti, apsauga nuo l\u016b\u017ei\u0173 per vis\u0105 ilg\u012f.&nbsp; Naudojimas:&nbsp;tepti ant &scaron;vari\u0173, dr\u0117gn\u0173 plauk\u0173. Palikite 5-10 minu\u010di\u0173, tada kruop&scaron;\u010diai nuplaukite vandeniu. Atsargumo priemon\u0117s:&nbsp;padid\u0117j\u0119s individualus jautrumas atskiriems komponentams.<\/p>\n","protected":false},"featured_media":86338,"template":"","meta":[],"product_cat":[1256],"product_tag":[],"class_list":{"0":"post-36842","1":"product","2":"type-product","3":"status-publish","4":"has-post-thumbnail","6":"product_brand-elfa_ua-lt","7":"product_cat-plauku-kaukes","9":"first","10":"outofstock","11":"taxable","12":"shipping-taxable","13":"product-type-simple"},"_links":{"self":[{"href":"https:\/\/e.kosmolat.eu\/lt\/wp-json\/wp\/v2\/product\/36842","targetHints":{"allow":["GET"]}}],"collection":[{"href":"https:\/\/e.kosmolat.eu\/lt\/wp-json\/wp\/v2\/product"}],"about":[{"href":"https:\/\/e.kosmolat.eu\/lt\/wp-json\/wp\/v2\/types\/product"}],"wp:featuredmedia":[{"embeddable":true,"href":"https:\/\/e.kosmolat.eu\/lt\/wp-json\/wp\/v2\/media\/86338"}],"wp:attachment":[{"href":"https:\/\/e.kosmolat.eu\/lt\/wp-json\/wp\/v2\/media?parent=36842"}],"wp:term":[{"taxonomy":"product_cat","embeddable":true,"href":"https:\/\/e.kosmolat.eu\/lt\/wp-json\/wp\/v2\/product_cat?post=36842"},{"taxonomy":"product_tag","embeddable":true,"href":"https:\/\/e.kosmolat.eu\/lt\/wp-json\/wp\/v2\/product_tag?post=36842"}],"curies":[{"name":"wp","href":"https:\/\/api.w.org\/{rel}","templated":true}]}}