{"id":36786,"date":"2023-12-22T18:52:13","date_gmt":"2023-12-22T18:52:13","guid":{"rendered":"https:\/\/e.kosmolat.eu\/product\/ns-hair-evolution-natural-matu-kondicionieris-be-color-spilgtums-krasu-aizsardziba-245-ml\/"},"modified":"2025-09-19T21:33:15","modified_gmt":"2025-09-19T21:33:15","slug":"ns-hair-evolution-natural-matu-kondicionieris-be-color-spilgtums-krasu-aizsardziba-245-ml","status":"publish","type":"product","link":"https:\/\/e.kosmolat.eu\/lt\/produktas\/ns-hair-evolution-natural-matu-kondicionieris-be-color-spilgtums-krasu-aizsardziba-245-ml\/","title":{"rendered":"NATURA SIBERICA HAIR EVOLUTION plauk\u0173 kondicionierius da\u017eytiems plaukams Be Color, 245 ml"},"content":{"rendered":"<p>Ry\u0161kum\u0105 ir spalv\u0105 apsaugantis plauk\u0173 kondicionierius kasdieninei da\u017eyt\u0173 plauk\u0173 prie\u017ei\u016brai. Padeda i\u0161laikyti sodr\u0173 da\u017eyt\u0173 plauk\u0173 atspalv\u012f ir jo intensyvum\u0105. \u0160i priemon\u0117 giliai dr\u0117kina, maitina bei sauteikia \u017eaving\u0105 spindes\u012f plaukams. Idealiai tinka naudoti su tos pa\u010dios linijos &#8220;Be Color&#8221; produktais.<\/p>\n","protected":false},"excerpt":{"rendered":"<p>Ry\u0161kum\u0105 ir spalv\u0105 apsaugantis plauk\u0173 kondicionierius kasdieninei da\u017eyt\u0173 plauk\u0173 prie\u017ei\u016brai. Padeda i\u0161laikyti sodr\u0173 da\u017eyt\u0173 plauk\u0173 atspalv\u012f ir jo intensyvum\u0105. \u0160i priemon\u0117 giliai dr\u0117kina, maitina bei sauteikia \u017eaving\u0105 spindes\u012f plaukams. Idealiai tinka naudoti su tos pa\u010dios linijos &#8220;Be Color&#8221; produktais.<\/p>\n","protected":false},"featured_media":85150,"template":"","meta":[],"product_cat":[1640],"product_tag":[],"class_list":{"0":"post-36786","1":"product","2":"type-product","3":"status-publish","4":"has-post-thumbnail","6":"product_brand-siberica_ee-lt","7":"product_cat-balzamai","9":"first","10":"outofstock","11":"taxable","12":"shipping-taxable","13":"product-type-simple"},"_links":{"self":[{"href":"https:\/\/e.kosmolat.eu\/lt\/wp-json\/wp\/v2\/product\/36786","targetHints":{"allow":["GET"]}}],"collection":[{"href":"https:\/\/e.kosmolat.eu\/lt\/wp-json\/wp\/v2\/product"}],"about":[{"href":"https:\/\/e.kosmolat.eu\/lt\/wp-json\/wp\/v2\/types\/product"}],"wp:featuredmedia":[{"embeddable":true,"href":"https:\/\/e.kosmolat.eu\/lt\/wp-json\/wp\/v2\/media\/85150"}],"wp:attachment":[{"href":"https:\/\/e.kosmolat.eu\/lt\/wp-json\/wp\/v2\/media?parent=36786"}],"wp:term":[{"taxonomy":"product_cat","embeddable":true,"href":"https:\/\/e.kosmolat.eu\/lt\/wp-json\/wp\/v2\/product_cat?post=36786"},{"taxonomy":"product_tag","embeddable":true,"href":"https:\/\/e.kosmolat.eu\/lt\/wp-json\/wp\/v2\/product_tag?post=36786"}],"curies":[{"name":"wp","href":"https:\/\/api.w.org\/{rel}","templated":true}]}}