{"id":36718,"date":"2023-12-22T18:46:39","date_gmt":"2023-12-22T18:46:39","guid":{"rendered":"https:\/\/e.kosmolat.eu\/product\/lv-skidras-matetas-acu-enas-101-tonis-matt-tint-waterproof-12h\/"},"modified":"2025-09-19T21:57:00","modified_gmt":"2025-09-19T21:57:00","slug":"lv-skidras-matetas-acu-enas-101-tonis-matt-tint-waterproof-12h-3-g","status":"publish","type":"product","link":"https:\/\/e.kosmolat.eu\/lt\/produktas\/lv-skidras-matetas-acu-enas-101-tonis-matt-tint-waterproof-12h-3-g\/","title":{"rendered":"LUXVISAGE Skysti matiniai aki\u0173 \u0161e\u0161\u0117liai Matt Tint Waterproof 12H, 101 \u0442\u043e\u043d, 3 g"},"content":{"rendered":"","protected":false},"excerpt":{"rendered":"","protected":false},"featured_media":85602,"template":"","meta":[],"product_cat":[1295],"product_tag":[],"class_list":{"0":"post-36718","1":"product","2":"type-product","3":"status-publish","4":"has-post-thumbnail","6":"product_brand-lux-visage_by-lt","7":"product_cat-akiu-seseliai","9":"first","10":"outofstock","11":"taxable","12":"shipping-taxable","13":"product-type-simple"},"_links":{"self":[{"href":"https:\/\/e.kosmolat.eu\/lt\/wp-json\/wp\/v2\/product\/36718","targetHints":{"allow":["GET"]}}],"collection":[{"href":"https:\/\/e.kosmolat.eu\/lt\/wp-json\/wp\/v2\/product"}],"about":[{"href":"https:\/\/e.kosmolat.eu\/lt\/wp-json\/wp\/v2\/types\/product"}],"wp:featuredmedia":[{"embeddable":true,"href":"https:\/\/e.kosmolat.eu\/lt\/wp-json\/wp\/v2\/media\/85602"}],"wp:attachment":[{"href":"https:\/\/e.kosmolat.eu\/lt\/wp-json\/wp\/v2\/media?parent=36718"}],"wp:term":[{"taxonomy":"product_cat","embeddable":true,"href":"https:\/\/e.kosmolat.eu\/lt\/wp-json\/wp\/v2\/product_cat?post=36718"},{"taxonomy":"product_tag","embeddable":true,"href":"https:\/\/e.kosmolat.eu\/lt\/wp-json\/wp\/v2\/product_tag?post=36718"}],"curies":[{"name":"wp","href":"https:\/\/api.w.org\/{rel}","templated":true}]}}