{"id":36706,"date":"2023-12-22T18:45:30","date_gmt":"2023-12-22T18:45:30","guid":{"rendered":"https:\/\/e.kosmolat.eu\/product\/sl-krems-tonis-skidras-zekes-ar-spidumu-150-ml\/"},"modified":"2025-09-22T12:10:48","modified_gmt":"2025-09-22T12:10:48","slug":"sl-krems-tonis-skidras-zekes-ar-spidumu-150-ml","status":"publish","type":"product","link":"https:\/\/e.kosmolat.eu\/lt\/produktas\/sl-krems-tonis-skidras-zekes-ar-spidumu-150-ml\/","title":{"rendered":"BIO WORLD Tonuojantis kremas skystos kojin\u0117s. Blizgios. 150 ml"},"content":{"rendered":"<p>Tonuojantis kremas &bdquo;Skystos kojin\u0117s&ldquo; &ndash; puiki alternatyva nailonin\u0117ms kojin\u0117ms kar&scaron;tu oru. Kremas u\u017emaskuoja m\u0117lynes, randus, ven\u0173 tinklel\u012f ir ry&scaron;kias venas. U\u017etepus susidaro plona pl\u0117vel\u0117, imituojanti nailonines kojines, praleid\u017eia or\u0105 ir nedirgina odos. Suteikia koj\u0173 odai sveik\u0105 ir spindin\u010di\u0105 i&scaron;vaizd\u0105.<\/p>\n<p>Naudojimo rekomendacijos:<\/p>\n<p>Tolygiai u\u017etepkite ant nuvalytos odos nuo p\u0117d\u0173 iki vir&scaron;aus, leiskite \u012fsigerti, tada apsivilkite drabu\u017eius. Pasitepus kremu i&scaron; karto nusiplaukite rankas!<\/p>\n","protected":false},"excerpt":{"rendered":"<p>Tonuojantis kremas &bdquo;Skystos kojin\u0117s&ldquo; &ndash; puiki alternatyva nailonin\u0117ms kojin\u0117ms kar&scaron;tu oru. Kremas u\u017emaskuoja m\u0117lynes, randus, ven\u0173 tinklel\u012f ir ry&scaron;kias venas. U\u017etepus susidaro plona pl\u0117vel\u0117, imituojanti nailonines kojines, praleid\u017eia or\u0105 ir nedirgina odos. Suteikia koj\u0173 odai sveik\u0105 ir spindin\u010di\u0105 i&scaron;vaizd\u0105. Naudojimo rekomendacijos: Tolygiai u\u017etepkite ant nuvalytos odos nuo p\u0117d\u0173 iki vir&scaron;aus, leiskite \u012fsigerti, tada apsivilkite drabu\u017eius. [&#8230;]\n","protected":false},"featured_media":84878,"template":"","meta":[],"product_cat":[1390],"product_tag":[],"class_list":{"0":"post-36706","1":"product","2":"type-product","3":"status-publish","4":"has-post-thumbnail","6":"product_brand-matbea_sivis_by-lt","7":"product_cat-kremai-aliejai-kuno-pienelis","9":"first","10":"instock","11":"taxable","12":"shipping-taxable","13":"product-type-simple"},"_links":{"self":[{"href":"https:\/\/e.kosmolat.eu\/lt\/wp-json\/wp\/v2\/product\/36706","targetHints":{"allow":["GET"]}}],"collection":[{"href":"https:\/\/e.kosmolat.eu\/lt\/wp-json\/wp\/v2\/product"}],"about":[{"href":"https:\/\/e.kosmolat.eu\/lt\/wp-json\/wp\/v2\/types\/product"}],"wp:featuredmedia":[{"embeddable":true,"href":"https:\/\/e.kosmolat.eu\/lt\/wp-json\/wp\/v2\/media\/84878"}],"wp:attachment":[{"href":"https:\/\/e.kosmolat.eu\/lt\/wp-json\/wp\/v2\/media?parent=36706"}],"wp:term":[{"taxonomy":"product_cat","embeddable":true,"href":"https:\/\/e.kosmolat.eu\/lt\/wp-json\/wp\/v2\/product_cat?post=36706"},{"taxonomy":"product_tag","embeddable":true,"href":"https:\/\/e.kosmolat.eu\/lt\/wp-json\/wp\/v2\/product_tag?post=36706"}],"curies":[{"name":"wp","href":"https:\/\/api.w.org\/{rel}","templated":true}]}}