{"id":36702,"date":"2023-12-22T18:45:07","date_gmt":"2023-12-22T18:45:07","guid":{"rendered":"https:\/\/e.kosmolat.eu\/product\/sl-sprejs-autoiedegums-gaiss-150-ml\/"},"modified":"2025-09-19T21:17:38","modified_gmt":"2025-09-19T21:17:38","slug":"sl-sprejs-autoiedegums-gaiss-150-ml","status":"publish","type":"product","link":"https:\/\/e.kosmolat.eu\/lt\/produktas\/sl-sprejs-autoiedegums-gaiss-150-ml\/","title":{"rendered":"BIO WORLD Secret Life Pur\u0161kiklis-auto\u012fdegis \u0160viesus, 150 ml"},"content":{"rendered":"<p>Savaiminis \u012fdegis, pagr\u012fstas nat\u016braliais ingredientais, suteikia odai lengv\u0105 \u012fdegio atspalv\u012f, kuris i&scaron;lieka kelias dienas. Pur&scaron;kalas papildomai dr\u0117kina od\u0105. Alijo&scaron;iaus ekstraktas turi raminant\u012f ir prie&scaron;u\u017edegimin\u012f poveik\u012f. Mork\u0173 ekstrakte yra nat\u016bralaus tokoferolio, kuris apsaugo nuo sen\u0117jimo ir sen\u0117jimo d\u0117l UV spinduli\u0173 poveikio. Alyvuogi\u0173 ekstraktas padaro od\u0105 mink&scaron;t\u0105 ir &scaron;velni\u0105, gr\u0105\u017eina jai stangrum\u0105 ir elastingum\u0105. Kaip naudoti: tolygiai purk&scaron;kite ant nuvalytos odos, leiskite susigerti, tada apsivilkite drabu\u017eius. Po naudojimo, nedelsdami nusiplaukite rankas!<\/p>\n","protected":false},"excerpt":{"rendered":"<p>Savaiminis \u012fdegis, pagr\u012fstas nat\u016braliais ingredientais, suteikia odai lengv\u0105 \u012fdegio atspalv\u012f, kuris i&scaron;lieka kelias dienas. Pur&scaron;kalas papildomai dr\u0117kina od\u0105. Alijo&scaron;iaus ekstraktas turi raminant\u012f ir prie&scaron;u\u017edegimin\u012f poveik\u012f. Mork\u0173 ekstrakte yra nat\u016bralaus tokoferolio, kuris apsaugo nuo sen\u0117jimo ir sen\u0117jimo d\u0117l UV spinduli\u0173 poveikio. Alyvuogi\u0173 ekstraktas padaro od\u0105 mink&scaron;t\u0105 ir &scaron;velni\u0105, gr\u0105\u017eina jai stangrum\u0105 ir elastingum\u0105. Kaip naudoti: tolygiai [&#8230;]\n","protected":false},"featured_media":84874,"template":"","meta":[],"product_cat":[1390],"product_tag":[],"class_list":{"0":"post-36702","1":"product","2":"type-product","3":"status-publish","4":"has-post-thumbnail","6":"product_brand-matbea_sivis_by-lt","7":"product_cat-kremai-aliejai-kuno-pienelis","9":"first","10":"outofstock","11":"taxable","12":"shipping-taxable","13":"product-type-simple"},"_links":{"self":[{"href":"https:\/\/e.kosmolat.eu\/lt\/wp-json\/wp\/v2\/product\/36702","targetHints":{"allow":["GET"]}}],"collection":[{"href":"https:\/\/e.kosmolat.eu\/lt\/wp-json\/wp\/v2\/product"}],"about":[{"href":"https:\/\/e.kosmolat.eu\/lt\/wp-json\/wp\/v2\/types\/product"}],"wp:featuredmedia":[{"embeddable":true,"href":"https:\/\/e.kosmolat.eu\/lt\/wp-json\/wp\/v2\/media\/84874"}],"wp:attachment":[{"href":"https:\/\/e.kosmolat.eu\/lt\/wp-json\/wp\/v2\/media?parent=36702"}],"wp:term":[{"taxonomy":"product_cat","embeddable":true,"href":"https:\/\/e.kosmolat.eu\/lt\/wp-json\/wp\/v2\/product_cat?post=36702"},{"taxonomy":"product_tag","embeddable":true,"href":"https:\/\/e.kosmolat.eu\/lt\/wp-json\/wp\/v2\/product_tag?post=36702"}],"curies":[{"name":"wp","href":"https:\/\/api.w.org\/{rel}","templated":true}]}}