{"id":36698,"date":"2023-12-22T18:44:49","date_gmt":"2023-12-22T18:44:49","guid":{"rendered":"https:\/\/e.kosmolat.eu\/product\/sl-sprejs-autoiedegums-tumss-150-ml\/"},"modified":"2025-09-19T21:17:26","modified_gmt":"2025-09-19T21:17:26","slug":"sl-sprejs-autoiedegums-tumss-150-ml","status":"publish","type":"product","link":"https:\/\/e.kosmolat.eu\/lt\/produktas\/sl-sprejs-autoiedegums-tumss-150-ml\/","title":{"rendered":"BIO WORLD Secret Life Pur\u0161kiklis-auto\u012fdegis Tamsus, 150 ml"},"content":{"rendered":"<p>Savaiminis \u012fdegis, pagr\u012fstas nat\u016braliais ingredientais, suteikia odai intensyv\u0173 \u012fdegio ton\u0105, kuris i&scaron;lieka kelias dienas. Pur&scaron;kalas papildomai dr\u0117kina od\u0105. Alijo&scaron;iaus ekstraktas turi raminant\u012f ir prie&scaron;u\u017edegimin\u012f poveik\u012f. Avi\u017e\u0173 ekstraktas stimuliuoja l\u0105steli\u0173 apykaitos procesus, kovoja su padid\u0117jusia riebal\u0173 gamyba. Ciber\u017eol\u0117s ekstraktas veikia streso rauk&scaron;les, skatina odos atsinaujinim\u0105.<\/p>\n<p><strong>Naudojimas: <\/strong>tolygiai purk&scaron;kite ant nuvalytos odos, leiskite susigerti, tada apsivilkite drabu\u017eius. Po naudojimo, nedelsdami nusiplaukite rankas!<br \/>\n&nbsp;<\/p>\n","protected":false},"excerpt":{"rendered":"<p>Savaiminis \u012fdegis, pagr\u012fstas nat\u016braliais ingredientais, suteikia odai intensyv\u0173 \u012fdegio ton\u0105, kuris i&scaron;lieka kelias dienas. Pur&scaron;kalas papildomai dr\u0117kina od\u0105. Alijo&scaron;iaus ekstraktas turi raminant\u012f ir prie&scaron;u\u017edegimin\u012f poveik\u012f. Avi\u017e\u0173 ekstraktas stimuliuoja l\u0105steli\u0173 apykaitos procesus, kovoja su padid\u0117jusia riebal\u0173 gamyba. Ciber\u017eol\u0117s ekstraktas veikia streso rauk&scaron;les, skatina odos atsinaujinim\u0105. Naudojimas: tolygiai purk&scaron;kite ant nuvalytos odos, leiskite susigerti, tada apsivilkite drabu\u017eius. [&#8230;]\n","protected":false},"featured_media":84870,"template":"","meta":[],"product_cat":[1390],"product_tag":[],"class_list":{"0":"post-36698","1":"product","2":"type-product","3":"status-publish","4":"has-post-thumbnail","6":"product_brand-matbea_sivis_by-lt","7":"product_cat-kremai-aliejai-kuno-pienelis","9":"first","10":"outofstock","11":"taxable","12":"shipping-taxable","13":"product-type-simple"},"_links":{"self":[{"href":"https:\/\/e.kosmolat.eu\/lt\/wp-json\/wp\/v2\/product\/36698","targetHints":{"allow":["GET"]}}],"collection":[{"href":"https:\/\/e.kosmolat.eu\/lt\/wp-json\/wp\/v2\/product"}],"about":[{"href":"https:\/\/e.kosmolat.eu\/lt\/wp-json\/wp\/v2\/types\/product"}],"wp:featuredmedia":[{"embeddable":true,"href":"https:\/\/e.kosmolat.eu\/lt\/wp-json\/wp\/v2\/media\/84870"}],"wp:attachment":[{"href":"https:\/\/e.kosmolat.eu\/lt\/wp-json\/wp\/v2\/media?parent=36698"}],"wp:term":[{"taxonomy":"product_cat","embeddable":true,"href":"https:\/\/e.kosmolat.eu\/lt\/wp-json\/wp\/v2\/product_cat?post=36698"},{"taxonomy":"product_tag","embeddable":true,"href":"https:\/\/e.kosmolat.eu\/lt\/wp-json\/wp\/v2\/product_tag?post=36698"}],"curies":[{"name":"wp","href":"https:\/\/api.w.org\/{rel}","templated":true}]}}