{"id":36686,"date":"2023-12-22T18:44:00","date_gmt":"2023-12-22T18:44:00","guid":{"rendered":"https:\/\/e.kosmolat.eu\/product\/mi-ri-ne-100-sos-nomierinosa-auduma-sejas-maska-after-sun-coconut-22-g\/"},"modified":"2025-09-19T21:16:24","modified_gmt":"2025-09-19T21:16:24","slug":"mi-ri-ne-100-sos-nomierinosa-auduma-sejas-maska-after-sun-coconut-22-g","status":"publish","type":"product","link":"https:\/\/e.kosmolat.eu\/lt\/produktas\/mi-ri-ne-100-sos-nomierinosa-auduma-sejas-maska-after-sun-coconut-22-g\/","title":{"rendered":"Mi-Ri-Ne 100% SOS Raminanti med\u017eiagin\u0117 kauk\u0117 po saul\u0117s COCONUT, 22 g"},"content":{"rendered":"<\/p>\n","protected":false},"excerpt":{"rendered":"","protected":false},"featured_media":84854,"template":"","meta":[],"product_cat":[1369],"product_tag":[],"class_list":{"0":"post-36686","1":"product","2":"type-product","3":"status-publish","4":"has-post-thumbnail","6":"product_brand-malina-akcija-lt","7":"product_cat-veido-kaukes","9":"first","10":"outofstock","11":"taxable","12":"shipping-taxable","13":"product-type-simple"},"_links":{"self":[{"href":"https:\/\/e.kosmolat.eu\/lt\/wp-json\/wp\/v2\/product\/36686","targetHints":{"allow":["GET"]}}],"collection":[{"href":"https:\/\/e.kosmolat.eu\/lt\/wp-json\/wp\/v2\/product"}],"about":[{"href":"https:\/\/e.kosmolat.eu\/lt\/wp-json\/wp\/v2\/types\/product"}],"wp:featuredmedia":[{"embeddable":true,"href":"https:\/\/e.kosmolat.eu\/lt\/wp-json\/wp\/v2\/media\/84854"}],"wp:attachment":[{"href":"https:\/\/e.kosmolat.eu\/lt\/wp-json\/wp\/v2\/media?parent=36686"}],"wp:term":[{"taxonomy":"product_cat","embeddable":true,"href":"https:\/\/e.kosmolat.eu\/lt\/wp-json\/wp\/v2\/product_cat?post=36686"},{"taxonomy":"product_tag","embeddable":true,"href":"https:\/\/e.kosmolat.eu\/lt\/wp-json\/wp\/v2\/product_tag?post=36686"}],"curies":[{"name":"wp","href":"https:\/\/api.w.org\/{rel}","templated":true}]}}