{"id":36682,"date":"2023-12-22T18:43:34","date_gmt":"2023-12-22T18:43:34","guid":{"rendered":"https:\/\/e.kosmolat.eu\/product\/cz-splash-maska-sejai-un-kaklam-la-160-ml\/"},"modified":"2025-09-19T22:35:06","modified_gmt":"2025-09-19T22:35:06","slug":"cz-splash-maska-sejai-un-kaklam-la-160-ml","status":"publish","type":"product","link":"https:\/\/e.kosmolat.eu\/lt\/produktas\/cz-splash-maska-sejai-un-kaklam-la-160-ml\/","title":{"rendered":"\u010cIORNYJ \u017dEM\u010cIUG Splash Kauk\u0117 veidui ir kaklui LA, 160 ml"},"content":{"rendered":"<p>Naujovi\u0161ka splash kauk\u0117 yra daugiafunkcin\u0117 veido ir kaklo odos proced\u016bra:<\/p>\n<div>\u0160vei\u010dia negyvas l\u0105steles, atnaujina ir tonizuoja od\u0105;\n<\/div>\n<div>Padeda \u0161viesinti am\u017eiaus d\u0117mes ir spuog\u0173 \u017eymes;\n<\/div>\n<div>Vitaminas E ir verben\u0173 ekstraktas dr\u0117kina od\u0105, gerina l\u0105steli\u0173 metabolizm\u0105.\n<\/div>\n<h4>Naudojimo b\u016bdas:<br \/>\n<\/h4>\n<div>Nedidel\u012f kiek\u012f  kauk\u0117s u\u017etepkite delnais ant dr\u0117gnos veido ir kaklo odos, kuri buvo i\u0161valyta nuo makia\u017eo, vengiant vietos aplink akis ir l\u016bpas. \u0160velniai masa\u017euokite od\u0105 pir\u0161t\u0173 galiukais ir po 1\u20132 minu\u010di\u0173 nuplaukite patogios temperat\u016bros vandeniu. Naudokite kaip papildom\u0105 prie\u017ei\u016bros priemon\u0119 1-2 kartus per savait\u0119.<\/div>\n","protected":false},"excerpt":{"rendered":"<p>Naujovi\u0161ka splash kauk\u0117 yra daugiafunkcin\u0117 veido ir kaklo odos proced\u016bra: \u0160vei\u010dia negyvas l\u0105steles, atnaujina ir tonizuoja od\u0105; Padeda \u0161viesinti am\u017eiaus d\u0117mes ir spuog\u0173 \u017eymes; Vitaminas E ir verben\u0173 ekstraktas dr\u0117kina od\u0105, gerina l\u0105steli\u0173 metabolizm\u0105. Naudojimo b\u016bdas: Nedidel\u012f kiek\u012f kauk\u0117s u\u017etepkite delnais ant dr\u0117gnos veido ir kaklo odos, kuri buvo i\u0161valyta nuo makia\u017eo, vengiant vietos aplink [&#8230;]\n","protected":false},"featured_media":86258,"template":"","meta":[],"product_cat":[1369],"product_tag":[],"class_list":{"0":"post-36682","1":"product","2":"type-product","3":"status-publish","4":"has-post-thumbnail","6":"product_brand-unilever-rus-lt","7":"product_cat-veido-kaukes","9":"first","10":"outofstock","11":"taxable","12":"shipping-taxable","13":"product-type-simple"},"_links":{"self":[{"href":"https:\/\/e.kosmolat.eu\/lt\/wp-json\/wp\/v2\/product\/36682","targetHints":{"allow":["GET"]}}],"collection":[{"href":"https:\/\/e.kosmolat.eu\/lt\/wp-json\/wp\/v2\/product"}],"about":[{"href":"https:\/\/e.kosmolat.eu\/lt\/wp-json\/wp\/v2\/types\/product"}],"wp:featuredmedia":[{"embeddable":true,"href":"https:\/\/e.kosmolat.eu\/lt\/wp-json\/wp\/v2\/media\/86258"}],"wp:attachment":[{"href":"https:\/\/e.kosmolat.eu\/lt\/wp-json\/wp\/v2\/media?parent=36682"}],"wp:term":[{"taxonomy":"product_cat","embeddable":true,"href":"https:\/\/e.kosmolat.eu\/lt\/wp-json\/wp\/v2\/product_cat?post=36682"},{"taxonomy":"product_tag","embeddable":true,"href":"https:\/\/e.kosmolat.eu\/lt\/wp-json\/wp\/v2\/product_tag?post=36682"}],"curies":[{"name":"wp","href":"https:\/\/api.w.org\/{rel}","templated":true}]}}