{"id":36678,"date":"2023-12-22T18:43:12","date_gmt":"2023-12-22T18:43:12","guid":{"rendered":"https:\/\/e.kosmolat.eu\/product\/cz-attirosa-zeleja-pilings-la-80-ml\/"},"modified":"2025-09-19T22:34:52","modified_gmt":"2025-09-19T22:34:52","slug":"cz-attirosa-zeleja-pilings-la-80-ml","status":"publish","type":"product","link":"https:\/\/e.kosmolat.eu\/lt\/produktas\/cz-attirosa-zeleja-pilings-la-80-ml\/","title":{"rendered":"\u010cIORNYJ \u017dEM\u010cIUG Gelis pilingas Valantis LA, 80 ml"},"content":{"rendered":"<p>Lengvas pagrindas su \u0161veitimo dalel\u0117mis \u0161velniai valo od\u0105. Produkte esan\u010dios AHA r\u016bg\u0161tys \u0161vei\u010dia negyvas l\u0105steles, suteikdamos veidui gaiv\u0173 ir tolyg\u0173 atspalv\u012f.<\/p>\n<p><strong>Naudojimas:<\/strong>&nbsp;priemon\u0119 tepkite ant dr\u0117gnos veido odos, vengdami vietos aplink akis ir l\u016bpas, masa\u017euokite, nuplaukite vandeniu. Rezultatas: oda tampa \u0161velni ir spindinti, o tolesn\u0117 prie\u017ei\u016bra tampa efektyvesn\u0117.<\/p>\n<p>&nbsp;<\/p>\n<p>&nbsp;<\/p>\n","protected":false},"excerpt":{"rendered":"<p>Lengvas pagrindas su \u0161veitimo dalel\u0117mis \u0161velniai valo od\u0105. Produkte esan\u010dios AHA r\u016bg\u0161tys \u0161vei\u010dia negyvas l\u0105steles, suteikdamos veidui gaiv\u0173 ir tolyg\u0173 atspalv\u012f. Naudojimas:&nbsp;priemon\u0119 tepkite ant dr\u0117gnos veido odos, vengdami vietos aplink akis ir l\u016bpas, masa\u017euokite, nuplaukite vandeniu. Rezultatas: oda tampa \u0161velni ir spindinti, o tolesn\u0117 prie\u017ei\u016bra tampa efektyvesn\u0117. &nbsp; &nbsp;<\/p>\n","protected":false},"featured_media":86254,"template":"","meta":[],"product_cat":[1322],"product_tag":[],"class_list":{"0":"post-36678","1":"product","2":"type-product","3":"status-publish","4":"has-post-thumbnail","6":"product_brand-unilever-rus-lt","7":"product_cat-veido-kremai","9":"first","10":"outofstock","11":"taxable","12":"shipping-taxable","13":"product-type-simple"},"_links":{"self":[{"href":"https:\/\/e.kosmolat.eu\/lt\/wp-json\/wp\/v2\/product\/36678","targetHints":{"allow":["GET"]}}],"collection":[{"href":"https:\/\/e.kosmolat.eu\/lt\/wp-json\/wp\/v2\/product"}],"about":[{"href":"https:\/\/e.kosmolat.eu\/lt\/wp-json\/wp\/v2\/types\/product"}],"wp:featuredmedia":[{"embeddable":true,"href":"https:\/\/e.kosmolat.eu\/lt\/wp-json\/wp\/v2\/media\/86254"}],"wp:attachment":[{"href":"https:\/\/e.kosmolat.eu\/lt\/wp-json\/wp\/v2\/media?parent=36678"}],"wp:term":[{"taxonomy":"product_cat","embeddable":true,"href":"https:\/\/e.kosmolat.eu\/lt\/wp-json\/wp\/v2\/product_cat?post=36678"},{"taxonomy":"product_tag","embeddable":true,"href":"https:\/\/e.kosmolat.eu\/lt\/wp-json\/wp\/v2\/product_tag?post=36678"}],"curies":[{"name":"wp","href":"https:\/\/api.w.org\/{rel}","templated":true}]}}