{"id":36662,"date":"2023-12-22T18:42:01","date_gmt":"2023-12-22T18:42:01","guid":{"rendered":"https:\/\/e.kosmolat.eu\/product\/ns-men-atdzivinoss-skrubis-sejas-attirisanai-tigers-paw-150-ml\/"},"modified":"2025-09-19T22:23:17","modified_gmt":"2025-09-19T22:23:17","slug":"ns-men-atdzivinoss-skrubis-sejas-attirisanai-tigers-paw-150-ml","status":"publish","type":"product","link":"https:\/\/e.kosmolat.eu\/lt\/produktas\/ns-men-atdzivinoss-skrubis-sejas-attirisanai-tigers-paw-150-ml\/","title":{"rendered":"Natura Siberica Men Veido \u0161veitiklis vyrams, 150 ml"},"content":{"rendered":"<p>Natura Siberica Men gaivus valantis \u0161veitiklis sukurtas specialiai vyri\u0161kai odai suteikia pasitik\u0117jimo savimi bei dr\u0105sos.\n<\/p>\n<p>Atsisveikinkite su pavargusia, i\u0161bly\u0161kusia veido oda. Sud\u0117tyje esantis ro\u017ein\u0117s radiolos ir taurino ekstraktas pagyvina, energizuoja od\u0105, suteikia stangrumo efekt\u0105.\u00a0<\/p>\n<h4>Naudojimas:\u00a0<\/h4>\n<p>nedidel\u012f kiek\u012f \u0161veitiklio paskirstykite ant sudr\u0117kintos veido odos, \u012fmasa\u017euokite, nuplaukite. Rekomenduojama naudoti 2-3 kartus per savait\u0119.\u00a0<\/p><\/p>\n","protected":false},"excerpt":{"rendered":"<p>Natura Siberica Men gaivus valantis \u0161veitiklis sukurtas specialiai vyri\u0161kai odai suteikia pasitik\u0117jimo savimi bei dr\u0105sos. Atsisveikinkite su pavargusia, i\u0161bly\u0161kusia veido oda. Sud\u0117tyje esantis ro\u017ein\u0117s radiolos ir taurino ekstraktas pagyvina, energizuoja od\u0105, suteikia stangrumo efekt\u0105.\u00a0 Naudojimas:\u00a0 nedidel\u012f kiek\u012f \u0161veitiklio paskirstykite ant sudr\u0117kintos veido odos, \u012fmasa\u017euokite, nuplaukite. Rekomenduojama naudoti 2-3 kartus per savait\u0119.\u00a0<\/p>\n","protected":false},"featured_media":86062,"template":"","meta":[],"product_cat":[1396],"product_tag":[],"class_list":{"0":"post-36662","1":"product","2":"type-product","3":"status-publish","4":"has-post-thumbnail","6":"product_brand-siberica_ee-lt","7":"product_cat-veido-sveitikliai-ir-pilingai","9":"first","10":"outofstock","11":"taxable","12":"shipping-taxable","13":"product-type-simple"},"_links":{"self":[{"href":"https:\/\/e.kosmolat.eu\/lt\/wp-json\/wp\/v2\/product\/36662","targetHints":{"allow":["GET"]}}],"collection":[{"href":"https:\/\/e.kosmolat.eu\/lt\/wp-json\/wp\/v2\/product"}],"about":[{"href":"https:\/\/e.kosmolat.eu\/lt\/wp-json\/wp\/v2\/types\/product"}],"wp:featuredmedia":[{"embeddable":true,"href":"https:\/\/e.kosmolat.eu\/lt\/wp-json\/wp\/v2\/media\/86062"}],"wp:attachment":[{"href":"https:\/\/e.kosmolat.eu\/lt\/wp-json\/wp\/v2\/media?parent=36662"}],"wp:term":[{"taxonomy":"product_cat","embeddable":true,"href":"https:\/\/e.kosmolat.eu\/lt\/wp-json\/wp\/v2\/product_cat?post=36662"},{"taxonomy":"product_tag","embeddable":true,"href":"https:\/\/e.kosmolat.eu\/lt\/wp-json\/wp\/v2\/product_tag?post=36662"}],"curies":[{"name":"wp","href":"https:\/\/api.w.org\/{rel}","templated":true}]}}