{"id":36642,"date":"2023-12-22T18:40:56","date_gmt":"2023-12-22T18:40:56","guid":{"rendered":"https:\/\/e.kosmolat.eu\/product\/mazgasanas-un-masazas-cimds-ar-bambusa-ogli\/"},"modified":"2026-04-22T06:40:00","modified_gmt":"2026-04-22T06:40:00","slug":"mazgasanas-un-masazas-cimds-ar-bambusa-ogli","status":"publish","type":"product","link":"https:\/\/e.kosmolat.eu\/lt\/produktas\/mazgasanas-un-masazas-cimds-ar-bambusa-ogli\/","title":{"rendered":"DONEGAL Masa\u017euojanti pir\u0161tin\u0117 prausimuisi"},"content":{"rendered":"<p>NULL<\/p>\n","protected":false},"excerpt":{"rendered":"<p>NULL<\/p>\n","protected":false},"featured_media":86034,"template":"","meta":[],"product_cat":[2181],"product_tag":[],"class_list":{"0":"post-36642","1":"product","2":"type-product","3":"status-publish","4":"has-post-thumbnail","6":"product_brand-donegal-sp-zo-o-_pl-lt","7":"product_cat-bez-kategorijas-lt","9":"first","10":"instock","11":"taxable","12":"shipping-taxable","13":"product-type-simple"},"_links":{"self":[{"href":"https:\/\/e.kosmolat.eu\/lt\/wp-json\/wp\/v2\/product\/36642","targetHints":{"allow":["GET"]}}],"collection":[{"href":"https:\/\/e.kosmolat.eu\/lt\/wp-json\/wp\/v2\/product"}],"about":[{"href":"https:\/\/e.kosmolat.eu\/lt\/wp-json\/wp\/v2\/types\/product"}],"wp:featuredmedia":[{"embeddable":true,"href":"https:\/\/e.kosmolat.eu\/lt\/wp-json\/wp\/v2\/media\/86034"}],"wp:attachment":[{"href":"https:\/\/e.kosmolat.eu\/lt\/wp-json\/wp\/v2\/media?parent=36642"}],"wp:term":[{"taxonomy":"product_cat","embeddable":true,"href":"https:\/\/e.kosmolat.eu\/lt\/wp-json\/wp\/v2\/product_cat?post=36642"},{"taxonomy":"product_tag","embeddable":true,"href":"https:\/\/e.kosmolat.eu\/lt\/wp-json\/wp\/v2\/product_tag?post=36642"}],"curies":[{"name":"wp","href":"https:\/\/api.w.org\/{rel}","templated":true}]}}