{"id":36638,"date":"2023-12-22T18:40:35","date_gmt":"2023-12-22T18:40:35","guid":{"rendered":"https:\/\/e.kosmolat.eu\/product\/princessa-komplekts-smarzudens-75-ml-bernu-sampuns-2in1-tutti-frutti-300-ml\/"},"modified":"2026-02-16T05:55:30","modified_gmt":"2026-02-16T05:55:30","slug":"princessa-komplekts-smarzudens-75-ml-bernu-sampuns-2in1-tutti-frutti-300-ml","status":"publish","type":"product","link":"https:\/\/e.kosmolat.eu\/lt\/produktas\/princessa-komplekts-smarzudens-75-ml-bernu-sampuns-2in1-tutti-frutti-300-ml\/","title":{"rendered":"PRINCESA RINKINYS Magic story (kvapusis vanduo 75 ml + k\u016bdiki\u0173 \u0161amp\u016bnas 2in1)"},"content":{"rendered":"<p>Vaikams nuo 3 met\u0173. Vartoti pri\u017ei\u016brint suaugusiems.<\/p>\n<p>1) Vaiki&scaron;kas &scaron;amp\u016bnas 2in1 Tutti-frutti, 300 ml<\/p>\n<p>2) Kvapus vanduo, 75 ml<\/p>\n<p><strong>Naudojimas: <\/strong>u\u017etepkite nedidel\u012f kiek\u012f &scaron;amp\u016bno ant dr\u0117gn\u0173 plauk\u0173, masa\u017euokite, kol susidarys putos, tada gerai i&scaron;skalaukite vandeniu. K\u016bno od\u0105 ir plaukus patepkite nedideliu kiekiu kvapnaus vandens.<br \/>\n&nbsp;<\/p>\n","protected":false},"excerpt":{"rendered":"<p>Vaikams nuo 3 met\u0173. Vartoti pri\u017ei\u016brint suaugusiems. 1) Vaiki&scaron;kas &scaron;amp\u016bnas 2in1 Tutti-frutti, 300 ml 2) Kvapus vanduo, 75 ml Naudojimas: u\u017etepkite nedidel\u012f kiek\u012f &scaron;amp\u016bno ant dr\u0117gn\u0173 plauk\u0173, masa\u017euokite, kol susidarys putos, tada gerai i&scaron;skalaukite vandeniu. K\u016bno od\u0105 ir plaukus patepkite nedideliu kiekiu kvapnaus vandens. &nbsp;<\/p>\n","protected":false},"featured_media":86022,"template":"","meta":[],"product_cat":[1851],"product_tag":[],"class_list":{"0":"post-36638","1":"product","2":"type-product","3":"status-publish","4":"has-post-thumbnail","6":"product_brand-vecie-kodi-lt","7":"product_cat-dovanu-rinkiniai-vaikams","9":"first","10":"outofstock","11":"taxable","12":"shipping-taxable","13":"product-type-simple"},"_links":{"self":[{"href":"https:\/\/e.kosmolat.eu\/lt\/wp-json\/wp\/v2\/product\/36638","targetHints":{"allow":["GET"]}}],"collection":[{"href":"https:\/\/e.kosmolat.eu\/lt\/wp-json\/wp\/v2\/product"}],"about":[{"href":"https:\/\/e.kosmolat.eu\/lt\/wp-json\/wp\/v2\/types\/product"}],"wp:featuredmedia":[{"embeddable":true,"href":"https:\/\/e.kosmolat.eu\/lt\/wp-json\/wp\/v2\/media\/86022"}],"wp:attachment":[{"href":"https:\/\/e.kosmolat.eu\/lt\/wp-json\/wp\/v2\/media?parent=36638"}],"wp:term":[{"taxonomy":"product_cat","embeddable":true,"href":"https:\/\/e.kosmolat.eu\/lt\/wp-json\/wp\/v2\/product_cat?post=36638"},{"taxonomy":"product_tag","embeddable":true,"href":"https:\/\/e.kosmolat.eu\/lt\/wp-json\/wp\/v2\/product_tag?post=36638"}],"curies":[{"name":"wp","href":"https:\/\/api.w.org\/{rel}","templated":true}]}}