{"id":36634,"date":"2023-12-22T18:40:12","date_gmt":"2023-12-22T18:40:12","guid":{"rendered":"https:\/\/e.kosmolat.eu\/product\/dd-krems-retinols-30-ml\/"},"modified":"2026-04-22T07:21:44","modified_gmt":"2026-04-22T07:21:44","slug":"the-dr-hc-intens-pretnovec-sejas-krems-retinols-30-ml-30-ml","status":"publish","type":"product","link":"https:\/\/e.kosmolat.eu\/lt\/produktas\/the-dr-hc-intens-pretnovec-sejas-krems-retinols-30-ml-30-ml\/","title":{"rendered":"THE DOCTOR HEALTH &#038; CARE Intensyvus veido kremas nuo sen\u0117jimo Retinolis, 30 ml"},"content":{"rendered":"<p>Visiems odos tipams.<\/p>\n<p>\u2022 stabdo odos sen\u0117jim\u0105, pasi\u017eymi jauninamuoju poveikiu<br \/>\n\u2022 koreguoja esam\u0173 rauk\u0161li\u0173 gyl\u012f<br \/>\n\u2022 gerina odos i\u0161vaizd\u0105<br \/>\n\u2022 suteikia antioksidacin\u0119 apsaug\u0105<br \/>\n\u2022 skatina kolageno gamyb\u0105<br \/>\nNaudojimas: Tepkite ant \u0161varios odos lengvais judesiais i\u0161ilgai masa\u017eo linij\u0173. <\/p>\n<p>Atsargumo priemon\u0117s: galimas padid\u0117j\u0119s individualus jautrumas atskiriems komponentams. Sud\u0117tyje yra vitamino A. Prie\u0161 naudojim\u0105 atsi\u017evelkite \u012f paros doz\u0119<br \/>\nLaikymo temperat\u016bra: laikyti nuo +5\u00b0C iki +25\u00b0C temperat\u016broje.<br \/>\nGeriausias: 30 m\u0117nesi\u0173 nuo pagaminimo datos.<\/p>\n","protected":false},"excerpt":{"rendered":"<p>Visiems odos tipams. \u2022 stabdo odos sen\u0117jim\u0105, pasi\u017eymi jauninamuoju poveikiu \u2022 koreguoja esam\u0173 rauk\u0161li\u0173 gyl\u012f \u2022 gerina odos i\u0161vaizd\u0105 \u2022 suteikia antioksidacin\u0119 apsaug\u0105 \u2022 skatina kolageno gamyb\u0105 Naudojimas: Tepkite ant \u0161varios odos lengvais judesiais i\u0161ilgai masa\u017eo linij\u0173. Atsargumo priemon\u0117s: galimas padid\u0117j\u0119s individualus jautrumas atskiriems komponentams. Sud\u0117tyje yra vitamino A. Prie\u0161 naudojim\u0105 atsi\u017evelkite \u012f paros doz\u0119 [&#8230;]\n","protected":false},"featured_media":86018,"template":"","meta":[],"product_cat":[2181],"product_tag":[],"class_list":{"0":"post-36634","1":"product","2":"type-product","3":"status-publish","4":"has-post-thumbnail","6":"product_brand-elfa_ua-lt","7":"product_cat-bez-kategorijas-lt","9":"first","10":"instock","11":"taxable","12":"shipping-taxable","13":"product-type-simple"},"_links":{"self":[{"href":"https:\/\/e.kosmolat.eu\/lt\/wp-json\/wp\/v2\/product\/36634","targetHints":{"allow":["GET"]}}],"collection":[{"href":"https:\/\/e.kosmolat.eu\/lt\/wp-json\/wp\/v2\/product"}],"about":[{"href":"https:\/\/e.kosmolat.eu\/lt\/wp-json\/wp\/v2\/types\/product"}],"wp:featuredmedia":[{"embeddable":true,"href":"https:\/\/e.kosmolat.eu\/lt\/wp-json\/wp\/v2\/media\/86018"}],"wp:attachment":[{"href":"https:\/\/e.kosmolat.eu\/lt\/wp-json\/wp\/v2\/media?parent=36634"}],"wp:term":[{"taxonomy":"product_cat","embeddable":true,"href":"https:\/\/e.kosmolat.eu\/lt\/wp-json\/wp\/v2\/product_cat?post=36634"},{"taxonomy":"product_tag","embeddable":true,"href":"https:\/\/e.kosmolat.eu\/lt\/wp-json\/wp\/v2\/product_tag?post=36634"}],"curies":[{"name":"wp","href":"https:\/\/api.w.org\/{rel}","templated":true}]}}