{"id":36630,"date":"2023-12-22T18:39:48","date_gmt":"2023-12-22T18:39:48","guid":{"rendered":"https:\/\/e.kosmolat.eu\/product\/ns-oblepikha-dusas-zeleja-energizing-freshness-400-ml\/"},"modified":"2025-09-19T21:14:38","modified_gmt":"2025-09-19T21:14:38","slug":"ns-oblepikha-dusas-zeleja-energizing-freshness-400-ml","status":"publish","type":"product","link":"https:\/\/e.kosmolat.eu\/lt\/produktas\/ns-oblepikha-dusas-zeleja-energizing-freshness-400-ml\/","title":{"rendered":"Natura Siberica Oblepikha energizuojanti du\u0161o \u017eel\u0117, 400 ml"},"content":{"rendered":"<p>Oblepikha Siberica Professional energizuojanti du\u0161o \u017eel\u0117 \u0161velniai valo od\u0105, teikia energijos ir gaivumo. Praturtinta vitaminais C ir E, \u0161altalanki\u0173 aliejumi, spanguoli\u0173 ir kedro rie\u0161ut\u0173 aliejais, stiprina ir dr\u0117kina od\u0105. Pipirm\u0117t\u0117s ir Jakutijos ki\u0161kiakop\u016bs\u010dio ekstrakt\u0173 d\u0117ka gaivina ir suteikia energijos visai dienai.<\/p>\n<div>\n<\/div>\n<div>Naudojimas: kempin\u0117s pagalba paskirstykite antdr\u0117gnos odos. Nuplaukite vandeniu.<\/div>\n","protected":false},"excerpt":{"rendered":"<p>Oblepikha Siberica Professional energizuojanti du\u0161o \u017eel\u0117 \u0161velniai valo od\u0105, teikia energijos ir gaivumo. Praturtinta vitaminais C ir E, \u0161altalanki\u0173 aliejumi, spanguoli\u0173 ir kedro rie\u0161ut\u0173 aliejais, stiprina ir dr\u0117kina od\u0105. Pipirm\u0117t\u0117s ir Jakutijos ki\u0161kiakop\u016bs\u010dio ekstrakt\u0173 d\u0117ka gaivina ir suteikia energijos visai dienai. Naudojimas: kempin\u0117s pagalba paskirstykite antdr\u0117gnos odos. Nuplaukite vandeniu.<\/p>\n","protected":false},"featured_media":84822,"template":"","meta":[],"product_cat":[1282],"product_tag":[],"class_list":{"0":"post-36630","1":"product","2":"type-product","3":"status-publish","4":"has-post-thumbnail","6":"product_brand-siberica_ee-lt","7":"product_cat-duso-geliai-ir-duso-aliejai","9":"first","10":"outofstock","11":"taxable","12":"shipping-taxable","13":"product-type-simple"},"_links":{"self":[{"href":"https:\/\/e.kosmolat.eu\/lt\/wp-json\/wp\/v2\/product\/36630","targetHints":{"allow":["GET"]}}],"collection":[{"href":"https:\/\/e.kosmolat.eu\/lt\/wp-json\/wp\/v2\/product"}],"about":[{"href":"https:\/\/e.kosmolat.eu\/lt\/wp-json\/wp\/v2\/types\/product"}],"wp:featuredmedia":[{"embeddable":true,"href":"https:\/\/e.kosmolat.eu\/lt\/wp-json\/wp\/v2\/media\/84822"}],"wp:attachment":[{"href":"https:\/\/e.kosmolat.eu\/lt\/wp-json\/wp\/v2\/media?parent=36630"}],"wp:term":[{"taxonomy":"product_cat","embeddable":true,"href":"https:\/\/e.kosmolat.eu\/lt\/wp-json\/wp\/v2\/product_cat?post=36630"},{"taxonomy":"product_tag","embeddable":true,"href":"https:\/\/e.kosmolat.eu\/lt\/wp-json\/wp\/v2\/product_tag?post=36630"}],"curies":[{"name":"wp","href":"https:\/\/api.w.org\/{rel}","templated":true}]}}