{"id":36614,"date":"2023-12-22T18:38:10","date_gmt":"2023-12-22T18:38:10","guid":{"rendered":"https:\/\/e.kosmolat.eu\/product\/skin-intensives-sejas-serums-intensiva-grumbu-izlidzinasana-30-g\/"},"modified":"2025-09-19T22:19:23","modified_gmt":"2025-09-19T22:19:23","slug":"skin-intensives-sejas-serums-intensiva-grumbu-izlidzinasana-30-g","status":"publish","type":"product","link":"https:\/\/e.kosmolat.eu\/lt\/produktas\/skin-intensives-sejas-serums-intensiva-grumbu-izlidzinasana-30-g\/","title":{"rendered":"BELKOSMEX Skin Intensives Serumas veidui intensyvus dr\u0117kinimas ir naujinimas , 30 g"},"content":{"rendered":"<p>Sraigi\u0173 mucinas &ndash; turi ry\u0161k\u0173 sen\u0117jim\u0105 stabdant\u012f poveik\u012f. I\u0161laiko elastingum\u0105, gerina odos tekst\u016br\u0105, u\u017etikrina jos glotnum\u0105 ir dr\u0117kinim\u0105. Veiksmingai atnaujina ir atjaunina od\u0105. Karnozinas yra peptidas, pasi\u017eymintis dideliu antioksidaciniu aktyvumu. Stimuliuoja kolageno biosintez\u0119, lygina od\u0105, neleid\u017eia atsirasti rauk\u0161l\u0117ms, lygina veido spalv\u0105. Serumas gali b\u016bti naudojamas &nbsp;vienas, tai pat ir praturtinti pagrindin\u0119 prie\u017ei\u016bros priemon\u0119, siekiant sustiprinti jos veikim\u0105.<\/p>\n<p><strong>Naudojimas:<\/strong><\/p>\n<p>nedidel\u012f kiek\u012f serumo u\u017etepkite ant nuvalytos sausos odos. Tepkite kasdien, kad pasiektum\u0117te matom\u0173 rezultat\u0173.<\/p>\n","protected":false},"excerpt":{"rendered":"<p>Sraigi\u0173 mucinas &ndash; turi ry\u0161k\u0173 sen\u0117jim\u0105 stabdant\u012f poveik\u012f. I\u0161laiko elastingum\u0105, gerina odos tekst\u016br\u0105, u\u017etikrina jos glotnum\u0105 ir dr\u0117kinim\u0105. Veiksmingai atnaujina ir atjaunina od\u0105. Karnozinas yra peptidas, pasi\u017eymintis dideliu antioksidaciniu aktyvumu. Stimuliuoja kolageno biosintez\u0119, lygina od\u0105, neleid\u017eia atsirasti rauk\u0161l\u0117ms, lygina veido spalv\u0105. Serumas gali b\u016bti naudojamas &nbsp;vienas, tai pat ir praturtinti pagrindin\u0119 prie\u017ei\u016bros priemon\u0119, siekiant sustiprinti [&#8230;]\n","protected":false},"featured_media":85998,"template":"","meta":[],"product_cat":[1327],"product_tag":[],"class_list":{"0":"post-36614","1":"product","2":"type-product","3":"status-publish","4":"has-post-thumbnail","6":"product_brand-belkosmex_by-lt","7":"product_cat-serumai","9":"first","10":"outofstock","11":"taxable","12":"shipping-taxable","13":"product-type-simple"},"_links":{"self":[{"href":"https:\/\/e.kosmolat.eu\/lt\/wp-json\/wp\/v2\/product\/36614","targetHints":{"allow":["GET"]}}],"collection":[{"href":"https:\/\/e.kosmolat.eu\/lt\/wp-json\/wp\/v2\/product"}],"about":[{"href":"https:\/\/e.kosmolat.eu\/lt\/wp-json\/wp\/v2\/types\/product"}],"wp:featuredmedia":[{"embeddable":true,"href":"https:\/\/e.kosmolat.eu\/lt\/wp-json\/wp\/v2\/media\/85998"}],"wp:attachment":[{"href":"https:\/\/e.kosmolat.eu\/lt\/wp-json\/wp\/v2\/media?parent=36614"}],"wp:term":[{"taxonomy":"product_cat","embeddable":true,"href":"https:\/\/e.kosmolat.eu\/lt\/wp-json\/wp\/v2\/product_cat?post=36614"},{"taxonomy":"product_tag","embeddable":true,"href":"https:\/\/e.kosmolat.eu\/lt\/wp-json\/wp\/v2\/product_tag?post=36614"}],"curies":[{"name":"wp","href":"https:\/\/api.w.org\/{rel}","templated":true}]}}