{"id":36522,"date":"2023-12-22T18:32:46","date_gmt":"2023-12-22T18:32:46","guid":{"rendered":"https:\/\/e.kosmolat.eu\/product\/ns-hair-evolution-dabigs-matu-kondicionieris-re-grow-matu-stiprinasanaaktiva-stimulisana-245\/"},"modified":"2026-01-02T10:33:24","modified_gmt":"2026-01-02T10:33:24","slug":"ns-hair-evolution-dabigs-matu-kondicionieris-re-grow-matu-stiprinasanaaktiva-stimulisana-245","status":"publish","type":"product","link":"https:\/\/e.kosmolat.eu\/lt\/produktas\/ns-hair-evolution-dabigs-matu-kondicionieris-re-grow-matu-stiprinasanaaktiva-stimulisana-245\/","title":{"rendered":"NS Hair Evolution kondicionierius plaukams nat\u016bralus \u201eRe-Grow\u201c, 245 ml"},"content":{"rendered":"<p>Stiprinantis ir aktyvus stimuliuojantis kondicionierius silpniems plaukams<\/p>\n<div>Stiprina ir tonizuoja galvos od\u0105, maitina plaukus ir suteikia nematom\u0105 apsaug\u0105 nuo \u0161akn\u0173 iki galiuk\u0173, saugo nuo pa\u017eeidim\u0173.<\/div>\n","protected":false},"excerpt":{"rendered":"<p>Stiprinantis ir aktyvus stimuliuojantis kondicionierius silpniems plaukams Stiprina ir tonizuoja galvos od\u0105, maitina plaukus ir suteikia nematom\u0105 apsaug\u0105 nuo \u0161akn\u0173 iki galiuk\u0173, saugo nuo pa\u017eeidim\u0173.<\/p>\n","protected":false},"featured_media":84754,"template":"","meta":[],"product_cat":[1640],"product_tag":[],"class_list":{"0":"post-36522","1":"product","2":"type-product","3":"status-publish","4":"has-post-thumbnail","6":"product_brand-siberica_ee-lt","7":"product_cat-balzamai","9":"first","10":"outofstock","11":"taxable","12":"shipping-taxable","13":"product-type-simple"},"_links":{"self":[{"href":"https:\/\/e.kosmolat.eu\/lt\/wp-json\/wp\/v2\/product\/36522","targetHints":{"allow":["GET"]}}],"collection":[{"href":"https:\/\/e.kosmolat.eu\/lt\/wp-json\/wp\/v2\/product"}],"about":[{"href":"https:\/\/e.kosmolat.eu\/lt\/wp-json\/wp\/v2\/types\/product"}],"wp:featuredmedia":[{"embeddable":true,"href":"https:\/\/e.kosmolat.eu\/lt\/wp-json\/wp\/v2\/media\/84754"}],"wp:attachment":[{"href":"https:\/\/e.kosmolat.eu\/lt\/wp-json\/wp\/v2\/media?parent=36522"}],"wp:term":[{"taxonomy":"product_cat","embeddable":true,"href":"https:\/\/e.kosmolat.eu\/lt\/wp-json\/wp\/v2\/product_cat?post=36522"},{"taxonomy":"product_tag","embeddable":true,"href":"https:\/\/e.kosmolat.eu\/lt\/wp-json\/wp\/v2\/product_tag?post=36522"}],"curies":[{"name":"wp","href":"https:\/\/api.w.org\/{rel}","templated":true}]}}