{"id":36494,"date":"2023-12-22T18:24:18","date_gmt":"2023-12-22T18:24:18","guid":{"rendered":"https:\/\/e.kosmolat.eu\/product\/sieviesu-smarzas-arpeggio-essence-50-ml\/"},"modified":"2026-03-31T20:04:57","modified_gmt":"2026-03-31T20:04:57","slug":"sieviesu-smarzas-arpeggio-essence-50-ml","status":"publish","type":"product","link":"https:\/\/e.kosmolat.eu\/lt\/produktas\/sieviesu-smarzas-arpeggio-essence-50-ml\/","title":{"rendered":"ARPEGGIO ESSENCE Kvepalai moterims, 50 ml"},"content":{"rendered":"<p>Laikyti nuo +5 \u00b0C iki +25 \u00b0C temperat\u016broje. Nelaikyti kvepal\u0173 esant tiesioginiam saul\u0117s spinduli\u0173 poveikiui ir \u0161alia \u0161ildymo prietais\u0173. Atsargumo priemon\u0117s: Tik i\u0161oriniam naudojimui. Vengti patekimo \u012f akis. Nepurk\u0161kite \u0161alia atviros liepsnos. \u0160io produkto naudojimas maistui yra pavojingas gyvybei ir sveikatai. Etilo alkoholio t\u016brin\u0117 dalis yra 78%.<\/p>\n","protected":false},"excerpt":{"rendered":"<p>Laikyti nuo +5 \u00b0C iki +25 \u00b0C temperat\u016broje. Nelaikyti kvepal\u0173 esant tiesioginiam saul\u0117s spinduli\u0173 poveikiui ir \u0161alia \u0161ildymo prietais\u0173. Atsargumo priemon\u0117s: Tik i\u0161oriniam naudojimui. Vengti patekimo \u012f akis. Nepurk\u0161kite \u0161alia atviros liepsnos. \u0160io produkto naudojimas maistui yra pavojingas gyvybei ir sveikatai. Etilo alkoholio t\u016brin\u0117 dalis yra 78%.<\/p>\n","protected":false},"featured_media":85426,"template":"","meta":[],"product_cat":[1447],"product_tag":[],"class_list":{"0":"post-36494","1":"product","2":"type-product","3":"status-publish","4":"has-post-thumbnail","6":"product_brand-parfum-by-lt","7":"product_cat-kvepalai-ir-tualetinis-vanduo-moterims","9":"first","10":"outofstock","11":"taxable","12":"shipping-taxable","13":"product-type-simple"},"_links":{"self":[{"href":"https:\/\/e.kosmolat.eu\/lt\/wp-json\/wp\/v2\/product\/36494","targetHints":{"allow":["GET"]}}],"collection":[{"href":"https:\/\/e.kosmolat.eu\/lt\/wp-json\/wp\/v2\/product"}],"about":[{"href":"https:\/\/e.kosmolat.eu\/lt\/wp-json\/wp\/v2\/types\/product"}],"wp:featuredmedia":[{"embeddable":true,"href":"https:\/\/e.kosmolat.eu\/lt\/wp-json\/wp\/v2\/media\/85426"}],"wp:attachment":[{"href":"https:\/\/e.kosmolat.eu\/lt\/wp-json\/wp\/v2\/media?parent=36494"}],"wp:term":[{"taxonomy":"product_cat","embeddable":true,"href":"https:\/\/e.kosmolat.eu\/lt\/wp-json\/wp\/v2\/product_cat?post=36494"},{"taxonomy":"product_tag","embeddable":true,"href":"https:\/\/e.kosmolat.eu\/lt\/wp-json\/wp\/v2\/product_tag?post=36494"}],"curies":[{"name":"wp","href":"https:\/\/api.w.org\/{rel}","templated":true}]}}