{"id":36490,"date":"2023-12-22T18:23:49","date_gmt":"2023-12-22T18:23:49","guid":{"rendered":"https:\/\/e.kosmolat.eu\/product\/studio-prof-bio-7-1-pelnu-blonds-noturiga-matu-kremkrasa-50-50-15-ml\/"},"modified":"2025-09-19T21:48:59","modified_gmt":"2025-09-19T21:48:59","slug":"studio-prof-bio-7-1-pelnu-blonds-noturiga-matu-kremkrasa-50-50-15-ml","status":"publish","type":"product","link":"https:\/\/e.kosmolat.eu\/lt\/produktas\/studio-prof-bio-7-1-pelnu-blonds-noturiga-matu-kremkrasa-50-50-15-ml\/","title":{"rendered":"STUDIO Prof BIO 7.1 Pelen\u0173 blond Patvar\u016bs kreminiai plauk\u0161 da\u017eai, 50\/50\/15 ml"},"content":{"rendered":"<\/p>\n","protected":false},"excerpt":{"rendered":"","protected":false},"featured_media":85414,"template":"","meta":[],"product_cat":[1442],"product_tag":[],"class_list":{"0":"post-36490","1":"product","2":"type-product","3":"status-publish","4":"has-post-thumbnail","6":"product_brand-vecie-kodi-lt","7":"product_cat-plauku-dazai-plauku-dazai","9":"first","10":"outofstock","11":"taxable","12":"shipping-taxable","13":"product-type-simple"},"_links":{"self":[{"href":"https:\/\/e.kosmolat.eu\/lt\/wp-json\/wp\/v2\/product\/36490","targetHints":{"allow":["GET"]}}],"collection":[{"href":"https:\/\/e.kosmolat.eu\/lt\/wp-json\/wp\/v2\/product"}],"about":[{"href":"https:\/\/e.kosmolat.eu\/lt\/wp-json\/wp\/v2\/types\/product"}],"wp:featuredmedia":[{"embeddable":true,"href":"https:\/\/e.kosmolat.eu\/lt\/wp-json\/wp\/v2\/media\/85414"}],"wp:attachment":[{"href":"https:\/\/e.kosmolat.eu\/lt\/wp-json\/wp\/v2\/media?parent=36490"}],"wp:term":[{"taxonomy":"product_cat","embeddable":true,"href":"https:\/\/e.kosmolat.eu\/lt\/wp-json\/wp\/v2\/product_cat?post=36490"},{"taxonomy":"product_tag","embeddable":true,"href":"https:\/\/e.kosmolat.eu\/lt\/wp-json\/wp\/v2\/product_tag?post=36490"}],"curies":[{"name":"wp","href":"https:\/\/api.w.org\/{rel}","templated":true}]}}