{"id":36482,"date":"2023-12-22T18:23:17","date_gmt":"2023-12-22T18:23:17","guid":{"rendered":"https:\/\/e.kosmolat.eu\/product\/gela-acu-patci-hyaluronic-acidx3\/"},"modified":"2026-04-05T05:49:47","modified_gmt":"2026-04-05T05:49:47","slug":"gela-acu-patci-hyaluronic-acidx3","status":"publish","type":"product","link":"https:\/\/e.kosmolat.eu\/lt\/produktas\/gela-acu-patci-hyaluronic-acidx3\/","title":{"rendered":"Gelin\u0117s aki\u0173 pagalv\u0117l\u0117s &#8220;Hyaluronic acidx3&#8221;"},"content":{"rendered":"<p>Naujovi\u0161ka pagalv\u0117li\u0173 su trimate hialurono r\u016bg\u0161timi ir peptidais formul\u0117 yra specialiai sukurta taip, kad greitai transformuot\u0173 od\u0105 paaki\u0173 srityje.<br \/>\nEfektyviai dr\u0117kina ir tonizuoja od\u0105.<br \/>\n&Scaron;viesinkite tamsius ratilus, pa\u0161alinkite patinimus po akimis.<br \/>\nSkatina atsinaujinim\u0105, pradeda regeneracijos procesus.<br \/>\nGiliai maitina subtili\u0105 od\u0105 po akimis, atstato jos stangrum\u0105 ir elastingum\u0105.<br \/>\nJaunina, kovoja su pirmaisiais sen\u0117jimo po\u017eymiais. Turi puik\u0173 gaivinant\u012f ir v\u0117sinant\u012f poveik\u012f.<br \/>\nPleistrai idealiai tinka makia\u017eui, \u0161ventin\u0117ms progoms ir reguliariai intensyviai &nbsp;pri\u017ei\u016br\u0117ti subtili\u0105 od\u0105 po akimis ir nosies srityje.<br \/>\nGelio sluoksnis, kuriame yra daug veikli\u0173j\u0173 med\u017eiag\u0173, priglunda prie odos ir skatina geriausi\u0105 veikli\u0173j\u0173 med\u017eiag\u0173 \u012fsiskverbim\u0105.<br \/>\nProdukto unikalumas yra d\u0117l intensyvaus poveikio visiems epidermio sluoksniams.<br \/>\nPoveikis pasiekiamas d\u0117l didel\u0117s trij\u0173 r\u016b\u0161i\u0173 hialurono r\u016bg\u0161ties, besiskirian\u010dios molekuline mase ir molekulin\u0117s grandin\u0117s dyd\u017eiu, koncentracijos. Ma\u017eos molekulin\u0117s mas\u0117s hialurono r\u016bg\u0161tis prasiskverbia \u012f giliausius epidermio sluoksnius, pagerina mikrocirkuliacij\u0105 ir mityb\u0105, suteikia ilgalaik\u012f dr\u0117kinam\u0105j\u012f poveik\u012f ir suaktyvina savo kolageno gamyb\u0105.<br \/>\nVidutin\u0117s molekulin\u0117s mas\u0117s hialurono r\u016bg\u0161tis veikia giliuosiuose ir viduriniuose epidermio sluoksniuose, sulaiko vandens molekules, stimuliuoja odos atsinaujinim\u0105, mal\u0161ina dirginim\u0105 ir ramina.<br \/>\nDidel\u0117s molekulin\u0117s mas\u0117s &nbsp;hialurono r\u016bg\u0161tis prisotina odos pavir\u0161iaus sluoksnius, apsaugo nuo dr\u0117gm\u0117s praradimo, l\u0117tina sen\u0117jimo procesus, intensyviai dr\u0117kina ir suteikia i\u0161kart matom\u0105 efekt\u0105. D\u0117l vitamin\u0173, nat\u016brali\u0173 augal\u0173 ekstrakt\u0173 ir aliej\u0173 kiekio pleistrai ne tik dr\u0117kina, bet ir turi aktyv\u0173 regeneruojant\u012f bei antioksidacin\u012f poveik\u012f, efektyviai maitina ir apsaugo od\u0105 nuo neigiamo aplinkos poveikio.<br \/>\nRezultatas: sustangrinta, sudr\u0117kinta oda, gaivi, \u0161vytinti i\u0161vaizda!<br \/>\nNaudojimas: 1. Kruop\u0161\u010diai nuplaukite ir nusausinkite veid\u0105. 2. Nuimkite apsaugines pl\u0117veles nuo pagalv\u0117li\u0173. 3. U\u017ed\u0117kite pagalv\u0117les ant paaki\u0173 srities, blizgia puse \u012f veid\u0105. 4. Laikykite ant veido 30 minu\u010di\u0173. 5. Atsargiai nulupkite pagalv\u0117les, pradedant nuo kra\u0161t\u0173. Atsargumo priemon\u0117s: 1. Nenaudokite pa\u017eeistos, sudirgintos odos. 2. Nenaudokite gaminio, jei jis yra jautrus vienam i\u0161 komponent\u0173. Jei atsiranda odos paraudimas ar dirginimas, nutraukite naudojim\u0105 ir kreipkit\u0117s \u012f gydytoj\u0105. Venkite patekimo \u012f akis, jei pateks, nuplaukite vandeniu. Laikyti vaikams nepasiekiamoje vietoje, esant 0&ndash;25 &deg; C temperat\u016brai. 5. Tik i\u0161oriniam naudojimui. Nenuryti!<br \/>\n&nbsp;<\/p>\n","protected":false},"excerpt":{"rendered":"<p>Naujovi\u0161ka pagalv\u0117li\u0173 su trimate hialurono r\u016bg\u0161timi ir peptidais formul\u0117 yra specialiai sukurta taip, kad greitai transformuot\u0173 od\u0105 paaki\u0173 srityje. Efektyviai dr\u0117kina ir tonizuoja od\u0105. &Scaron;viesinkite tamsius ratilus, pa\u0161alinkite patinimus po akimis. Skatina atsinaujinim\u0105, pradeda regeneracijos procesus. Giliai maitina subtili\u0105 od\u0105 po akimis, atstato jos stangrum\u0105 ir elastingum\u0105. Jaunina, kovoja su pirmaisiais sen\u0117jimo po\u017eymiais. Turi puik\u0173 [&#8230;]\n","protected":false},"featured_media":85410,"template":"","meta":[],"product_cat":[2181],"product_tag":[],"class_list":{"0":"post-36482","1":"product","2":"type-product","3":"status-publish","4":"has-post-thumbnail","6":"product_brand-skinlite-lt","7":"product_cat-bez-kategorijas-lt","9":"first","10":"outofstock","11":"taxable","12":"shipping-taxable","13":"product-type-simple"},"_links":{"self":[{"href":"https:\/\/e.kosmolat.eu\/lt\/wp-json\/wp\/v2\/product\/36482","targetHints":{"allow":["GET"]}}],"collection":[{"href":"https:\/\/e.kosmolat.eu\/lt\/wp-json\/wp\/v2\/product"}],"about":[{"href":"https:\/\/e.kosmolat.eu\/lt\/wp-json\/wp\/v2\/types\/product"}],"wp:featuredmedia":[{"embeddable":true,"href":"https:\/\/e.kosmolat.eu\/lt\/wp-json\/wp\/v2\/media\/85410"}],"wp:attachment":[{"href":"https:\/\/e.kosmolat.eu\/lt\/wp-json\/wp\/v2\/media?parent=36482"}],"wp:term":[{"taxonomy":"product_cat","embeddable":true,"href":"https:\/\/e.kosmolat.eu\/lt\/wp-json\/wp\/v2\/product_cat?post=36482"},{"taxonomy":"product_tag","embeddable":true,"href":"https:\/\/e.kosmolat.eu\/lt\/wp-json\/wp\/v2\/product_tag?post=36482"}],"curies":[{"name":"wp","href":"https:\/\/api.w.org\/{rel}","templated":true}]}}