{"id":36478,"date":"2023-12-22T18:22:47","date_gmt":"2023-12-22T18:22:47","guid":{"rendered":"https:\/\/e.kosmolat.eu\/product\/sejas-krems-hyaluronic-acidx3-20g\/"},"modified":"2026-04-20T08:01:57","modified_gmt":"2026-04-20T08:01:57","slug":"sejas-krems-hyaluronic-acidx3-20g","status":"publish","type":"product","link":"https:\/\/e.kosmolat.eu\/lt\/produktas\/sejas-krems-hyaluronic-acidx3-20g\/","title":{"rendered":"SKINLITE Veido kremas Hyaluronic acidx3, 20 g"},"content":{"rendered":"<p>Inovatyvi kremo formul\u0117 su trimate hialurono r\u016bg&scaron;timi, kolagenu ir peptidais yra specialiai sukurta intensyviai odos ir kaklo prie\u017ei\u016brai. Kremas akimirksniu dr\u0117kina, efektyviai ir visam laikui prisotina od\u0105 dr\u0117gme. Padidina tonus\u0105 ir atkuria elastingum\u0105, padeda i&scaron;lyginti dehidratacijos sukurtas rauk&scaron;les, gerina audini\u0173 kv\u0117pavim\u0105 ir skatina l\u0105steli\u0173 med\u017eiag\u0173 apykait\u0105, pagreitina kolageno ir elastino sintez\u0119, tod\u0117l oda tampa elastinga, tonizuota ir dr\u0117kinama vis\u0105 dien\u0105.<\/p>\n<p>Produkto i&scaron;skirtinumas slypi intensyviame kremo veikime visiems epidermio sluoksniams. Poveikis pasiekiamas d\u0117l didel\u0117s trigubos hialurono r\u016bg&scaron;ties koncentracijos kuris skiriasi molekuline mase ir molekulin\u0117s grandin\u0117s dyd\u017eiu. Ma\u017eos molekulin\u0117s mas\u0117s hialurono r\u016bg&scaron;tis prasiskverbia giliai \u012f epidermio sluoksnius, gerina mikrocirkuliacij\u0105 ir mityb\u0105, suteikia ilgalaik\u012f dr\u0117kinam\u0105j\u012f poveik\u012f, aktyvina nuosavo kolageno gamyb\u0105. Vidutin\u0117s molekulin\u0117s mas\u0117s hialurono r\u016bg&scaron;tis veikia giliuose ir viduriniuose epidermio sluoksniuose, sulaiko vandens molekules, skatina odos atsinaujinim\u0105, ma\u017eina dirginim\u0105, ramina. Didel\u0117s molekulin\u0117s mas\u0117s hialurono r\u016bg&scaron;tis praturtina vir&scaron;utinius odos sluoksnius, apsaugo nuo dr\u0117gm\u0117s praradimo, l\u0117tina sen\u0117jimo procesus, intensyviai dr\u0117kina ir suteikia momentin\u012f efekt\u0105. D\u0117l itin efektyvi\u0173 komponent\u0173, toki\u0173 kaip kolagenas, aminor\u016bg&scaron;tys, peptidai, kofeinas, adenozinas, alantoinas, rudadumbli\u0173 ekstraktai, \u017ealioji arbata, avi\u017e\u0173, lin\u0173, kremas ne tik dr\u0117kina, bet ir turi aktyv\u0173 sen\u0117jim\u0105 stabdant\u012f, antioksidacin\u012f ir stangrinam\u0105 poveik\u012f, efektyviai maitina ir saugo. od\u0105 nuo neigiamo aplinkos poveikio 24 valandas! Kremas labai &scaron;velnios tekst\u016bros, puikiai susigeria, nedirgina, galima naudoti ir ant odos aplink vokus.<\/p>\n<p><strong>Naudojimas: <\/strong>nedidel\u012f kiek\u012f kremo u\u017etepkite ant &scaron;varios veido odos.<\/p>\n<p><strong>Atsargumo priemon\u0117s:<\/strong> 1. Nenaudoti ant pa\u017eeistos, sudirgusios odos. 2. Nenaudokite, jei esate jautr\u016bs bet kuriai sudedamajai daliai. Jei atsiranda paraudimas ar sudirginimas, nutraukite naudojim\u0105 ir kreipkit\u0117s \u012f gydytoj\u0105. 3. Venkite patekimo \u012f akis. Patekus \u012f akis, praplauti vandeniu. 4. Laikyti vaikams nepasiekiamoje vietoje nuo 0&deg;C iki 25&deg;C temperat\u016broje. 5. Tik i&scaron;oriniam naudojimui.<br \/>\n&nbsp;<\/p>\n","protected":false},"excerpt":{"rendered":"<p>Inovatyvi kremo formul\u0117 su trimate hialurono r\u016bg&scaron;timi, kolagenu ir peptidais yra specialiai sukurta intensyviai odos ir kaklo prie\u017ei\u016brai. Kremas akimirksniu dr\u0117kina, efektyviai ir visam laikui prisotina od\u0105 dr\u0117gme. Padidina tonus\u0105 ir atkuria elastingum\u0105, padeda i&scaron;lyginti dehidratacijos sukurtas rauk&scaron;les, gerina audini\u0173 kv\u0117pavim\u0105 ir skatina l\u0105steli\u0173 med\u017eiag\u0173 apykait\u0105, pagreitina kolageno ir elastino sintez\u0119, tod\u0117l oda tampa elastinga, [&#8230;]\n","protected":false},"featured_media":85402,"template":"","meta":[],"product_cat":[1322],"product_tag":[],"class_list":{"0":"post-36478","1":"product","2":"type-product","3":"status-publish","4":"has-post-thumbnail","6":"product_brand-skinlite-lt","7":"product_cat-veido-kremai","9":"first","10":"instock","11":"taxable","12":"shipping-taxable","13":"product-type-simple"},"_links":{"self":[{"href":"https:\/\/e.kosmolat.eu\/lt\/wp-json\/wp\/v2\/product\/36478","targetHints":{"allow":["GET"]}}],"collection":[{"href":"https:\/\/e.kosmolat.eu\/lt\/wp-json\/wp\/v2\/product"}],"about":[{"href":"https:\/\/e.kosmolat.eu\/lt\/wp-json\/wp\/v2\/types\/product"}],"wp:featuredmedia":[{"embeddable":true,"href":"https:\/\/e.kosmolat.eu\/lt\/wp-json\/wp\/v2\/media\/85402"}],"wp:attachment":[{"href":"https:\/\/e.kosmolat.eu\/lt\/wp-json\/wp\/v2\/media?parent=36478"}],"wp:term":[{"taxonomy":"product_cat","embeddable":true,"href":"https:\/\/e.kosmolat.eu\/lt\/wp-json\/wp\/v2\/product_cat?post=36478"},{"taxonomy":"product_tag","embeddable":true,"href":"https:\/\/e.kosmolat.eu\/lt\/wp-json\/wp\/v2\/product_tag?post=36478"}],"curies":[{"name":"wp","href":"https:\/\/api.w.org\/{rel}","templated":true}]}}