{"id":36450,"date":"2023-12-22T18:20:26","date_gmt":"2023-12-22T18:20:26","guid":{"rendered":"https:\/\/e.kosmolat.eu\/product\/dr-s-cannabis-hair-sprejs-matiem-150-ml\/"},"modified":"2025-09-19T21:51:51","modified_gmt":"2025-09-19T21:51:51","slug":"i_dr-s-cannabis-hair-sprejs-matiem-150-ml","status":"publish","type":"product","link":"https:\/\/e.kosmolat.eu\/lt\/produktas\/i_dr-s-cannabis-hair-sprejs-matiem-150-ml\/","title":{"rendered":"I_DR.SANTE Cannabis Hair plauk\u0173 pur\u0161kalas, 150 ml"},"content":{"rendered":"<p>Cannabis Hair serija alsuoja gamtos galia ir energija &ndash; kanapi\u0173 aliejus laikomas vienu naudingiausi\u0173 ir subalansuot\u0173 100% nat\u016brali\u0173 aliej\u0173.<br \/>\n14 itin svarbi\u0173 aminor\u016bg&scaron;\u010di\u0173 kompleksas plauk\u0173 atstatymui PRODEW 500 pa&scaron;alina pavir&scaron;inius plauko pa\u017eeidimus, stiprina plauko strukt\u016br\u0105.<\/p>\n<ul>\n<li>Pur&scaron;kalas turi antistatin\u012f poveik\u012f. Palengvina &scaron;ukavim\u0105 ir i&scaron;lygina plaukus per vis\u0105 ilg\u012f.<\/li>\n<li>Kanapi\u0173 aliejus (sud\u0117tyje yra vitamin\u0173 A, C, E, keramid\u0173, baltym\u0173, riebal\u0173 r\u016bg&scaron;\u010di\u0173 Omega-3, Omega-6, Omega-9, karotino) visapusi&scaron;kai atgaivina plaukus.<\/li>\n<li>Amlos aliejus r\u016bpinasi, dr\u0117kina plaukus, glotnina. Plaukai \u012fgauna blizgant\u012f blizges\u012f.<\/li>\n<li>Alavij\u0173 sultys &ndash; nat\u016bralus mink&scaron;tiklis &ndash; palaiko reikalinga\u0105 dr\u0117gm\u0117s lyg\u012f.<\/li>\n<\/ul>\n<p><strong>Naudojimas: <\/strong>purk&scaron;ti 15-20 cm (cm) atstumu ant &scaron;vari\u0173, saus\u0173 arba dr\u0117gn\u0173 plauk\u0173. Nenuplaukite.<\/p>\n<p><strong>Atsargumo priemon\u0117s:<\/strong> Patekus \u012f akis, praplauti vandeniu. Galimas padid\u0117j\u0119s individualus jautrumas atskiriems komponentams.<br \/>\n&nbsp;<\/p>\n","protected":false},"excerpt":{"rendered":"<p>Cannabis Hair serija alsuoja gamtos galia ir energija &ndash; kanapi\u0173 aliejus laikomas vienu naudingiausi\u0173 ir subalansuot\u0173 100% nat\u016brali\u0173 aliej\u0173. 14 itin svarbi\u0173 aminor\u016bg&scaron;\u010di\u0173 kompleksas plauk\u0173 atstatymui PRODEW 500 pa&scaron;alina pavir&scaron;inius plauko pa\u017eeidimus, stiprina plauko strukt\u016br\u0105. Pur&scaron;kalas turi antistatin\u012f poveik\u012f. Palengvina &scaron;ukavim\u0105 ir i&scaron;lygina plaukus per vis\u0105 ilg\u012f. Kanapi\u0173 aliejus (sud\u0117tyje yra vitamin\u0173 A, C, E, [&#8230;]\n","protected":false},"featured_media":85478,"template":"","meta":[],"product_cat":[1404],"product_tag":[],"class_list":{"0":"post-36450","1":"product","2":"type-product","3":"status-publish","4":"has-post-thumbnail","6":"product_brand-elfa_ua-lt","7":"product_cat-silumine-apsauga","9":"first","10":"outofstock","11":"taxable","12":"shipping-taxable","13":"product-type-simple"},"_links":{"self":[{"href":"https:\/\/e.kosmolat.eu\/lt\/wp-json\/wp\/v2\/product\/36450","targetHints":{"allow":["GET"]}}],"collection":[{"href":"https:\/\/e.kosmolat.eu\/lt\/wp-json\/wp\/v2\/product"}],"about":[{"href":"https:\/\/e.kosmolat.eu\/lt\/wp-json\/wp\/v2\/types\/product"}],"wp:featuredmedia":[{"embeddable":true,"href":"https:\/\/e.kosmolat.eu\/lt\/wp-json\/wp\/v2\/media\/85478"}],"wp:attachment":[{"href":"https:\/\/e.kosmolat.eu\/lt\/wp-json\/wp\/v2\/media?parent=36450"}],"wp:term":[{"taxonomy":"product_cat","embeddable":true,"href":"https:\/\/e.kosmolat.eu\/lt\/wp-json\/wp\/v2\/product_cat?post=36450"},{"taxonomy":"product_tag","embeddable":true,"href":"https:\/\/e.kosmolat.eu\/lt\/wp-json\/wp\/v2\/product_tag?post=36450"}],"curies":[{"name":"wp","href":"https:\/\/api.w.org\/{rel}","templated":true}]}}