{"id":36430,"date":"2023-12-22T18:18:24","date_gmt":"2023-12-22T18:18:24","guid":{"rendered":"https:\/\/e.kosmolat.eu\/product\/dd-krems-hialurona-30-ml\/"},"modified":"2026-04-23T07:48:14","modified_gmt":"2026-04-23T07:48:14","slug":"the-dr-hc-krems-hialurona-30-ml","status":"publish","type":"product","link":"https:\/\/e.kosmolat.eu\/lt\/produktas\/the-dr-hc-krems-hialurona-30-ml\/","title":{"rendered":"THE DOCTOR HEALTH &#038; CARE kremas &#8220;Hialuronas&#8221;, 30 ml"},"content":{"rendered":"<p>Intensyvus 72 valand\u0173 dr\u0117kinimas veidui ir dekolt\u0117 zonai.<\/p>\n<p>Vis\u0173 tip\u0173 odai<\/p>\n<p>&bull; ma\u017eina paraudim\u0105 ir odos dirginim\u0105<br \/>\n&bull; palaiko odos dr\u0117gm\u0117s balans\u0105 bet kokiomis aplinkos s\u0105lygomis (sausas oras, oro kondicionavimas, &scaron;altis)<br \/>\n&bull; palaiko vandens ir lipid\u0173 pusiausvyr\u0105, kad i&scaron;laikyt\u0173 odos jaunyst\u0119 ir gro\u017e\u012f<\/p>\n<p><strong>Naudojimas:<\/strong> tepkite ant &scaron;varios odos lengvais masa\u017euojamaisiais judesiais.<\/p>\n<p><strong>Atsargumo priemon\u0117s:<\/strong> padid\u0117j\u0119s individualus jautrumas atskiriems komponentams.<br \/>\n&nbsp;<\/p>\n","protected":false},"excerpt":{"rendered":"<p>Intensyvus 72 valand\u0173 dr\u0117kinimas veidui ir dekolt\u0117 zonai. Vis\u0173 tip\u0173 odai &bull; ma\u017eina paraudim\u0105 ir odos dirginim\u0105 &bull; palaiko odos dr\u0117gm\u0117s balans\u0105 bet kokiomis aplinkos s\u0105lygomis (sausas oras, oro kondicionavimas, &scaron;altis) &bull; palaiko vandens ir lipid\u0173 pusiausvyr\u0105, kad i&scaron;laikyt\u0173 odos jaunyst\u0119 ir gro\u017e\u012f Naudojimas: tepkite ant &scaron;varios odos lengvais masa\u017euojamaisiais judesiais. Atsargumo priemon\u0117s: padid\u0117j\u0119s individualus [&#8230;]\n","protected":false},"featured_media":85254,"template":"","meta":[],"product_cat":[1322],"product_tag":[],"class_list":{"0":"post-36430","1":"product","2":"type-product","3":"status-publish","4":"has-post-thumbnail","6":"product_brand-elfa_ua-lt","7":"product_cat-veido-kremai","9":"first","10":"instock","11":"taxable","12":"shipping-taxable","13":"product-type-simple"},"_links":{"self":[{"href":"https:\/\/e.kosmolat.eu\/lt\/wp-json\/wp\/v2\/product\/36430","targetHints":{"allow":["GET"]}}],"collection":[{"href":"https:\/\/e.kosmolat.eu\/lt\/wp-json\/wp\/v2\/product"}],"about":[{"href":"https:\/\/e.kosmolat.eu\/lt\/wp-json\/wp\/v2\/types\/product"}],"wp:featuredmedia":[{"embeddable":true,"href":"https:\/\/e.kosmolat.eu\/lt\/wp-json\/wp\/v2\/media\/85254"}],"wp:attachment":[{"href":"https:\/\/e.kosmolat.eu\/lt\/wp-json\/wp\/v2\/media?parent=36430"}],"wp:term":[{"taxonomy":"product_cat","embeddable":true,"href":"https:\/\/e.kosmolat.eu\/lt\/wp-json\/wp\/v2\/product_cat?post=36430"},{"taxonomy":"product_tag","embeddable":true,"href":"https:\/\/e.kosmolat.eu\/lt\/wp-json\/wp\/v2\/product_tag?post=36430"}],"curies":[{"name":"wp","href":"https:\/\/api.w.org\/{rel}","templated":true}]}}