{"id":36418,"date":"2023-12-22T18:17:24","date_gmt":"2023-12-22T18:17:24","guid":{"rendered":"https:\/\/e.kosmolat.eu\/product\/dd-mitrinoss-hialurona-krems-250-ml\/"},"modified":"2026-04-22T10:32:50","modified_gmt":"2026-04-22T10:32:50","slug":"the-dr-hc-mitrinoss-hialurona-krems-250-ml","status":"publish","type":"product","link":"https:\/\/e.kosmolat.eu\/lt\/produktas\/the-dr-hc-mitrinoss-hialurona-krems-250-ml\/","title":{"rendered":"THE DOCTOR HEALTH &#038; CARE Hialurono kremas Dr\u0117kinantis, 250 ml"},"content":{"rendered":"<p>Universalus kremas veido, rank\u0173 ir k\u016bno odai. Veiksminga j\u016bs\u0173 odos prie\u017ei\u016bra. Dr\u0117kinamasis 3 in1 : palaiko optimal\u0173 dr\u0117kinimo lyg\u012f, mink\u0161tina ir lygina od\u0105. Hialurono r\u016bg\u0161tis ir kokos\u0173 aliejus padeda i\u0161laikyti odos elastingum\u0105 ir stangrum\u0105. Kremas puikiai \u012fsigeria nepalikdamas lipnumo. Rekomenduojama kasdienei prie\u017ei\u016brai.<br \/>\nNaudojimas: u\u017etepkite kremo ant \u0161varios odos, masa\u017eo judesiais paskirstykite, kol visi\u0161kai \u012fsigers. Atsargumo priemon\u0117s: padid\u0117j\u0119s individualus jautrumas atskiriems komponentams. Gamybos data, galiojimo laikas ir partijos numeris: \u017er. Ant pakuot\u0117s. Laikymo s\u0105lygos: nuo +5 &deg; \u0421 iki +25 &deg; \u0421<br \/>\n&nbsp;<\/p>\n","protected":false},"excerpt":{"rendered":"<p>Universalus kremas veido, rank\u0173 ir k\u016bno odai. Veiksminga j\u016bs\u0173 odos prie\u017ei\u016bra. Dr\u0117kinamasis 3 in1 : palaiko optimal\u0173 dr\u0117kinimo lyg\u012f, mink\u0161tina ir lygina od\u0105. Hialurono r\u016bg\u0161tis ir kokos\u0173 aliejus padeda i\u0161laikyti odos elastingum\u0105 ir stangrum\u0105. Kremas puikiai \u012fsigeria nepalikdamas lipnumo. Rekomenduojama kasdienei prie\u017ei\u016brai. Naudojimas: u\u017etepkite kremo ant \u0161varios odos, masa\u017eo judesiais paskirstykite, kol visi\u0161kai \u012fsigers. Atsargumo [&#8230;]\n","protected":false},"featured_media":85214,"template":"","meta":[],"product_cat":[2181],"product_tag":[],"class_list":{"0":"post-36418","1":"product","2":"type-product","3":"status-publish","4":"has-post-thumbnail","6":"product_brand-elfa_ua-lt","7":"product_cat-bez-kategorijas-lt","9":"first","10":"instock","11":"taxable","12":"shipping-taxable","13":"product-type-simple"},"_links":{"self":[{"href":"https:\/\/e.kosmolat.eu\/lt\/wp-json\/wp\/v2\/product\/36418","targetHints":{"allow":["GET"]}}],"collection":[{"href":"https:\/\/e.kosmolat.eu\/lt\/wp-json\/wp\/v2\/product"}],"about":[{"href":"https:\/\/e.kosmolat.eu\/lt\/wp-json\/wp\/v2\/types\/product"}],"wp:featuredmedia":[{"embeddable":true,"href":"https:\/\/e.kosmolat.eu\/lt\/wp-json\/wp\/v2\/media\/85214"}],"wp:attachment":[{"href":"https:\/\/e.kosmolat.eu\/lt\/wp-json\/wp\/v2\/media?parent=36418"}],"wp:term":[{"taxonomy":"product_cat","embeddable":true,"href":"https:\/\/e.kosmolat.eu\/lt\/wp-json\/wp\/v2\/product_cat?post=36418"},{"taxonomy":"product_tag","embeddable":true,"href":"https:\/\/e.kosmolat.eu\/lt\/wp-json\/wp\/v2\/product_tag?post=36418"}],"curies":[{"name":"wp","href":"https:\/\/api.w.org\/{rel}","templated":true}]}}