{"id":36414,"date":"2023-12-22T18:17:02","date_gmt":"2023-12-22T18:17:02","guid":{"rendered":"https:\/\/e.kosmolat.eu\/product\/dd-krems-ar-gliemezu-mucinu-250-ml\/"},"modified":"2025-09-23T08:53:52","modified_gmt":"2025-09-23T08:53:52","slug":"i_the-dr-hc-krems-ar-gliemezu-mucinu-250-ml","status":"publish","type":"product","link":"https:\/\/e.kosmolat.eu\/lt\/produktas\/i_the-dr-hc-krems-ar-gliemezu-mucinu-250-ml\/","title":{"rendered":"I_THE DOCTOR HEALTH &#038; CARE Kremas su sraigi\u0173 muciju, 250 ml"},"content":{"rendered":"<p>Universalus kremas veido, rank\u0173 ir k\u016bno odai. Veiksminga j\u016bs\u0173 odos prie\u017ei\u016bra. Dr\u0117kinamasis kremas 3 in1 : dr\u0117kina, atjaunina, tonizuoja od\u0105. Sraigi\u0173 mucino sud\u0117tyje yra hialurono r\u016bg\u0161ties, alantoino, elastino ir kolageno. Kokos\u0173 aliejus padeda i\u0161laikyti odos elastingum\u0105 ir stangrum\u0105. Kremas puikiai \u012fsigeria nepalikdamas lipnumo. Rekomenduojama kasdienei prie\u017ei\u016brai.<br \/>\nNaudojimas: u\u017etepkite kremo ant \u0161varios odos, masa\u017eo judesiais paskirstykite, kol visi\u0161kai \u012fsigers. Atsargumo priemon\u0117s: padid\u0117j\u0119s individualus jautrumas atskiriems komponentams. Gamybos data, galiojimo laikas ir partijos numeris: \u017er. Ant pakuot\u0117s. Laikymo s\u0105lygos: nuo +5 &deg; \u0421 iki +25 &deg; \u0421<br \/>\n&nbsp;<\/p>\n","protected":false},"excerpt":{"rendered":"<p>Universalus kremas veido, rank\u0173 ir k\u016bno odai. Veiksminga j\u016bs\u0173 odos prie\u017ei\u016bra. Dr\u0117kinamasis kremas 3 in1 : dr\u0117kina, atjaunina, tonizuoja od\u0105. Sraigi\u0173 mucino sud\u0117tyje yra hialurono r\u016bg\u0161ties, alantoino, elastino ir kolageno. Kokos\u0173 aliejus padeda i\u0161laikyti odos elastingum\u0105 ir stangrum\u0105. Kremas puikiai \u012fsigeria nepalikdamas lipnumo. Rekomenduojama kasdienei prie\u017ei\u016brai. Naudojimas: u\u017etepkite kremo ant \u0161varios odos, masa\u017eo judesiais paskirstykite, [&#8230;]\n","protected":false},"featured_media":85206,"template":"","meta":[],"product_cat":[1322],"product_tag":[],"class_list":{"0":"post-36414","1":"product","2":"type-product","3":"status-publish","4":"has-post-thumbnail","6":"product_brand-elfa_ua-lt","7":"product_cat-veido-kremai","9":"first","10":"outofstock","11":"taxable","12":"shipping-taxable","13":"product-type-simple"},"_links":{"self":[{"href":"https:\/\/e.kosmolat.eu\/lt\/wp-json\/wp\/v2\/product\/36414","targetHints":{"allow":["GET"]}}],"collection":[{"href":"https:\/\/e.kosmolat.eu\/lt\/wp-json\/wp\/v2\/product"}],"about":[{"href":"https:\/\/e.kosmolat.eu\/lt\/wp-json\/wp\/v2\/types\/product"}],"wp:featuredmedia":[{"embeddable":true,"href":"https:\/\/e.kosmolat.eu\/lt\/wp-json\/wp\/v2\/media\/85206"}],"wp:attachment":[{"href":"https:\/\/e.kosmolat.eu\/lt\/wp-json\/wp\/v2\/media?parent=36414"}],"wp:term":[{"taxonomy":"product_cat","embeddable":true,"href":"https:\/\/e.kosmolat.eu\/lt\/wp-json\/wp\/v2\/product_cat?post=36414"},{"taxonomy":"product_tag","embeddable":true,"href":"https:\/\/e.kosmolat.eu\/lt\/wp-json\/wp\/v2\/product_tag?post=36414"}],"curies":[{"name":"wp","href":"https:\/\/api.w.org\/{rel}","templated":true}]}}