{"id":36410,"date":"2023-12-22T18:16:44","date_gmt":"2023-12-22T18:16:44","guid":{"rendered":"https:\/\/e.kosmolat.eu\/product\/dd-krems-ar-pantenolu-250-ml\/"},"modified":"2026-04-13T15:45:19","modified_gmt":"2026-04-13T15:45:19","slug":"the-dr-hc-krems-ar-pantenolu-250-ml","status":"publish","type":"product","link":"https:\/\/e.kosmolat.eu\/lt\/produktas\/the-dr-hc-krems-ar-pantenolu-250-ml\/","title":{"rendered":"THE DOCTOR HEALTH &#038; CARE Kremas su pantenoliu, 250 ml"},"content":{"rendered":"<p>Universalus kremas veido, rank\u0173 ir k\u016bno odai. Veiksminga j\u016bs\u0173 odos prie\u017ei\u016bra. Dr\u0117kinamasis kremas 3 viename: dr\u0117kinantis, mink&scaron;tinantis, regeneruojantis poveikis. Provitaminas B5 (pantenolis) ir alantoinas pagerina bendr\u0105 odos b\u016bkl\u0119. Kokos\u0173 aliejus padeda i&scaron;laikyti jos elastingum\u0105 ir stangrum\u0105. Kremas puikiai \u012fsigeria nepalikdamas lipnumo. Rekomenduojama kasdienei prie\u017ei\u016brai.<\/p>\n<p><strong>Naudojimas:<\/strong> u\u017etepkite kremo ant &scaron;varios odos, masa\u017eo judesiais paskirstykite, kol visi&scaron;kai \u012fsigers.<\/p>\n<p><strong>Atsargumo priemon\u0117s: <\/strong>padid\u0117j\u0119s individualus jautrumas atskiriems komponentams. Gamybos data, galiojimo laikas ir partijos numeris: \u017er. Ant pakuot\u0117s.<\/p>\n<p><strong>Laikymo s\u0105lygos:<\/strong> nuo +5 &deg;\u0421 iki +25 &deg;\u0421<br \/>\n&nbsp;<\/p>\n","protected":false},"excerpt":{"rendered":"<p>Universalus kremas veido, rank\u0173 ir k\u016bno odai. Veiksminga j\u016bs\u0173 odos prie\u017ei\u016bra. Dr\u0117kinamasis kremas 3 viename: dr\u0117kinantis, mink&scaron;tinantis, regeneruojantis poveikis. Provitaminas B5 (pantenolis) ir alantoinas pagerina bendr\u0105 odos b\u016bkl\u0119. Kokos\u0173 aliejus padeda i&scaron;laikyti jos elastingum\u0105 ir stangrum\u0105. Kremas puikiai \u012fsigeria nepalikdamas lipnumo. Rekomenduojama kasdienei prie\u017ei\u016brai. Naudojimas: u\u017etepkite kremo ant &scaron;varios odos, masa\u017eo judesiais paskirstykite, kol visi&scaron;kai [&#8230;]\n","protected":false},"featured_media":85202,"template":"","meta":[],"product_cat":[2181],"product_tag":[],"class_list":{"0":"post-36410","1":"product","2":"type-product","3":"status-publish","4":"has-post-thumbnail","6":"product_brand-elfa_ua-lt","7":"product_cat-bez-kategorijas-lt","9":"first","10":"outofstock","11":"taxable","12":"shipping-taxable","13":"product-type-simple"},"_links":{"self":[{"href":"https:\/\/e.kosmolat.eu\/lt\/wp-json\/wp\/v2\/product\/36410","targetHints":{"allow":["GET"]}}],"collection":[{"href":"https:\/\/e.kosmolat.eu\/lt\/wp-json\/wp\/v2\/product"}],"about":[{"href":"https:\/\/e.kosmolat.eu\/lt\/wp-json\/wp\/v2\/types\/product"}],"wp:featuredmedia":[{"embeddable":true,"href":"https:\/\/e.kosmolat.eu\/lt\/wp-json\/wp\/v2\/media\/85202"}],"wp:attachment":[{"href":"https:\/\/e.kosmolat.eu\/lt\/wp-json\/wp\/v2\/media?parent=36410"}],"wp:term":[{"taxonomy":"product_cat","embeddable":true,"href":"https:\/\/e.kosmolat.eu\/lt\/wp-json\/wp\/v2\/product_cat?post=36410"},{"taxonomy":"product_tag","embeddable":true,"href":"https:\/\/e.kosmolat.eu\/lt\/wp-json\/wp\/v2\/product_tag?post=36410"}],"curies":[{"name":"wp","href":"https:\/\/api.w.org\/{rel}","templated":true}]}}