{"id":36358,"date":"2023-12-22T18:13:58","date_gmt":"2023-12-22T18:13:58","guid":{"rendered":"https:\/\/e.kosmolat.eu\/product\/mt-cietas-saimniecibas-ziepes-72-200-g\/"},"modified":"2026-04-24T06:29:17","modified_gmt":"2026-04-24T06:29:17","slug":"mt-cietas-saimniecibas-ziepes-72-200-g","status":"publish","type":"product","link":"https:\/\/e.kosmolat.eu\/lt\/produktas\/mt-cietas-saimniecibas-ziepes-72-200-g\/","title":{"rendered":"MILOVARENNIJE TRADICIJI \u016akinis muilas 72%, 200 g"},"content":{"rendered":"<p><strong>Geriausias: <\/strong>3 metai nuo pagaminimo datos.<\/p>\n<p>Laikyti sausoje, u\u017edaroje, gerai v\u0117dinamoje vietoje.<\/p>\n<p><strong>Sud\u0117tis: <\/strong>30 % ir daugiau muilas, ma\u017eiau kaip 5 % &nbsp;EDTA ir jos drusk\u0173.&nbsp;<\/p>\n<p>P102 Laikyti vaikams neprieinamoje vietoje<br \/>\nP305+P351+P338 Patekus \u012f akis: Kelias minutes atsargiai plauti vandeniu. I&scaron;imti kontaktinius l\u0119&scaron;ius, jeigu jie yra ir jeigu lengvai galima tai padaryti. Toliau plauti akis.<br \/>\nP337+P313 Jei aki\u0173 dirginimas nepraeina: kreiptis \u012f gydytoj\u0105.<\/p>\n","protected":false},"excerpt":{"rendered":"<p>Geriausias: 3 metai nuo pagaminimo datos. Laikyti sausoje, u\u017edaroje, gerai v\u0117dinamoje vietoje. Sud\u0117tis: 30 % ir daugiau muilas, ma\u017eiau kaip 5 % &nbsp;EDTA ir jos drusk\u0173.&nbsp; P102 Laikyti vaikams neprieinamoje vietoje P305+P351+P338 Patekus \u012f akis: Kelias minutes atsargiai plauti vandeniu. I&scaron;imti kontaktinius l\u0119&scaron;ius, jeigu jie yra ir jeigu lengvai galima tai padaryti. Toliau plauti akis. [&#8230;]\n","protected":false},"featured_media":85166,"template":"","meta":[],"product_cat":[1483],"product_tag":[],"class_list":{"0":"post-36358","1":"product","2":"type-product","3":"status-publish","4":"has-post-thumbnail","6":"product_brand-fmt-ua-lt","7":"product_cat-plovikliai","9":"first","10":"instock","11":"taxable","12":"shipping-taxable","13":"product-type-simple"},"_links":{"self":[{"href":"https:\/\/e.kosmolat.eu\/lt\/wp-json\/wp\/v2\/product\/36358","targetHints":{"allow":["GET"]}}],"collection":[{"href":"https:\/\/e.kosmolat.eu\/lt\/wp-json\/wp\/v2\/product"}],"about":[{"href":"https:\/\/e.kosmolat.eu\/lt\/wp-json\/wp\/v2\/types\/product"}],"wp:featuredmedia":[{"embeddable":true,"href":"https:\/\/e.kosmolat.eu\/lt\/wp-json\/wp\/v2\/media\/85166"}],"wp:attachment":[{"href":"https:\/\/e.kosmolat.eu\/lt\/wp-json\/wp\/v2\/media?parent=36358"}],"wp:term":[{"taxonomy":"product_cat","embeddable":true,"href":"https:\/\/e.kosmolat.eu\/lt\/wp-json\/wp\/v2\/product_cat?post=36358"},{"taxonomy":"product_tag","embeddable":true,"href":"https:\/\/e.kosmolat.eu\/lt\/wp-json\/wp\/v2\/product_tag?post=36358"}],"curies":[{"name":"wp","href":"https:\/\/api.w.org\/{rel}","templated":true}]}}