{"id":36334,"date":"2023-12-22T18:11:20","date_gmt":"2023-12-22T18:11:20","guid":{"rendered":"https:\/\/e.kosmolat.eu\/product\/little-siberica-masazas-ella-jaundzimusajiem-200-ml\/"},"modified":"2025-12-23T14:30:54","modified_gmt":"2025-12-23T14:30:54","slug":"little-siberica-masazas-ella-jaundzimusajiem-200-ml","status":"publish","type":"product","link":"https:\/\/e.kosmolat.eu\/lt\/produktas\/little-siberica-masazas-ella-jaundzimusajiem-200-ml\/","title":{"rendered":"LITTLE SIBERICA masa\u045bo aliejus naujagimiams, 200 ml"},"content":{"rendered":"<p>Specialiai sukurtas naujagimiams masa\u017eo aliejus yra \u0161velnus k\u016bdikio odai. Organinis er\u0161k\u0117tuogi\u0173 aliejus dr\u0117kina ir padeda atkurti k\u016bdikio jautri\u0105 od\u0105, o ekologi\u0161kas ro\u017ei\u0173 aliejus maitina ir ramina j\u0105.<\/p>\n<div>\n<\/div>\n<div>Naudojimas: reikiam\u0105 kiek\u012f masa\u017eo aliejaus pa\u0161ildyti tarp deln\u0173 ir \u0161velniais judesiais tepti \u0161velni\u0105 k\u016bdikio od\u0105.<\/div>\n","protected":false},"excerpt":{"rendered":"<p>Specialiai sukurtas naujagimiams masa\u017eo aliejus yra \u0161velnus k\u016bdikio odai. Organinis er\u0161k\u0117tuogi\u0173 aliejus dr\u0117kina ir padeda atkurti k\u016bdikio jautri\u0105 od\u0105, o ekologi\u0161kas ro\u017ei\u0173 aliejus maitina ir ramina j\u0105. Naudojimas: reikiam\u0105 kiek\u012f masa\u017eo aliejaus pa\u0161ildyti tarp deln\u0173 ir \u0161velniais judesiais tepti \u0161velni\u0105 k\u016bdikio od\u0105.<\/p>\n","protected":false},"featured_media":85074,"template":"","meta":[],"product_cat":[1363],"product_tag":[],"class_list":{"0":"post-36334","1":"product","2":"type-product","3":"status-publish","4":"has-post-thumbnail","6":"product_brand-siberica_ee-lt","7":"product_cat-kuno-prieziuros-kosmetika","9":"first","10":"outofstock","11":"taxable","12":"shipping-taxable","13":"product-type-simple"},"_links":{"self":[{"href":"https:\/\/e.kosmolat.eu\/lt\/wp-json\/wp\/v2\/product\/36334","targetHints":{"allow":["GET"]}}],"collection":[{"href":"https:\/\/e.kosmolat.eu\/lt\/wp-json\/wp\/v2\/product"}],"about":[{"href":"https:\/\/e.kosmolat.eu\/lt\/wp-json\/wp\/v2\/types\/product"}],"wp:featuredmedia":[{"embeddable":true,"href":"https:\/\/e.kosmolat.eu\/lt\/wp-json\/wp\/v2\/media\/85074"}],"wp:attachment":[{"href":"https:\/\/e.kosmolat.eu\/lt\/wp-json\/wp\/v2\/media?parent=36334"}],"wp:term":[{"taxonomy":"product_cat","embeddable":true,"href":"https:\/\/e.kosmolat.eu\/lt\/wp-json\/wp\/v2\/product_cat?post=36334"},{"taxonomy":"product_tag","embeddable":true,"href":"https:\/\/e.kosmolat.eu\/lt\/wp-json\/wp\/v2\/product_tag?post=36334"}],"curies":[{"name":"wp","href":"https:\/\/api.w.org\/{rel}","templated":true}]}}