{"id":36330,"date":"2023-12-22T18:11:01","date_gmt":"2023-12-22T18:11:01","guid":{"rendered":"https:\/\/e.kosmolat.eu\/product\/ns-men-uzmundrinosa-zeleja-sejas-mazgasanai-150-ml\/"},"modified":"2025-09-19T21:28:55","modified_gmt":"2025-09-19T21:28:55","slug":"ns-men-uzmundrinosa-zeleja-sejas-mazgasanai-150-ml","status":"publish","type":"product","link":"https:\/\/e.kosmolat.eu\/lt\/produktas\/ns-men-uzmundrinosa-zeleja-sejas-mazgasanai-150-ml\/","title":{"rendered":"NATURA SIBERICA MEN Prausiklis veidui vyrams Bear Hug, 150 ml"},"content":{"rendered":"<p>Natura Siberica Men energizuojantis veido prausiklis sukurtas tvirtiems, dr\u0105siems, savimi pasitikintiems vyrams. <\/p>\n<div>\n<\/div>\n<div>Veido prausiklis puikiai pa\u0161alina ne\u0161varumus, nuovarg\u012f, tonizuoja bei gaivina od\u0105.\u00a0<\/div>\n<h4>Naudojimas:\u00a0<\/h4>\n<div>paskirstykite nedidel\u012f kiek\u012f prausiklio ir dr\u0117gnos veido odos, \u012fmasa\u017euokite, nuplaukite. Rekomenduojama naudoti kasdien.\u00a0<\/div>\n","protected":false},"excerpt":{"rendered":"<p>Natura Siberica Men energizuojantis veido prausiklis sukurtas tvirtiems, dr\u0105siems, savimi pasitikintiems vyrams. Veido prausiklis puikiai pa\u0161alina ne\u0161varumus, nuovarg\u012f, tonizuoja bei gaivina od\u0105.\u00a0 Naudojimas:\u00a0 paskirstykite nedidel\u012f kiek\u012f prausiklio ir dr\u0117gnos veido odos, \u012fmasa\u017euokite, nuplaukite. Rekomenduojama naudoti kasdien.\u00a0<\/p>\n","protected":false},"featured_media":85070,"template":"","meta":[],"product_cat":[1678],"product_tag":[],"class_list":{"0":"post-36330","1":"product","2":"type-product","3":"status-publish","4":"has-post-thumbnail","6":"product_brand-siberica_ee-lt","7":"product_cat-veido-prieziurai","9":"first","10":"outofstock","11":"taxable","12":"shipping-taxable","13":"product-type-simple"},"_links":{"self":[{"href":"https:\/\/e.kosmolat.eu\/lt\/wp-json\/wp\/v2\/product\/36330","targetHints":{"allow":["GET"]}}],"collection":[{"href":"https:\/\/e.kosmolat.eu\/lt\/wp-json\/wp\/v2\/product"}],"about":[{"href":"https:\/\/e.kosmolat.eu\/lt\/wp-json\/wp\/v2\/types\/product"}],"wp:featuredmedia":[{"embeddable":true,"href":"https:\/\/e.kosmolat.eu\/lt\/wp-json\/wp\/v2\/media\/85070"}],"wp:attachment":[{"href":"https:\/\/e.kosmolat.eu\/lt\/wp-json\/wp\/v2\/media?parent=36330"}],"wp:term":[{"taxonomy":"product_cat","embeddable":true,"href":"https:\/\/e.kosmolat.eu\/lt\/wp-json\/wp\/v2\/product_cat?post=36330"},{"taxonomy":"product_tag","embeddable":true,"href":"https:\/\/e.kosmolat.eu\/lt\/wp-json\/wp\/v2\/product_tag?post=36330"}],"curies":[{"name":"wp","href":"https:\/\/api.w.org\/{rel}","templated":true}]}}