{"id":36310,"date":"2023-12-22T18:09:27","date_gmt":"2023-12-22T18:09:27","guid":{"rendered":"https:\/\/e.kosmolat.eu\/product\/ns-dabiga-dusas-zeleja-polar-rose-400-ml\/"},"modified":"2025-09-19T21:28:21","modified_gmt":"2025-09-19T21:28:21","slug":"ns-dabiga-dusas-zeleja-polar-rose-400-ml","status":"publish","type":"product","link":"https:\/\/e.kosmolat.eu\/lt\/produktas\/ns-dabiga-dusas-zeleja-polar-rose-400-ml\/","title":{"rendered":"Natura Siberica Nat\u016brali dr\u0117kinamoji du\u0161o \u017eel\u0117 &#8220;Poliarin\u0117 ro\u017e\u0117&#8221;, 400 ml"},"content":{"rendered":"<p>Ry\u0161kaus dizaino, sud\u0117tyje unikal\u016bs, nat\u016bral\u016bs, organiniai  ekstraktai, i\u0161gaunami i\u0161 augal\u0173, auginam\u0173 Organiniuose Natura Siberica \u016bkiuose. Dr\u0117kinamoji du\u0161o \u017eel\u0117 praturtinta arktin\u0117s ro\u017e\u0117s ekstraktu bei burno\u010dio aliejumi. Puikiai putoja, \u0161velniai valo od\u0105, intensyviai dr\u0117kina, glotnina, teikia \u0161velnumo poj\u016bt\u012f. Oda yra sudr\u0117kinta visos dienos metu. Pasi\u017eymi \u012fdomiu aromatu. Nieko n\u0117ra geriau j\u016bs\u0173 odai, nei kvapusis du\u0161o gelis prisotintas vitaminais ir mineralais.\u00a0<\/p>\n","protected":false},"excerpt":{"rendered":"<p>Ry\u0161kaus dizaino, sud\u0117tyje unikal\u016bs, nat\u016bral\u016bs, organiniai ekstraktai, i\u0161gaunami i\u0161 augal\u0173, auginam\u0173 Organiniuose Natura Siberica \u016bkiuose. Dr\u0117kinamoji du\u0161o \u017eel\u0117 praturtinta arktin\u0117s ro\u017e\u0117s ekstraktu bei burno\u010dio aliejumi. Puikiai putoja, \u0161velniai valo od\u0105, intensyviai dr\u0117kina, glotnina, teikia \u0161velnumo poj\u016bt\u012f. Oda yra sudr\u0117kinta visos dienos metu. Pasi\u017eymi \u012fdomiu aromatu. Nieko n\u0117ra geriau j\u016bs\u0173 odai, nei kvapusis du\u0161o gelis prisotintas [&#8230;]\n","protected":false},"featured_media":85058,"template":"","meta":[],"product_cat":[1282],"product_tag":[],"class_list":{"0":"post-36310","1":"product","2":"type-product","3":"status-publish","4":"has-post-thumbnail","6":"product_brand-siberica_ee-lt","7":"product_cat-duso-geliai-ir-duso-aliejai","9":"first","10":"outofstock","11":"taxable","12":"shipping-taxable","13":"product-type-simple"},"_links":{"self":[{"href":"https:\/\/e.kosmolat.eu\/lt\/wp-json\/wp\/v2\/product\/36310","targetHints":{"allow":["GET"]}}],"collection":[{"href":"https:\/\/e.kosmolat.eu\/lt\/wp-json\/wp\/v2\/product"}],"about":[{"href":"https:\/\/e.kosmolat.eu\/lt\/wp-json\/wp\/v2\/types\/product"}],"wp:featuredmedia":[{"embeddable":true,"href":"https:\/\/e.kosmolat.eu\/lt\/wp-json\/wp\/v2\/media\/85058"}],"wp:attachment":[{"href":"https:\/\/e.kosmolat.eu\/lt\/wp-json\/wp\/v2\/media?parent=36310"}],"wp:term":[{"taxonomy":"product_cat","embeddable":true,"href":"https:\/\/e.kosmolat.eu\/lt\/wp-json\/wp\/v2\/product_cat?post=36310"},{"taxonomy":"product_tag","embeddable":true,"href":"https:\/\/e.kosmolat.eu\/lt\/wp-json\/wp\/v2\/product_tag?post=36310"}],"curies":[{"name":"wp","href":"https:\/\/api.w.org\/{rel}","templated":true}]}}