{"id":36306,"date":"2023-12-22T18:09:08","date_gmt":"2023-12-22T18:09:08","guid":{"rendered":"https:\/\/e.kosmolat.eu\/product\/ns-dabiga-dusas-zeleja-tundra-flowers-400-ml\/"},"modified":"2025-09-19T21:28:09","modified_gmt":"2025-09-19T21:28:09","slug":"ns-dabiga-dusas-zeleja-tundra-flowers-400-ml","status":"publish","type":"product","link":"https:\/\/e.kosmolat.eu\/lt\/produktas\/ns-dabiga-dusas-zeleja-tundra-flowers-400-ml\/","title":{"rendered":"Natura Siberica Nat\u016brali tonizuojanti du\u0161o \u017eel\u0117 &#8220;Tundros g\u0117l\u0117s&#8221;, 400 ml"},"content":{"rendered":"<p>Ry\u0161kaus dizaino, sud\u0117tyje unikal\u016bs, nat\u016bral\u016bs, organiniai  ekstraktai, i\u0161gaunami i\u0161 augal\u0173, auginam\u0173 Organiniuose Natura Siberica \u016bkiuose. Tonizuojanti du\u0161o \u017eel\u0117 praturtinta Kam\u010diatkos siauralapio gaurome\u010dio ir rausvosios radiol\u0117s ekstraktais. Puikiai putoja, \u0161velniai valo od\u0105, didina jos elastingum\u0105, glotnina ir \u0161velnina od\u0105. Pasi\u017eymi maloniu, gaivinan\u010diu aromatu.  Nieko n\u0117ra geriau j\u016bs\u0173 odai, nei kvapusis du\u0161o gelis prisotintas vitaminais ir mineralais.&nbsp;<\/p>\n","protected":false},"excerpt":{"rendered":"<p>Ry\u0161kaus dizaino, sud\u0117tyje unikal\u016bs, nat\u016bral\u016bs, organiniai ekstraktai, i\u0161gaunami i\u0161 augal\u0173, auginam\u0173 Organiniuose Natura Siberica \u016bkiuose. Tonizuojanti du\u0161o \u017eel\u0117 praturtinta Kam\u010diatkos siauralapio gaurome\u010dio ir rausvosios radiol\u0117s ekstraktais. Puikiai putoja, \u0161velniai valo od\u0105, didina jos elastingum\u0105, glotnina ir \u0161velnina od\u0105. Pasi\u017eymi maloniu, gaivinan\u010diu aromatu. Nieko n\u0117ra geriau j\u016bs\u0173 odai, nei kvapusis du\u0161o gelis prisotintas vitaminais ir mineralais.&nbsp;<\/p>\n","protected":false},"featured_media":85054,"template":"","meta":[],"product_cat":[1282],"product_tag":[],"class_list":{"0":"post-36306","1":"product","2":"type-product","3":"status-publish","4":"has-post-thumbnail","6":"product_brand-siberica_ee-lt","7":"product_cat-duso-geliai-ir-duso-aliejai","9":"first","10":"outofstock","11":"taxable","12":"shipping-taxable","13":"product-type-simple"},"_links":{"self":[{"href":"https:\/\/e.kosmolat.eu\/lt\/wp-json\/wp\/v2\/product\/36306","targetHints":{"allow":["GET"]}}],"collection":[{"href":"https:\/\/e.kosmolat.eu\/lt\/wp-json\/wp\/v2\/product"}],"about":[{"href":"https:\/\/e.kosmolat.eu\/lt\/wp-json\/wp\/v2\/types\/product"}],"wp:featuredmedia":[{"embeddable":true,"href":"https:\/\/e.kosmolat.eu\/lt\/wp-json\/wp\/v2\/media\/85054"}],"wp:attachment":[{"href":"https:\/\/e.kosmolat.eu\/lt\/wp-json\/wp\/v2\/media?parent=36306"}],"wp:term":[{"taxonomy":"product_cat","embeddable":true,"href":"https:\/\/e.kosmolat.eu\/lt\/wp-json\/wp\/v2\/product_cat?post=36306"},{"taxonomy":"product_tag","embeddable":true,"href":"https:\/\/e.kosmolat.eu\/lt\/wp-json\/wp\/v2\/product_tag?post=36306"}],"curies":[{"name":"wp","href":"https:\/\/api.w.org\/{rel}","templated":true}]}}